{"id":24064,"date":"2022-07-25T12:03:58","date_gmt":"2024-12-26T14:38:53","guid":{"rendered":"https:\/\/drmazarro.com\/producto\/acne-oil-control-pads\/"},"modified":"2025-01-03T20:49:16","modified_gmt":"2025-01-03T19:49:16","slug":"acne-oil-control-pads","status":"publish","type":"product","link":"https:\/\/drmazarro.com\/ca\/producto\/acne-oil-control-pads\/","title":{"rendered":"Acne Oil Control Pads"},"content":{"rendered":"<h2><em>Indicacions<\/em><\/h2>\n<p style=\"text-align: justify;\"><strong>Oil Control Pads Acne Treatment<\/strong> presenta una f\u00f3rmula triple d&#8217;\u00e0cids que redueix la formaci\u00f3 d&#8217;acne, controla la producci\u00f3 de greix i minimitza l&#8217;aparen\u00e7a dels porus. Ara amb material 100% vegetal sostenible, aquest tractament mant\u00e9 la seva efic\u00e0cia provada mentre dona suport a la responsabilitat ambiental.<\/p>\n<p>\u2022 Descongestiona els porus i redueix els brots<br \/>\n\u2022 Il\u00b7lumina les marques post-acne<br \/>\n\u2022 Controla l&#8217;exc\u00e9s de producci\u00f3 de greix<br \/>\n\u2022 Minimitza l&#8217;aparen\u00e7a dels porus<br \/>\n\u2022 Proporciona exfoliaci\u00f3 suau<br \/>\n\u2022 Presenta material de tovalloleta ecol\u00f2gic<br \/>\n\u2022 Adequat per a pells grasses i propenses a l&#8217;acne<\/p>\n<h2><em>Format<\/em><\/h2>\n<p style=\"text-align: justify;\">60 tovalloletes<\/p>\n<h2><em>Ingredients<\/em><\/h2>\n<p>\u2022 \u00c0cid Salic\u00edlic 2%<br \/>\n&#8211; Exfolia qu\u00edmicament la pell<br \/>\n&#8211; Elimina les impureses que obstrueixen els porus<br \/>\n&#8211; Tracta la formaci\u00f3 d&#8217;acne<\/p>\n<p>\u2022 Complex Avan\u00e7at d&#8217;\u00c0cids<br \/>\n&#8211; Cont\u00e9 \u00e0cid mand\u00e8lic<br \/>\n&#8211; Incorpora \u00e0cid glic\u00f2lic<br \/>\n&#8211; Redueix les marques post-acne<br \/>\n&#8211; Millora la textura de la pell<br \/>\n&#8211; Minimitza l&#8217;envermelliment visible<\/p>\n<p>\u2022 Tovalloletes de Viscosa<br \/>\n&#8211; Material 100% d&#8217;origen vegetal<br \/>\n&#8211; Proporciona suavitat suau<br \/>\n&#8211; Substitueix les part\u00edcules de micropl\u00e0stic<\/p>\n<h2><em>Com utilitzar Oil Control Pads Acne Treatment<\/em><\/h2>\n<p style=\"text-align: justify;\">Netejar la pell a fons abans de l&#8217;aplicaci\u00f3. Aplicar la tovalloleta a la zona afectada d&#8217;una a tres vegades al dia. Comen\u00e7ar amb una aplicaci\u00f3 di\u00e0ria, despr\u00e9s augmentar gradualment la freq\u00fc\u00e8ncia segons sigui necessari. Si s&#8217;experimenta sequedat o descamaci\u00f3, reduir a una vegada al dia o dies alterns. Important: Cont\u00e9 \u00e0cids alfa hidroxi (AHA) que poden augmentar la sensibilitat al sol &#8211; utilitzar protector solar i limitar l&#8217;exposici\u00f3 al sol durant l&#8217;\u00fas i durant una setmana despr\u00e9s.<\/p>\n","protected":false},"excerpt":{"rendered":"<div class=\"clearfix text-formatted field field--name-field-body-short field--type-text-long field--label-hidden field__item\">\n<p>Acne Oil Control Pads<\/p>\n<p>Aconsegueix-lo al preu m\u00ednim amb enviament GRATU\u00cfT &#8211; clica per saber-ne m\u00e9s!<\/p>\n<\/div>\n","protected":false},"featured_media":23987,"comment_status":"open","ping_status":"closed","template":"","meta":{"_acf_changed":false,"_monsterinsights_skip_tracking":false,"_monsterinsights_sitenote_active":false,"_monsterinsights_sitenote_note":"","_monsterinsights_sitenote_category":0},"product_brand":[],"product_cat":[250,234,222],"product_tag":[245],"class_list":{"0":"post-24064","1":"product","2":"type-product","3":"status-publish","4":"has-post-thumbnail","6":"product_cat-tots","7":"product_cat-tratamientos-antiacne-ca","8":"product_cat-zo-skin-health-ca","9":"product_tag-zo-skinhealth-by-zein-obagi-ca","11":"first","12":"instock","13":"shipping-taxable","14":"purchasable","15":"product-type-simple"},"acf":[],"yoast_head":"<!-- This site is optimized with the Yoast SEO plugin v27.3 - https:\/\/yoast.com\/product\/yoast-seo-wordpress\/ -->\n<title>Comprar Acne Oil Control Pads by ZO - Enviament Gratu\u00eft<\/title>\n<meta name=\"description\" content=\"Comprar Acne Oil Control Pads al millor preu amb ENVIAMENT GRATU\u00cfT. Encarrega online i rep els teus productes preferits a casa!\" \/>\n<meta name=\"robots\" content=\"index, follow, max-snippet:-1, max-image-preview:large, max-video-preview:-1\" \/>\n<link rel=\"canonical\" href=\"https:\/\/drmazarro.com\/ca\/producto\/acne-oil-control-pads\/\" \/>\n<meta property=\"og:locale\" content=\"ca_ES\" \/>\n<meta property=\"og:type\" content=\"article\" \/>\n<meta property=\"og:title\" content=\"Comprar Acne Oil Control Pads by ZO - Enviament Gratu\u00eft\" \/>\n<meta property=\"og:description\" content=\"Comprar Acne Oil Control Pads al millor preu amb ENVIAMENT GRATU\u00cfT. Encarrega online i rep els teus productes preferits a casa!\" \/>\n<meta property=\"og:url\" content=\"https:\/\/drmazarro.com\/ca\/producto\/acne-oil-control-pads\/\" \/>\n<meta property=\"og:site_name\" content=\"Dr. Mazarro\" \/>\n<meta property=\"article:publisher\" content=\"https:\/\/www.facebook.com\/Dr-Mazarro-Cirug%c3%ada-Est%c3%a9tica-Facial-en-Barcelona-101872084913358\/\" \/>\n<meta property=\"article:modified_time\" content=\"2025-01-03T19:49:16+00:00\" \/>\n<meta property=\"og:image\" content=\"https:\/\/drmazarro.com\/wp-content\/uploads\/2022\/07\/oil-control-pads-S.png\" \/>\n\t<meta property=\"og:image:width\" content=\"350\" \/>\n\t<meta property=\"og:image:height\" content=\"477\" \/>\n\t<meta property=\"og:image:type\" content=\"image\/png\" \/>\n<meta name=\"twitter:card\" content=\"summary_large_image\" \/>\n<meta name=\"twitter:label1\" content=\"Temps estimat de lectura\" \/>\n\t<meta name=\"twitter:data1\" content=\"2 minuts\" \/>\n<!-- \/ Yoast SEO plugin. -->","yoast_head_json":{"title":"Comprar Acne Oil Control Pads by ZO - Enviament Gratu\u00eft","description":"Comprar Acne Oil Control Pads al millor preu amb ENVIAMENT GRATU\u00cfT. Encarrega online i rep els teus productes preferits a casa!","robots":{"index":"index","follow":"follow","max-snippet":"max-snippet:-1","max-image-preview":"max-image-preview:large","max-video-preview":"max-video-preview:-1"},"canonical":"https:\/\/drmazarro.com\/ca\/producto\/acne-oil-control-pads\/","og_locale":"ca_ES","og_type":"article","og_title":"Comprar Acne Oil Control Pads by ZO - Enviament Gratu\u00eft","og_description":"Comprar Acne Oil Control Pads al millor preu amb ENVIAMENT GRATU\u00cfT. Encarrega online i rep els teus productes preferits a casa!","og_url":"https:\/\/drmazarro.com\/ca\/producto\/acne-oil-control-pads\/","og_site_name":"Dr. Mazarro","article_publisher":"https:\/\/www.facebook.com\/Dr-Mazarro-Cirug%c3%ada-Est%c3%a9tica-Facial-en-Barcelona-101872084913358\/","article_modified_time":"2025-01-03T19:49:16+00:00","og_image":[{"width":350,"height":477,"url":"https:\/\/drmazarro.com\/wp-content\/uploads\/2022\/07\/oil-control-pads-S.png","type":"image\/png"}],"twitter_card":"summary_large_image","twitter_misc":{"Temps estimat de lectura":"2 minuts"},"schema":{"@context":"https:\/\/schema.org","@graph":[{"@type":"WebPage","@id":"https:\/\/drmazarro.com\/ca\/producto\/acne-oil-control-pads\/","url":"https:\/\/drmazarro.com\/ca\/producto\/acne-oil-control-pads\/","name":"Comprar Acne Oil Control Pads by ZO - Enviament Gratu\u00eft","isPartOf":{"@id":"https:\/\/drmazarro.com\/ca\/#website"},"primaryImageOfPage":{"@id":"https:\/\/drmazarro.com\/ca\/producto\/acne-oil-control-pads\/#primaryimage"},"image":{"@id":"https:\/\/drmazarro.com\/ca\/producto\/acne-oil-control-pads\/#primaryimage"},"thumbnailUrl":"https:\/\/drmazarro.com\/wp-content\/uploads\/2022\/07\/oil-control-pads-S.png","datePublished":"2024-12-26T14:38:53+00:00","dateModified":"2025-01-03T19:49:16+00:00","description":"Comprar Acne Oil Control Pads al millor preu amb ENVIAMENT GRATU\u00cfT. Encarrega online i rep els teus productes preferits a casa!","breadcrumb":{"@id":"https:\/\/drmazarro.com\/ca\/producto\/acne-oil-control-pads\/#breadcrumb"},"inLanguage":"ca","potentialAction":[{"@type":"ReadAction","target":["https:\/\/drmazarro.com\/ca\/producto\/acne-oil-control-pads\/"]}]},{"@type":"ImageObject","inLanguage":"ca","@id":"https:\/\/drmazarro.com\/ca\/producto\/acne-oil-control-pads\/#primaryimage","url":"https:\/\/drmazarro.com\/wp-content\/uploads\/2022\/07\/oil-control-pads-S.png","contentUrl":"https:\/\/drmazarro.com\/wp-content\/uploads\/2022\/07\/oil-control-pads-S.png","width":350,"height":477,"caption":"oil control pads"},{"@type":"BreadcrumbList","@id":"https:\/\/drmazarro.com\/ca\/producto\/acne-oil-control-pads\/#breadcrumb","itemListElement":[{"@type":"ListItem","position":1,"name":"Portada","item":"https:\/\/drmazarro.com\/ca\/"},{"@type":"ListItem","position":2,"name":"Botiga on-line","item":"https:\/\/drmazarro.com\/ca\/botiga-online\/"},{"@type":"ListItem","position":3,"name":"Acne Oil Control Pads"}]},{"@type":"WebSite","@id":"https:\/\/drmazarro.com\/ca\/#website","url":"https:\/\/drmazarro.com\/ca\/","name":"Dr. Mazarro","description":"Cirug\u00eda y Medicina Est\u00e9tica Facial en Barcelona","publisher":{"@id":"https:\/\/drmazarro.com\/ca\/#organization"},"potentialAction":[{"@type":"SearchAction","target":{"@type":"EntryPoint","urlTemplate":"https:\/\/drmazarro.com\/ca\/?s={search_term_string}"},"query-input":{"@type":"PropertyValueSpecification","valueRequired":true,"valueName":"search_term_string"}}],"inLanguage":"ca"},{"@type":"Organization","@id":"https:\/\/drmazarro.com\/ca\/#organization","name":"Dr. Mazarro","url":"https:\/\/drmazarro.com\/ca\/","logo":{"@type":"ImageObject","inLanguage":"ca","@id":"https:\/\/drmazarro.com\/ca\/#\/schema\/logo\/image\/","url":"https:\/\/drmazarro.com\/wp-content\/uploads\/2024\/03\/AM-576.png","contentUrl":"https:\/\/drmazarro.com\/wp-content\/uploads\/2024\/03\/AM-576.png","width":576,"height":576,"caption":"Dr. Mazarro"},"image":{"@id":"https:\/\/drmazarro.com\/ca\/#\/schema\/logo\/image\/"},"sameAs":["https:\/\/www.facebook.com\/Dr-Mazarro-Cirug\u00eda-Est\u00e9tica-Facial-en-Barcelona-101872084913358\/","https:\/\/www.instagram.com\/drmazarro_alejandro\/"]}]}},"_links":{"self":[{"href":"https:\/\/drmazarro.com\/ca\/wp-json\/wp\/v2\/product\/24064","targetHints":{"allow":["GET"]}}],"collection":[{"href":"https:\/\/drmazarro.com\/ca\/wp-json\/wp\/v2\/product"}],"about":[{"href":"https:\/\/drmazarro.com\/ca\/wp-json\/wp\/v2\/types\/product"}],"replies":[{"embeddable":true,"href":"https:\/\/drmazarro.com\/ca\/wp-json\/wp\/v2\/comments?post=24064"}],"wp:featuredmedia":[{"embeddable":true,"href":"https:\/\/drmazarro.com\/ca\/wp-json\/wp\/v2\/media\/23987"}],"wp:attachment":[{"href":"https:\/\/drmazarro.com\/ca\/wp-json\/wp\/v2\/media?parent=24064"}],"wp:term":[{"taxonomy":"product_brand","embeddable":true,"href":"https:\/\/drmazarro.com\/ca\/wp-json\/wp\/v2\/product_brand?post=24064"},{"taxonomy":"product_cat","embeddable":true,"href":"https:\/\/drmazarro.com\/ca\/wp-json\/wp\/v2\/product_cat?post=24064"},{"taxonomy":"product_tag","embeddable":true,"href":"https:\/\/drmazarro.com\/ca\/wp-json\/wp\/v2\/product_tag?post=24064"}],"curies":[{"name":"wp","href":"https:\/\/api.w.org\/{rel}","templated":true}]}}