{"id":24056,"date":"2022-07-25T12:16:59","date_gmt":"2024-12-26T14:38:55","guid":{"rendered":"https:\/\/drmazarro.com\/producto\/brightalive-skin-brightener\/"},"modified":"2025-01-03T20:40:28","modified_gmt":"2025-01-03T19:40:28","slug":"brightalive-skin-brightener","status":"publish","type":"product","link":"https:\/\/drmazarro.com\/ca\/producto\/brightalive-skin-brightener\/","title":{"rendered":"Brightalive"},"content":{"rendered":"<h2><em>Indicacions<\/em><\/h2>\n<p style=\"text-align: justify;\">Un il\u00b7luminador de pell tecnol\u00f2gicament avan\u00e7at que funciona sense hidroquinona ni retinol. Nomenat un dels Millors Correctors de Taques Fosques per Harper&#8217;s Bazaar, aquesta f\u00f3rmula cl\u00ednicament provada augmenta la lluminositat, millora la claredat de la pell i desvaneix les taques fosques per a una complexi\u00f3 m\u00e9s uniforme i radiant.<\/p>\n<p>\u2022 Redueix l&#8217;aparen\u00e7a de les taques fosques<br \/>\n\u2022 Millora la lluminositat general de la pell<br \/>\n\u2022 Potencia la claredat cut\u00e0nia<br \/>\n\u2022 Proporciona hidrataci\u00f3 lleugera<br \/>\n\u2022 Adequat per a tots els tipus de pell<br \/>\n\u2022 F\u00f3rmula no irritant i suau<br \/>\n\u2022 Sense hidroquinona, sense retinol<\/p>\n<h2><em>Format<\/em><\/h2>\n<p style=\"text-align: justify;\">50mL<\/p>\n<h2><em>Ingredients<\/em><\/h2>\n<p>\u2022 Dron de P\u00e8ptids Intel\u00b7ligent<br \/>\n&#8211; P\u00e8ptid encapsulat de precisi\u00f3<br \/>\n&#8211; Permet una il\u00b7luminaci\u00f3 r\u00e0pida<br \/>\n&#8211; Tracta les taques fosques<\/p>\n<p>\u2022 \u00c0cid Tranex\u00e0mic<br \/>\n&#8211; Minimitza la decoloraci\u00f3<br \/>\n&#8211; F\u00f3rmula no irritant<br \/>\n&#8211; Suau per\u00f2 efectiu<\/p>\n<p>\u2022 Niacinamida<br \/>\n&#8211; Derivat de la vitamina B3<br \/>\n&#8211; Redueix el to irregular<br \/>\n&#8211; Dona suport a la funci\u00f3 barrera<\/p>\n<p>\u2022 Papa\u00efna<br \/>\n&#8211; Proporciona exfoliaci\u00f3 enzim\u00e0tica suau<br \/>\n&#8211; Millora la textura de la pell<br \/>\n&#8211; Millora el to cutani<\/p>\n<p>\u2022 Complex Calmant<br \/>\n&#8211; Cont\u00e9 beta gluc\u00e0<br \/>\n&#8211; Incorpora derivat de regal\u00e8ssia<br \/>\n&#8211; Suavitza i calma la pell<\/p>\n<h2><em>Com utilitzar Brightalive<\/em><\/h2>\n<p style=\"text-align: justify;\">Aplicar sobre la pell neta i seca mat\u00ed i nit. Massatjar suaument fins a la seva absorci\u00f3. Es pot utilitzar sol o en capes amb altres tractaments ZO segons les necessitats de la pell.<\/p>\n","protected":false},"excerpt":{"rendered":"<div class=\"clearfix text-formatted field field--name-field-body-short field--type-text-long field--label-hidden field__item\">\n<p>Brightalive Skin Brightener<\/p>\n<p>Aconsegueix-lo al preu m\u00ednim amb enviament GRATU\u00cfT &#8211; clica per saber-ne m\u00e9s!<\/p>\n<\/div>\n","protected":false},"featured_media":23973,"comment_status":"open","ping_status":"closed","template":"","meta":{"_acf_changed":false,"_monsterinsights_skip_tracking":false,"_monsterinsights_sitenote_active":false,"_monsterinsights_sitenote_note":"","_monsterinsights_sitenote_category":0},"product_brand":[],"product_cat":[226,250,222],"product_tag":[245],"class_list":{"0":"post-24056","1":"product","2":"type-product","3":"status-publish","4":"has-post-thumbnail","6":"product_cat-hiperpigmentacion-ca","7":"product_cat-tots","8":"product_cat-zo-skin-health-ca","9":"product_tag-zo-skinhealth-by-zein-obagi-ca","11":"first","12":"instock","13":"shipping-taxable","14":"purchasable","15":"product-type-simple"},"acf":[],"yoast_head":"<!-- This site is optimized with the Yoast SEO plugin v27.3 - https:\/\/yoast.com\/product\/yoast-seo-wordpress\/ -->\n<title>Comprar Brightalive by ZO SkinHealth - Enviament Gratu\u00eft<\/title>\n<meta name=\"description\" content=\"Comprar Brightalive de ZO SkinHealth al millor preu amb ENVIAMENT GRATU\u00cfT. Encarrega online i rep els teus productes preferits a casa!\" \/>\n<meta name=\"robots\" content=\"index, follow, max-snippet:-1, max-image-preview:large, max-video-preview:-1\" \/>\n<link rel=\"canonical\" href=\"https:\/\/drmazarro.com\/ca\/producto\/brightalive-skin-brightener\/\" \/>\n<meta property=\"og:locale\" content=\"ca_ES\" \/>\n<meta property=\"og:type\" content=\"article\" \/>\n<meta property=\"og:title\" content=\"Comprar Brightalive by ZO SkinHealth - Enviament Gratu\u00eft\" \/>\n<meta property=\"og:description\" content=\"Comprar Brightalive de ZO SkinHealth al millor preu amb ENVIAMENT GRATU\u00cfT. Encarrega online i rep els teus productes preferits a casa!\" \/>\n<meta property=\"og:url\" content=\"https:\/\/drmazarro.com\/ca\/producto\/brightalive-skin-brightener\/\" \/>\n<meta property=\"og:site_name\" content=\"Dr. Mazarro\" \/>\n<meta property=\"article:publisher\" content=\"https:\/\/www.facebook.com\/Dr-Mazarro-Cirug%c3%ada-Est%c3%a9tica-Facial-en-Barcelona-101872084913358\/\" \/>\n<meta property=\"article:modified_time\" content=\"2025-01-03T19:40:28+00:00\" \/>\n<meta property=\"og:image\" content=\"https:\/\/drmazarro.com\/wp-content\/uploads\/2022\/07\/brightalive-S.png\" \/>\n\t<meta property=\"og:image:width\" content=\"350\" \/>\n\t<meta property=\"og:image:height\" content=\"477\" \/>\n\t<meta property=\"og:image:type\" content=\"image\/png\" \/>\n<meta name=\"twitter:card\" content=\"summary_large_image\" \/>\n<meta name=\"twitter:label1\" content=\"Temps estimat de lectura\" \/>\n\t<meta name=\"twitter:data1\" content=\"2 minuts\" \/>\n<!-- \/ Yoast SEO plugin. -->","yoast_head_json":{"title":"Comprar Brightalive by ZO SkinHealth - Enviament Gratu\u00eft","description":"Comprar Brightalive de ZO SkinHealth al millor preu amb ENVIAMENT GRATU\u00cfT. Encarrega online i rep els teus productes preferits a casa!","robots":{"index":"index","follow":"follow","max-snippet":"max-snippet:-1","max-image-preview":"max-image-preview:large","max-video-preview":"max-video-preview:-1"},"canonical":"https:\/\/drmazarro.com\/ca\/producto\/brightalive-skin-brightener\/","og_locale":"ca_ES","og_type":"article","og_title":"Comprar Brightalive by ZO SkinHealth - Enviament Gratu\u00eft","og_description":"Comprar Brightalive de ZO SkinHealth al millor preu amb ENVIAMENT GRATU\u00cfT. Encarrega online i rep els teus productes preferits a casa!","og_url":"https:\/\/drmazarro.com\/ca\/producto\/brightalive-skin-brightener\/","og_site_name":"Dr. Mazarro","article_publisher":"https:\/\/www.facebook.com\/Dr-Mazarro-Cirug%c3%ada-Est%c3%a9tica-Facial-en-Barcelona-101872084913358\/","article_modified_time":"2025-01-03T19:40:28+00:00","og_image":[{"width":350,"height":477,"url":"https:\/\/drmazarro.com\/wp-content\/uploads\/2022\/07\/brightalive-S.png","type":"image\/png"}],"twitter_card":"summary_large_image","twitter_misc":{"Temps estimat de lectura":"2 minuts"},"schema":{"@context":"https:\/\/schema.org","@graph":[{"@type":"WebPage","@id":"https:\/\/drmazarro.com\/ca\/producto\/brightalive-skin-brightener\/","url":"https:\/\/drmazarro.com\/ca\/producto\/brightalive-skin-brightener\/","name":"Comprar Brightalive by ZO SkinHealth - Enviament Gratu\u00eft","isPartOf":{"@id":"https:\/\/drmazarro.com\/ca\/#website"},"primaryImageOfPage":{"@id":"https:\/\/drmazarro.com\/ca\/producto\/brightalive-skin-brightener\/#primaryimage"},"image":{"@id":"https:\/\/drmazarro.com\/ca\/producto\/brightalive-skin-brightener\/#primaryimage"},"thumbnailUrl":"https:\/\/drmazarro.com\/wp-content\/uploads\/2022\/07\/brightalive-S.png","datePublished":"2024-12-26T14:38:55+00:00","dateModified":"2025-01-03T19:40:28+00:00","description":"Comprar Brightalive de ZO SkinHealth al millor preu amb ENVIAMENT GRATU\u00cfT. Encarrega online i rep els teus productes preferits a casa!","breadcrumb":{"@id":"https:\/\/drmazarro.com\/ca\/producto\/brightalive-skin-brightener\/#breadcrumb"},"inLanguage":"ca","potentialAction":[{"@type":"ReadAction","target":["https:\/\/drmazarro.com\/ca\/producto\/brightalive-skin-brightener\/"]}]},{"@type":"ImageObject","inLanguage":"ca","@id":"https:\/\/drmazarro.com\/ca\/producto\/brightalive-skin-brightener\/#primaryimage","url":"https:\/\/drmazarro.com\/wp-content\/uploads\/2022\/07\/brightalive-S.png","contentUrl":"https:\/\/drmazarro.com\/wp-content\/uploads\/2022\/07\/brightalive-S.png","width":350,"height":477,"caption":"brightalive"},{"@type":"BreadcrumbList","@id":"https:\/\/drmazarro.com\/ca\/producto\/brightalive-skin-brightener\/#breadcrumb","itemListElement":[{"@type":"ListItem","position":1,"name":"Portada","item":"https:\/\/drmazarro.com\/ca\/"},{"@type":"ListItem","position":2,"name":"Botiga on-line","item":"https:\/\/drmazarro.com\/ca\/botiga-online\/"},{"@type":"ListItem","position":3,"name":"Brightalive"}]},{"@type":"WebSite","@id":"https:\/\/drmazarro.com\/ca\/#website","url":"https:\/\/drmazarro.com\/ca\/","name":"Dr. Mazarro","description":"Cirug\u00eda y Medicina Est\u00e9tica Facial en Barcelona","publisher":{"@id":"https:\/\/drmazarro.com\/ca\/#organization"},"potentialAction":[{"@type":"SearchAction","target":{"@type":"EntryPoint","urlTemplate":"https:\/\/drmazarro.com\/ca\/?s={search_term_string}"},"query-input":{"@type":"PropertyValueSpecification","valueRequired":true,"valueName":"search_term_string"}}],"inLanguage":"ca"},{"@type":"Organization","@id":"https:\/\/drmazarro.com\/ca\/#organization","name":"Dr. Mazarro","url":"https:\/\/drmazarro.com\/ca\/","logo":{"@type":"ImageObject","inLanguage":"ca","@id":"https:\/\/drmazarro.com\/ca\/#\/schema\/logo\/image\/","url":"https:\/\/drmazarro.com\/wp-content\/uploads\/2024\/03\/AM-576.png","contentUrl":"https:\/\/drmazarro.com\/wp-content\/uploads\/2024\/03\/AM-576.png","width":576,"height":576,"caption":"Dr. Mazarro"},"image":{"@id":"https:\/\/drmazarro.com\/ca\/#\/schema\/logo\/image\/"},"sameAs":["https:\/\/www.facebook.com\/Dr-Mazarro-Cirug\u00eda-Est\u00e9tica-Facial-en-Barcelona-101872084913358\/","https:\/\/www.instagram.com\/drmazarro_alejandro\/"]}]}},"_links":{"self":[{"href":"https:\/\/drmazarro.com\/ca\/wp-json\/wp\/v2\/product\/24056","targetHints":{"allow":["GET"]}}],"collection":[{"href":"https:\/\/drmazarro.com\/ca\/wp-json\/wp\/v2\/product"}],"about":[{"href":"https:\/\/drmazarro.com\/ca\/wp-json\/wp\/v2\/types\/product"}],"replies":[{"embeddable":true,"href":"https:\/\/drmazarro.com\/ca\/wp-json\/wp\/v2\/comments?post=24056"}],"wp:featuredmedia":[{"embeddable":true,"href":"https:\/\/drmazarro.com\/ca\/wp-json\/wp\/v2\/media\/23973"}],"wp:attachment":[{"href":"https:\/\/drmazarro.com\/ca\/wp-json\/wp\/v2\/media?parent=24056"}],"wp:term":[{"taxonomy":"product_brand","embeddable":true,"href":"https:\/\/drmazarro.com\/ca\/wp-json\/wp\/v2\/product_brand?post=24056"},{"taxonomy":"product_cat","embeddable":true,"href":"https:\/\/drmazarro.com\/ca\/wp-json\/wp\/v2\/product_cat?post=24056"},{"taxonomy":"product_tag","embeddable":true,"href":"https:\/\/drmazarro.com\/ca\/wp-json\/wp\/v2\/product_tag?post=24056"}],"curies":[{"name":"wp","href":"https:\/\/api.w.org\/{rel}","templated":true}]}}