{"id":24048,"date":"2022-07-25T12:27:20","date_gmt":"2024-12-26T14:38:57","guid":{"rendered":"https:\/\/drmazarro.com\/producto\/complexion-clearing-masque\/"},"modified":"2025-01-03T20:37:38","modified_gmt":"2025-01-03T19:37:38","slug":"complexion-clearing-masque","status":"publish","type":"product","link":"https:\/\/drmazarro.com\/ca\/producto\/complexion-clearing-masque\/","title":{"rendered":"Complexion Clearing Masque"},"content":{"rendered":"<h2><em>Indicacions<\/em><\/h2>\n<p style=\"text-align: justify;\">Una m\u00e0scara natural a base d&#8217;argila espec\u00edficament formulada per netejar els porus i absorbir l&#8217;exc\u00e9s de greix mentre mant\u00e9 la hidrataci\u00f3 de la pell. Aquesta f\u00f3rmula d&#8217;acci\u00f3 dual ajuda a prevenir futurs brots mentre assegura que la pell no s&#8217;assequi excessivament, fent-la ideal tant per a \u00fas general com per a tractament localitzat.<\/p>\n<p>\u2022 Absorbeix efica\u00e7ment l&#8217;exc\u00e9s de greix<br \/>\n\u2022 Neteja i desbloqueja els porus<br \/>\n\u2022 Funciona com a tractament localitzat per a imperfeccions<br \/>\n\u2022 Mant\u00e9 la hidrataci\u00f3 de la pell<br \/>\n\u2022 Prev\u00e9 la sequedat<br \/>\n\u2022 Adequada per a pells grasses i propenses a l&#8217;acne<br \/>\n\u2022 Proporciona beneficis de neteja profunda<\/p>\n<h2><em>Format<\/em><\/h2>\n<p style=\"text-align: justify;\">85g<\/p>\n<h2><em>Ingredients<\/em><\/h2>\n<p>\u2022 Sofre<br \/>\n&#8211; Minimitza el greix superficial<br \/>\n&#8211; Ajuda a controlar els brots<br \/>\n&#8211; Clarifica la pell<\/p>\n<p>\u2022 Glicerina<br \/>\n&#8211; Mant\u00e9 la hidrataci\u00f3 de la pell<br \/>\n&#8211; Prev\u00e9 la sequedat<br \/>\n&#8211; Equilibra els nivells d&#8217;hidrataci\u00f3<\/p>\n<p>\u2022 Complex d&#8217;Argila<br \/>\n&#8211; Cont\u00e9 caol\u00ed i bentonita<br \/>\n&#8211; Absorbeix l&#8217;exc\u00e9s de greix<br \/>\n&#8211; Elimina les impureses que obstrueixen els porus<br \/>\n&#8211; Purifica la pell<\/p>\n<h2><em>Com utilitzar Complexion Clearing Masque<\/em><\/h2>\n<p style=\"text-align: justify;\">Netejar la pell a fons abans de l&#8217;aplicaci\u00f3. Aplicar una capa fina a les zones afectades o utilitzar com a tractament localitzat dues vegades per setmana a la nit. Retirar amb aigua t\u00e8bia. Si s&#8217;experimenta sequedat o descamaci\u00f3, reduir a un \u00fas setmanal. Es pot integrar en la vostra rutina regular de cura de la pell per a resultats \u00f2ptims.<\/p>\n","protected":false},"excerpt":{"rendered":"<div class=\"clearfix text-formatted field field--name-field-body-short field--type-text-long field--label-hidden field__item\">\n<p>Complexion Clearing Masque<\/p>\n<p>Aconsegueix-lo al preu m\u00ednim amb enviament GRATU\u00cfT &#8211; clica per saber-ne m\u00e9s!<\/p>\n<\/div>\n","protected":false},"featured_media":23965,"comment_status":"open","ping_status":"closed","template":"","meta":{"_acf_changed":false,"_monsterinsights_skip_tracking":false,"_monsterinsights_sitenote_active":false,"_monsterinsights_sitenote_note":"","_monsterinsights_sitenote_category":0},"product_brand":[],"product_cat":[250,234,222],"product_tag":[245],"class_list":{"0":"post-24048","1":"product","2":"type-product","3":"status-publish","4":"has-post-thumbnail","6":"product_cat-tots","7":"product_cat-tratamientos-antiacne-ca","8":"product_cat-zo-skin-health-ca","9":"product_tag-zo-skinhealth-by-zein-obagi-ca","11":"first","12":"instock","13":"shipping-taxable","14":"purchasable","15":"product-type-simple"},"acf":[],"yoast_head":"<!-- This site is optimized with the Yoast SEO plugin v27.3 - https:\/\/yoast.com\/product\/yoast-seo-wordpress\/ -->\n<title>Comprar Complexion Clearing Masque by ZO SkinHealth - Enviament Gratu\u00eft<\/title>\n<meta name=\"description\" content=\"Comprar Complexion Clearing Masque al millor preu amb ENVIAMENT GRATU\u00cfT. Encarrega online i rep els teus productes preferits a casa!\" \/>\n<meta name=\"robots\" content=\"index, follow, max-snippet:-1, max-image-preview:large, max-video-preview:-1\" \/>\n<link rel=\"canonical\" href=\"https:\/\/drmazarro.com\/ca\/producto\/complexion-clearing-masque\/\" \/>\n<meta property=\"og:locale\" content=\"ca_ES\" \/>\n<meta property=\"og:type\" content=\"article\" \/>\n<meta property=\"og:title\" content=\"Comprar Complexion Clearing Masque by ZO SkinHealth - Enviament Gratu\u00eft\" \/>\n<meta property=\"og:description\" content=\"Comprar Complexion Clearing Masque al millor preu amb ENVIAMENT GRATU\u00cfT. Encarrega online i rep els teus productes preferits a casa!\" \/>\n<meta property=\"og:url\" content=\"https:\/\/drmazarro.com\/ca\/producto\/complexion-clearing-masque\/\" \/>\n<meta property=\"og:site_name\" content=\"Dr. Mazarro\" \/>\n<meta property=\"article:publisher\" content=\"https:\/\/www.facebook.com\/Dr-Mazarro-Cirug%c3%ada-Est%c3%a9tica-Facial-en-Barcelona-101872084913358\/\" \/>\n<meta property=\"article:modified_time\" content=\"2025-01-03T19:37:38+00:00\" \/>\n<meta property=\"og:image\" content=\"https:\/\/drmazarro.com\/wp-content\/uploads\/2022\/07\/complexion-clearing-masque-S.png\" \/>\n\t<meta property=\"og:image:width\" content=\"350\" \/>\n\t<meta property=\"og:image:height\" content=\"477\" \/>\n\t<meta property=\"og:image:type\" content=\"image\/png\" \/>\n<meta name=\"twitter:card\" content=\"summary_large_image\" \/>\n<meta name=\"twitter:label1\" content=\"Temps estimat de lectura\" \/>\n\t<meta name=\"twitter:data1\" content=\"2 minuts\" \/>\n<!-- \/ Yoast SEO plugin. -->","yoast_head_json":{"title":"Comprar Complexion Clearing Masque by ZO SkinHealth - Enviament Gratu\u00eft","description":"Comprar Complexion Clearing Masque al millor preu amb ENVIAMENT GRATU\u00cfT. Encarrega online i rep els teus productes preferits a casa!","robots":{"index":"index","follow":"follow","max-snippet":"max-snippet:-1","max-image-preview":"max-image-preview:large","max-video-preview":"max-video-preview:-1"},"canonical":"https:\/\/drmazarro.com\/ca\/producto\/complexion-clearing-masque\/","og_locale":"ca_ES","og_type":"article","og_title":"Comprar Complexion Clearing Masque by ZO SkinHealth - Enviament Gratu\u00eft","og_description":"Comprar Complexion Clearing Masque al millor preu amb ENVIAMENT GRATU\u00cfT. Encarrega online i rep els teus productes preferits a casa!","og_url":"https:\/\/drmazarro.com\/ca\/producto\/complexion-clearing-masque\/","og_site_name":"Dr. Mazarro","article_publisher":"https:\/\/www.facebook.com\/Dr-Mazarro-Cirug%c3%ada-Est%c3%a9tica-Facial-en-Barcelona-101872084913358\/","article_modified_time":"2025-01-03T19:37:38+00:00","og_image":[{"width":350,"height":477,"url":"https:\/\/drmazarro.com\/wp-content\/uploads\/2022\/07\/complexion-clearing-masque-S.png","type":"image\/png"}],"twitter_card":"summary_large_image","twitter_misc":{"Temps estimat de lectura":"2 minuts"},"schema":{"@context":"https:\/\/schema.org","@graph":[{"@type":"WebPage","@id":"https:\/\/drmazarro.com\/ca\/producto\/complexion-clearing-masque\/","url":"https:\/\/drmazarro.com\/ca\/producto\/complexion-clearing-masque\/","name":"Comprar Complexion Clearing Masque by ZO SkinHealth - Enviament Gratu\u00eft","isPartOf":{"@id":"https:\/\/drmazarro.com\/ca\/#website"},"primaryImageOfPage":{"@id":"https:\/\/drmazarro.com\/ca\/producto\/complexion-clearing-masque\/#primaryimage"},"image":{"@id":"https:\/\/drmazarro.com\/ca\/producto\/complexion-clearing-masque\/#primaryimage"},"thumbnailUrl":"https:\/\/drmazarro.com\/wp-content\/uploads\/2022\/07\/complexion-clearing-masque-S.png","datePublished":"2024-12-26T14:38:57+00:00","dateModified":"2025-01-03T19:37:38+00:00","description":"Comprar Complexion Clearing Masque al millor preu amb ENVIAMENT GRATU\u00cfT. Encarrega online i rep els teus productes preferits a casa!","breadcrumb":{"@id":"https:\/\/drmazarro.com\/ca\/producto\/complexion-clearing-masque\/#breadcrumb"},"inLanguage":"ca","potentialAction":[{"@type":"ReadAction","target":["https:\/\/drmazarro.com\/ca\/producto\/complexion-clearing-masque\/"]}]},{"@type":"ImageObject","inLanguage":"ca","@id":"https:\/\/drmazarro.com\/ca\/producto\/complexion-clearing-masque\/#primaryimage","url":"https:\/\/drmazarro.com\/wp-content\/uploads\/2022\/07\/complexion-clearing-masque-S.png","contentUrl":"https:\/\/drmazarro.com\/wp-content\/uploads\/2022\/07\/complexion-clearing-masque-S.png","width":350,"height":477,"caption":"complexion clearing masque"},{"@type":"BreadcrumbList","@id":"https:\/\/drmazarro.com\/ca\/producto\/complexion-clearing-masque\/#breadcrumb","itemListElement":[{"@type":"ListItem","position":1,"name":"Portada","item":"https:\/\/drmazarro.com\/ca\/"},{"@type":"ListItem","position":2,"name":"Botiga on-line","item":"https:\/\/drmazarro.com\/ca\/botiga-online\/"},{"@type":"ListItem","position":3,"name":"Complexion Clearing Masque"}]},{"@type":"WebSite","@id":"https:\/\/drmazarro.com\/ca\/#website","url":"https:\/\/drmazarro.com\/ca\/","name":"Dr. Mazarro","description":"Cirug\u00eda y Medicina Est\u00e9tica Facial en Barcelona","publisher":{"@id":"https:\/\/drmazarro.com\/ca\/#organization"},"potentialAction":[{"@type":"SearchAction","target":{"@type":"EntryPoint","urlTemplate":"https:\/\/drmazarro.com\/ca\/?s={search_term_string}"},"query-input":{"@type":"PropertyValueSpecification","valueRequired":true,"valueName":"search_term_string"}}],"inLanguage":"ca"},{"@type":"Organization","@id":"https:\/\/drmazarro.com\/ca\/#organization","name":"Dr. Mazarro","url":"https:\/\/drmazarro.com\/ca\/","logo":{"@type":"ImageObject","inLanguage":"ca","@id":"https:\/\/drmazarro.com\/ca\/#\/schema\/logo\/image\/","url":"https:\/\/drmazarro.com\/wp-content\/uploads\/2024\/03\/AM-576.png","contentUrl":"https:\/\/drmazarro.com\/wp-content\/uploads\/2024\/03\/AM-576.png","width":576,"height":576,"caption":"Dr. Mazarro"},"image":{"@id":"https:\/\/drmazarro.com\/ca\/#\/schema\/logo\/image\/"},"sameAs":["https:\/\/www.facebook.com\/Dr-Mazarro-Cirug\u00eda-Est\u00e9tica-Facial-en-Barcelona-101872084913358\/","https:\/\/www.instagram.com\/drmazarro_alejandro\/"]}]}},"_links":{"self":[{"href":"https:\/\/drmazarro.com\/ca\/wp-json\/wp\/v2\/product\/24048","targetHints":{"allow":["GET"]}}],"collection":[{"href":"https:\/\/drmazarro.com\/ca\/wp-json\/wp\/v2\/product"}],"about":[{"href":"https:\/\/drmazarro.com\/ca\/wp-json\/wp\/v2\/types\/product"}],"replies":[{"embeddable":true,"href":"https:\/\/drmazarro.com\/ca\/wp-json\/wp\/v2\/comments?post=24048"}],"wp:featuredmedia":[{"embeddable":true,"href":"https:\/\/drmazarro.com\/ca\/wp-json\/wp\/v2\/media\/23965"}],"wp:attachment":[{"href":"https:\/\/drmazarro.com\/ca\/wp-json\/wp\/v2\/media?parent=24048"}],"wp:term":[{"taxonomy":"product_brand","embeddable":true,"href":"https:\/\/drmazarro.com\/ca\/wp-json\/wp\/v2\/product_brand?post=24048"},{"taxonomy":"product_cat","embeddable":true,"href":"https:\/\/drmazarro.com\/ca\/wp-json\/wp\/v2\/product_cat?post=24048"},{"taxonomy":"product_tag","embeddable":true,"href":"https:\/\/drmazarro.com\/ca\/wp-json\/wp\/v2\/product_tag?post=24048"}],"curies":[{"name":"wp","href":"https:\/\/api.w.org\/{rel}","templated":true}]}}