{"id":24045,"date":"2022-07-25T12:29:11","date_gmt":"2024-12-26T14:38:56","guid":{"rendered":"https:\/\/drmazarro.com\/producto\/complexion-renewal-pads\/"},"modified":"2025-01-03T20:36:42","modified_gmt":"2025-01-03T19:36:42","slug":"complexion-renewal-pads","status":"publish","type":"product","link":"https:\/\/drmazarro.com\/ca\/producto\/complexion-renewal-pads\/","title":{"rendered":"Complexion Renewal Pads"},"content":{"rendered":"<h2><em>Indicacions<\/em><\/h2>\n<p style=\"text-align: justify;\">Tovalloletes exfoliants avan\u00e7ades que eliminen efica\u00e7ment l&#8217;exc\u00e9s de greix superficial i les impureses que obstrueixen els porus. Ara amb material 100% vegetal sostenible, aquesta f\u00f3rmula mant\u00e9 la seva efic\u00e0cia provada mentre dona suport a la responsabilitat ambiental. La nova textura de la tovalloleta ofereix els mateixos resultats potents amb un enfocament respectu\u00f3s amb el medi ambient.<\/p>\n<p>\u2022 Il\u00b7lumina l&#8217;aparen\u00e7a de la pell<br \/>\n\u2022 Clarifica i descongestiona els porus<br \/>\n\u2022 Proporciona exfoliaci\u00f3 suau<br \/>\n\u2022 Presenta f\u00f3rmula no dessecant<br \/>\n\u2022 Adequat per a tots els tipus de pell<br \/>\n\u2022 Disseny respectu\u00f3s amb el medi ambient<br \/>\n\u2022 Mant\u00e9 la hidrataci\u00f3 de la pell<\/p>\n<h2><em>Format<\/em><\/h2>\n<p style=\"text-align: justify;\">60 tovalloletes<\/p>\n<h2><em>Ingredients<\/em><\/h2>\n<p>\u2022 \u00c0cids Exfoliants<br \/>\n&#8211; Cont\u00e9 \u00e0cid glic\u00f2lic<br \/>\n&#8211; Incorpora \u00e0cid salic\u00edlic<br \/>\n&#8211; Suavitza la textura de la pell<br \/>\n&#8211; Il\u00b7lumina la complexi\u00f3<br \/>\n&#8211; Descongestiona els porus<\/p>\n<p>\u2022 Barreja d&#8217;Extractes Bot\u00e0nics<br \/>\n&#8211; Proporciona beneficis antioxidants<br \/>\n&#8211; Dona suport a la salut de la pell<br \/>\n&#8211; Millora els resultats<\/p>\n<p>\u2022 Tovalloletes de Viscosa<br \/>\n&#8211; Material 100% d&#8217;origen vegetal<br \/>\n&#8211; Proporciona beneficis suavitzants suaus<br \/>\n&#8211; Alternativa ecol\u00f2gica<br \/>\n&#8211; Substitueix les part\u00edcules de micropl\u00e0stic<\/p>\n<h2><em>Com utilitzar Complexion Renewal Pads<\/em><\/h2>\n<p style=\"text-align: justify;\">Passar suaument la tovalloleta sobre la cara neta i seca mat\u00ed i nit. Deixar que la soluci\u00f3 s&#8217;assequi sobre la pell. Per a millors resultats, continuar amb la resta del vostre R\u00e8gim Getting Skin Ready\u00ae.<\/p>\n","protected":false},"excerpt":{"rendered":"<div class=\"clearfix text-formatted field field--name-field-body-short field--type-text-long field--label-hidden field__item\">\n<p>Complexion Renewal Pads<\/p>\n<p>Aconsegueix-lo al preu m\u00ednim amb enviament GRATU\u00cfT &#8211; clica per saber-ne m\u00e9s!<\/p>\n<\/div>\n","protected":false},"featured_media":5294,"comment_status":"open","ping_status":"closed","template":"","meta":{"_acf_changed":false,"_monsterinsights_skip_tracking":false,"_monsterinsights_sitenote_active":false,"_monsterinsights_sitenote_note":"","_monsterinsights_sitenote_category":0},"product_brand":[],"product_cat":[250,234,222],"product_tag":[245],"class_list":{"0":"post-24045","1":"product","2":"type-product","3":"status-publish","4":"has-post-thumbnail","6":"product_cat-tots","7":"product_cat-tratamientos-antiacne-ca","8":"product_cat-zo-skin-health-ca","9":"product_tag-zo-skinhealth-by-zein-obagi-ca","11":"first","12":"instock","13":"shipping-taxable","14":"purchasable","15":"product-type-simple"},"acf":[],"yoast_head":"<!-- This site is optimized with the Yoast SEO plugin v27.3 - https:\/\/yoast.com\/product\/yoast-seo-wordpress\/ -->\n<title>Comprar Complexion Renewal Pads by ZO - Enviament Gratu\u00eft<\/title>\n<meta name=\"description\" content=\"Comprar Complexion Renewal Pads al millor preu amb ENVIAMENT GRATU\u00cfT. Encarrega online i rep els teus productes preferits a casa!\" \/>\n<meta name=\"robots\" content=\"index, follow, max-snippet:-1, max-image-preview:large, max-video-preview:-1\" \/>\n<link rel=\"canonical\" href=\"https:\/\/drmazarro.com\/ca\/producto\/complexion-renewal-pads\/\" \/>\n<meta property=\"og:locale\" content=\"ca_ES\" \/>\n<meta property=\"og:type\" content=\"article\" \/>\n<meta property=\"og:title\" content=\"Comprar Complexion Renewal Pads by ZO - Enviament Gratu\u00eft\" \/>\n<meta property=\"og:description\" content=\"Comprar Complexion Renewal Pads al millor preu amb ENVIAMENT GRATU\u00cfT. Encarrega online i rep els teus productes preferits a casa!\" \/>\n<meta property=\"og:url\" content=\"https:\/\/drmazarro.com\/ca\/producto\/complexion-renewal-pads\/\" \/>\n<meta property=\"og:site_name\" content=\"Dr. Mazarro\" \/>\n<meta property=\"article:publisher\" content=\"https:\/\/www.facebook.com\/Dr-Mazarro-Cirug%c3%ada-Est%c3%a9tica-Facial-en-Barcelona-101872084913358\/\" \/>\n<meta property=\"article:modified_time\" content=\"2025-01-03T19:36:42+00:00\" \/>\n<meta property=\"og:image\" content=\"https:\/\/drmazarro.com\/wp-content\/uploads\/2021\/03\/complexion-RP.jpg\" \/>\n\t<meta property=\"og:image:width\" content=\"400\" \/>\n\t<meta property=\"og:image:height\" content=\"400\" \/>\n\t<meta property=\"og:image:type\" content=\"image\/jpeg\" \/>\n<meta name=\"twitter:card\" content=\"summary_large_image\" \/>\n<meta name=\"twitter:label1\" content=\"Temps estimat de lectura\" \/>\n\t<meta name=\"twitter:data1\" content=\"1 minut\" \/>\n<!-- \/ Yoast SEO plugin. -->","yoast_head_json":{"title":"Comprar Complexion Renewal Pads by ZO - Enviament Gratu\u00eft","description":"Comprar Complexion Renewal Pads al millor preu amb ENVIAMENT GRATU\u00cfT. Encarrega online i rep els teus productes preferits a casa!","robots":{"index":"index","follow":"follow","max-snippet":"max-snippet:-1","max-image-preview":"max-image-preview:large","max-video-preview":"max-video-preview:-1"},"canonical":"https:\/\/drmazarro.com\/ca\/producto\/complexion-renewal-pads\/","og_locale":"ca_ES","og_type":"article","og_title":"Comprar Complexion Renewal Pads by ZO - Enviament Gratu\u00eft","og_description":"Comprar Complexion Renewal Pads al millor preu amb ENVIAMENT GRATU\u00cfT. Encarrega online i rep els teus productes preferits a casa!","og_url":"https:\/\/drmazarro.com\/ca\/producto\/complexion-renewal-pads\/","og_site_name":"Dr. Mazarro","article_publisher":"https:\/\/www.facebook.com\/Dr-Mazarro-Cirug%c3%ada-Est%c3%a9tica-Facial-en-Barcelona-101872084913358\/","article_modified_time":"2025-01-03T19:36:42+00:00","og_image":[{"width":400,"height":400,"url":"https:\/\/drmazarro.com\/wp-content\/uploads\/2021\/03\/complexion-RP.jpg","type":"image\/jpeg"}],"twitter_card":"summary_large_image","twitter_misc":{"Temps estimat de lectura":"1 minut"},"schema":{"@context":"https:\/\/schema.org","@graph":[{"@type":"WebPage","@id":"https:\/\/drmazarro.com\/ca\/producto\/complexion-renewal-pads\/","url":"https:\/\/drmazarro.com\/ca\/producto\/complexion-renewal-pads\/","name":"Comprar Complexion Renewal Pads by ZO - Enviament Gratu\u00eft","isPartOf":{"@id":"https:\/\/drmazarro.com\/ca\/#website"},"primaryImageOfPage":{"@id":"https:\/\/drmazarro.com\/ca\/producto\/complexion-renewal-pads\/#primaryimage"},"image":{"@id":"https:\/\/drmazarro.com\/ca\/producto\/complexion-renewal-pads\/#primaryimage"},"thumbnailUrl":"https:\/\/drmazarro.com\/wp-content\/uploads\/2021\/03\/complexion-RP.jpg","datePublished":"2024-12-26T14:38:56+00:00","dateModified":"2025-01-03T19:36:42+00:00","description":"Comprar Complexion Renewal Pads al millor preu amb ENVIAMENT GRATU\u00cfT. Encarrega online i rep els teus productes preferits a casa!","breadcrumb":{"@id":"https:\/\/drmazarro.com\/ca\/producto\/complexion-renewal-pads\/#breadcrumb"},"inLanguage":"ca","potentialAction":[{"@type":"ReadAction","target":["https:\/\/drmazarro.com\/ca\/producto\/complexion-renewal-pads\/"]}]},{"@type":"ImageObject","inLanguage":"ca","@id":"https:\/\/drmazarro.com\/ca\/producto\/complexion-renewal-pads\/#primaryimage","url":"https:\/\/drmazarro.com\/wp-content\/uploads\/2021\/03\/complexion-RP.jpg","contentUrl":"https:\/\/drmazarro.com\/wp-content\/uploads\/2021\/03\/complexion-RP.jpg","width":400,"height":400,"caption":"Comprar Complexion Renewal Pads by Zein Obagi - Dr. Mazarro"},{"@type":"BreadcrumbList","@id":"https:\/\/drmazarro.com\/ca\/producto\/complexion-renewal-pads\/#breadcrumb","itemListElement":[{"@type":"ListItem","position":1,"name":"Portada","item":"https:\/\/drmazarro.com\/ca\/"},{"@type":"ListItem","position":2,"name":"Botiga on-line","item":"https:\/\/drmazarro.com\/ca\/botiga-online\/"},{"@type":"ListItem","position":3,"name":"Complexion Renewal Pads"}]},{"@type":"WebSite","@id":"https:\/\/drmazarro.com\/ca\/#website","url":"https:\/\/drmazarro.com\/ca\/","name":"Dr. Mazarro","description":"Cirug\u00eda y Medicina Est\u00e9tica Facial en Barcelona","publisher":{"@id":"https:\/\/drmazarro.com\/ca\/#organization"},"potentialAction":[{"@type":"SearchAction","target":{"@type":"EntryPoint","urlTemplate":"https:\/\/drmazarro.com\/ca\/?s={search_term_string}"},"query-input":{"@type":"PropertyValueSpecification","valueRequired":true,"valueName":"search_term_string"}}],"inLanguage":"ca"},{"@type":"Organization","@id":"https:\/\/drmazarro.com\/ca\/#organization","name":"Dr. Mazarro","url":"https:\/\/drmazarro.com\/ca\/","logo":{"@type":"ImageObject","inLanguage":"ca","@id":"https:\/\/drmazarro.com\/ca\/#\/schema\/logo\/image\/","url":"https:\/\/drmazarro.com\/wp-content\/uploads\/2024\/03\/AM-576.png","contentUrl":"https:\/\/drmazarro.com\/wp-content\/uploads\/2024\/03\/AM-576.png","width":576,"height":576,"caption":"Dr. Mazarro"},"image":{"@id":"https:\/\/drmazarro.com\/ca\/#\/schema\/logo\/image\/"},"sameAs":["https:\/\/www.facebook.com\/Dr-Mazarro-Cirug\u00eda-Est\u00e9tica-Facial-en-Barcelona-101872084913358\/","https:\/\/www.instagram.com\/drmazarro_alejandro\/"]}]}},"_links":{"self":[{"href":"https:\/\/drmazarro.com\/ca\/wp-json\/wp\/v2\/product\/24045","targetHints":{"allow":["GET"]}}],"collection":[{"href":"https:\/\/drmazarro.com\/ca\/wp-json\/wp\/v2\/product"}],"about":[{"href":"https:\/\/drmazarro.com\/ca\/wp-json\/wp\/v2\/types\/product"}],"replies":[{"embeddable":true,"href":"https:\/\/drmazarro.com\/ca\/wp-json\/wp\/v2\/comments?post=24045"}],"wp:featuredmedia":[{"embeddable":true,"href":"https:\/\/drmazarro.com\/ca\/wp-json\/wp\/v2\/media\/5294"}],"wp:attachment":[{"href":"https:\/\/drmazarro.com\/ca\/wp-json\/wp\/v2\/media?parent=24045"}],"wp:term":[{"taxonomy":"product_brand","embeddable":true,"href":"https:\/\/drmazarro.com\/ca\/wp-json\/wp\/v2\/product_brand?post=24045"},{"taxonomy":"product_cat","embeddable":true,"href":"https:\/\/drmazarro.com\/ca\/wp-json\/wp\/v2\/product_cat?post=24045"},{"taxonomy":"product_tag","embeddable":true,"href":"https:\/\/drmazarro.com\/ca\/wp-json\/wp\/v2\/product_tag?post=24045"}],"curies":[{"name":"wp","href":"https:\/\/api.w.org\/{rel}","templated":true}]}}