{"id":24041,"date":"2022-07-25T12:33:19","date_gmt":"2024-12-26T14:39:05","guid":{"rendered":"https:\/\/drmazarro.com\/producto\/dual-action-scrub\/"},"modified":"2025-01-03T20:31:55","modified_gmt":"2025-01-03T19:31:55","slug":"dual-action-scrub","status":"publish","type":"product","link":"https:\/\/drmazarro.com\/ca\/producto\/dual-action-scrub\/","title":{"rendered":"Dual Action Scrub"},"content":{"rendered":"<h2><em>Indicacions<\/em><\/h2>\n<p style=\"text-align: justify;\">Un tractament exfoliant integral que combina exfoliaci\u00f3 qu\u00edmica i f\u00edsica per eliminar els brots i millorar la lluminositat de la pell. Nomenat un dels 25 Millors Exfoliants Facials per Reader&#8217;s Digest, aquesta f\u00f3rmula d&#8217;acci\u00f3 dual proporciona beneficis excepcionals de suavitat tant per a la cara com per al cos.<\/p>\n<p>\u2022 Proporciona exfoliaci\u00f3 dual qu\u00edmica i f\u00edsica<br \/>\n\u2022 Redueix l&#8217;exc\u00e9s de greix superficial<br \/>\n\u2022 Adequat per a \u00fas facial i corporal<br \/>\n\u2022 Promou una pell m\u00e9s neta i suau<br \/>\n\u2022 Millora la lluminositat natural<br \/>\n\u2022 Ajuda a prevenir els brots<br \/>\n\u2022 F\u00f3rmula no abrasiva<\/p>\n<h2><em>Format<\/em><\/h2>\n<p style=\"text-align: justify;\">116g<\/p>\n<h2><em>Ingredients<\/em><\/h2>\n<p>\u2022 Complex d&#8217;\u00c0cids<br \/>\n&#8211; Cont\u00e9 \u00e0cid l\u00e0ctic<br \/>\n&#8211; Incorpora \u00e0cid salic\u00edlic<br \/>\n&#8211; Exfolia qu\u00edmicament les c\u00e8l\u00b7lules mortes<br \/>\n&#8211; Descongestiona els porus<\/p>\n<p>\u2022 Perles de Cera Rodones<br \/>\n&#8211; Proporcionen exfoliaci\u00f3 f\u00edsica suau<br \/>\n&#8211; Composici\u00f3 respectuosa amb el medi ambient<br \/>\n&#8211; Acci\u00f3 no abrasiva<\/p>\n<p>\u2022 Complex ZO-RRS2\u00ae<br \/>\n&#8211; Tecnologia exclusiva de c\u00e8l\u00b7lules mare vegetals<br \/>\n&#8211; Neutralitza els radicals lliures<br \/>\n&#8211; Suavitza l&#8217;envermelliment visible<br \/>\n&#8211; Calma la pell<\/p>\n<h2><em>Com utilitzar Dual Action Scrub<\/em><\/h2>\n<p style=\"text-align: justify;\">Massatjar suaument una petita quantitat sobre la cara i el coll humits. Esbandir abundantment amb aigua t\u00e8bia. Es pot utilitzar tant a la cara com al cos. Per a millors resultats, continuar amb la resta del vostre R\u00e8gim Getting Skin Ready\u00ae.<\/p>\n","protected":false},"excerpt":{"rendered":"<div class=\"clearfix text-formatted field field--name-field-body-short field--type-text-long field--label-hidden field__item\">\n<p>Dual Action Scrub<\/p>\n<p>Aconsegueix-lo al preu m\u00ednim amb enviament GRATU\u00cfT &#8211; clica per saber-ne m\u00e9s!<\/p>\n<\/div>\n","protected":false},"featured_media":23957,"comment_status":"open","ping_status":"closed","template":"","meta":{"_acf_changed":false,"_monsterinsights_skip_tracking":false,"_monsterinsights_sitenote_active":false,"_monsterinsights_sitenote_note":"","_monsterinsights_sitenote_category":0},"product_brand":[],"product_cat":[230,250,222],"product_tag":[245],"class_list":{"0":"post-24041","1":"product","2":"type-product","3":"status-publish","4":"has-post-thumbnail","6":"product_cat-limpieza-ca","7":"product_cat-tots","8":"product_cat-zo-skin-health-ca","9":"product_tag-zo-skinhealth-by-zein-obagi-ca","11":"first","12":"instock","13":"shipping-taxable","14":"purchasable","15":"product-type-simple"},"acf":[],"yoast_head":"<!-- This site is optimized with the Yoast SEO plugin v27.3 - https:\/\/yoast.com\/product\/yoast-seo-wordpress\/ -->\n<title>Comprar Dual Action Scrub by ZO SkinHealth - Enviament Gratu\u00eft<\/title>\n<meta name=\"description\" content=\"Comprar Dual Action Scrub al millor preu amb ENVIAMENT GRATU\u00cfT. Encarrega online i rep els teus productes preferits a casa!\" \/>\n<meta name=\"robots\" content=\"index, follow, max-snippet:-1, max-image-preview:large, max-video-preview:-1\" \/>\n<link rel=\"canonical\" href=\"https:\/\/drmazarro.com\/ca\/producto\/dual-action-scrub\/\" \/>\n<meta property=\"og:locale\" content=\"ca_ES\" \/>\n<meta property=\"og:type\" content=\"article\" \/>\n<meta property=\"og:title\" content=\"Comprar Dual Action Scrub by ZO SkinHealth - Enviament Gratu\u00eft\" \/>\n<meta property=\"og:description\" content=\"Comprar Dual Action Scrub al millor preu amb ENVIAMENT GRATU\u00cfT. Encarrega online i rep els teus productes preferits a casa!\" \/>\n<meta property=\"og:url\" content=\"https:\/\/drmazarro.com\/ca\/producto\/dual-action-scrub\/\" \/>\n<meta property=\"og:site_name\" content=\"Dr. Mazarro\" \/>\n<meta property=\"article:publisher\" content=\"https:\/\/www.facebook.com\/Dr-Mazarro-Cirug%c3%ada-Est%c3%a9tica-Facial-en-Barcelona-101872084913358\/\" \/>\n<meta property=\"article:modified_time\" content=\"2025-01-03T19:31:55+00:00\" \/>\n<meta property=\"og:image\" content=\"https:\/\/drmazarro.com\/wp-content\/uploads\/2022\/07\/Dual-action-scrub-S.png\" \/>\n\t<meta property=\"og:image:width\" content=\"350\" \/>\n\t<meta property=\"og:image:height\" content=\"477\" \/>\n\t<meta property=\"og:image:type\" content=\"image\/png\" \/>\n<meta name=\"twitter:card\" content=\"summary_large_image\" \/>\n<meta name=\"twitter:label1\" content=\"Temps estimat de lectura\" \/>\n\t<meta name=\"twitter:data1\" content=\"1 minut\" \/>\n<!-- \/ Yoast SEO plugin. -->","yoast_head_json":{"title":"Comprar Dual Action Scrub by ZO SkinHealth - Enviament Gratu\u00eft","description":"Comprar Dual Action Scrub al millor preu amb ENVIAMENT GRATU\u00cfT. Encarrega online i rep els teus productes preferits a casa!","robots":{"index":"index","follow":"follow","max-snippet":"max-snippet:-1","max-image-preview":"max-image-preview:large","max-video-preview":"max-video-preview:-1"},"canonical":"https:\/\/drmazarro.com\/ca\/producto\/dual-action-scrub\/","og_locale":"ca_ES","og_type":"article","og_title":"Comprar Dual Action Scrub by ZO SkinHealth - Enviament Gratu\u00eft","og_description":"Comprar Dual Action Scrub al millor preu amb ENVIAMENT GRATU\u00cfT. Encarrega online i rep els teus productes preferits a casa!","og_url":"https:\/\/drmazarro.com\/ca\/producto\/dual-action-scrub\/","og_site_name":"Dr. Mazarro","article_publisher":"https:\/\/www.facebook.com\/Dr-Mazarro-Cirug%c3%ada-Est%c3%a9tica-Facial-en-Barcelona-101872084913358\/","article_modified_time":"2025-01-03T19:31:55+00:00","og_image":[{"width":350,"height":477,"url":"https:\/\/drmazarro.com\/wp-content\/uploads\/2022\/07\/Dual-action-scrub-S.png","type":"image\/png"}],"twitter_card":"summary_large_image","twitter_misc":{"Temps estimat de lectura":"1 minut"},"schema":{"@context":"https:\/\/schema.org","@graph":[{"@type":"WebPage","@id":"https:\/\/drmazarro.com\/ca\/producto\/dual-action-scrub\/","url":"https:\/\/drmazarro.com\/ca\/producto\/dual-action-scrub\/","name":"Comprar Dual Action Scrub by ZO SkinHealth - Enviament Gratu\u00eft","isPartOf":{"@id":"https:\/\/drmazarro.com\/ca\/#website"},"primaryImageOfPage":{"@id":"https:\/\/drmazarro.com\/ca\/producto\/dual-action-scrub\/#primaryimage"},"image":{"@id":"https:\/\/drmazarro.com\/ca\/producto\/dual-action-scrub\/#primaryimage"},"thumbnailUrl":"https:\/\/drmazarro.com\/wp-content\/uploads\/2022\/07\/Dual-action-scrub-S.png","datePublished":"2024-12-26T14:39:05+00:00","dateModified":"2025-01-03T19:31:55+00:00","description":"Comprar Dual Action Scrub al millor preu amb ENVIAMENT GRATU\u00cfT. Encarrega online i rep els teus productes preferits a casa!","breadcrumb":{"@id":"https:\/\/drmazarro.com\/ca\/producto\/dual-action-scrub\/#breadcrumb"},"inLanguage":"ca","potentialAction":[{"@type":"ReadAction","target":["https:\/\/drmazarro.com\/ca\/producto\/dual-action-scrub\/"]}]},{"@type":"ImageObject","inLanguage":"ca","@id":"https:\/\/drmazarro.com\/ca\/producto\/dual-action-scrub\/#primaryimage","url":"https:\/\/drmazarro.com\/wp-content\/uploads\/2022\/07\/Dual-action-scrub-S.png","contentUrl":"https:\/\/drmazarro.com\/wp-content\/uploads\/2022\/07\/Dual-action-scrub-S.png","width":350,"height":477,"caption":"Dual action scrub"},{"@type":"BreadcrumbList","@id":"https:\/\/drmazarro.com\/ca\/producto\/dual-action-scrub\/#breadcrumb","itemListElement":[{"@type":"ListItem","position":1,"name":"Portada","item":"https:\/\/drmazarro.com\/ca\/"},{"@type":"ListItem","position":2,"name":"Botiga on-line","item":"https:\/\/drmazarro.com\/ca\/botiga-online\/"},{"@type":"ListItem","position":3,"name":"Dual Action Scrub"}]},{"@type":"WebSite","@id":"https:\/\/drmazarro.com\/ca\/#website","url":"https:\/\/drmazarro.com\/ca\/","name":"Dr. Mazarro","description":"Cirug\u00eda y Medicina Est\u00e9tica Facial en Barcelona","publisher":{"@id":"https:\/\/drmazarro.com\/ca\/#organization"},"potentialAction":[{"@type":"SearchAction","target":{"@type":"EntryPoint","urlTemplate":"https:\/\/drmazarro.com\/ca\/?s={search_term_string}"},"query-input":{"@type":"PropertyValueSpecification","valueRequired":true,"valueName":"search_term_string"}}],"inLanguage":"ca"},{"@type":"Organization","@id":"https:\/\/drmazarro.com\/ca\/#organization","name":"Dr. Mazarro","url":"https:\/\/drmazarro.com\/ca\/","logo":{"@type":"ImageObject","inLanguage":"ca","@id":"https:\/\/drmazarro.com\/ca\/#\/schema\/logo\/image\/","url":"https:\/\/drmazarro.com\/wp-content\/uploads\/2024\/03\/AM-576.png","contentUrl":"https:\/\/drmazarro.com\/wp-content\/uploads\/2024\/03\/AM-576.png","width":576,"height":576,"caption":"Dr. Mazarro"},"image":{"@id":"https:\/\/drmazarro.com\/ca\/#\/schema\/logo\/image\/"},"sameAs":["https:\/\/www.facebook.com\/Dr-Mazarro-Cirug\u00eda-Est\u00e9tica-Facial-en-Barcelona-101872084913358\/","https:\/\/www.instagram.com\/drmazarro_alejandro\/"]}]}},"_links":{"self":[{"href":"https:\/\/drmazarro.com\/ca\/wp-json\/wp\/v2\/product\/24041","targetHints":{"allow":["GET"]}}],"collection":[{"href":"https:\/\/drmazarro.com\/ca\/wp-json\/wp\/v2\/product"}],"about":[{"href":"https:\/\/drmazarro.com\/ca\/wp-json\/wp\/v2\/types\/product"}],"replies":[{"embeddable":true,"href":"https:\/\/drmazarro.com\/ca\/wp-json\/wp\/v2\/comments?post=24041"}],"wp:featuredmedia":[{"embeddable":true,"href":"https:\/\/drmazarro.com\/ca\/wp-json\/wp\/v2\/media\/23957"}],"wp:attachment":[{"href":"https:\/\/drmazarro.com\/ca\/wp-json\/wp\/v2\/media?parent=24041"}],"wp:term":[{"taxonomy":"product_brand","embeddable":true,"href":"https:\/\/drmazarro.com\/ca\/wp-json\/wp\/v2\/product_brand?post=24041"},{"taxonomy":"product_cat","embeddable":true,"href":"https:\/\/drmazarro.com\/ca\/wp-json\/wp\/v2\/product_cat?post=24041"},{"taxonomy":"product_tag","embeddable":true,"href":"https:\/\/drmazarro.com\/ca\/wp-json\/wp\/v2\/product_tag?post=24041"}],"curies":[{"name":"wp","href":"https:\/\/api.w.org\/{rel}","templated":true}]}}