{"id":24037,"date":"2022-07-25T12:36:59","date_gmt":"2024-12-26T14:39:06","guid":{"rendered":"https:\/\/drmazarro.com\/producto\/exfoliating-polish\/"},"modified":"2025-01-03T20:27:13","modified_gmt":"2025-01-03T19:27:13","slug":"exfoliating-polish","status":"publish","type":"product","link":"https:\/\/drmazarro.com\/ca\/producto\/exfoliating-polish\/","title":{"rendered":"Exfoliating Polish"},"content":{"rendered":"<h2><em>Indicacions<\/em><\/h2>\n<p style=\"text-align: justify;\">Un exfoliant professional que elimina suaument les c\u00e8l\u00b7lules mortes de la pell per revelar instant\u00e0niament una pell m\u00e9s suau, m\u00e9s suau i m\u00e9s radiant. Nomenat un dels 6 Millors Exfoliants Facials pel Good Housekeeping Institute Beauty Lab, aquesta f\u00f3rmula combina cristalls ultrafins amb vitamina C per a resultats \u00f2ptims.<\/p>\n<p>\u2022 Exfolia f\u00edsicament les c\u00e8l\u00b7lules mortes i les impureses<br \/>\n\u2022 Millora instant\u00e0niament la lluminositat de la pell<br \/>\n\u2022 Deixa la pell suau i sedosa<br \/>\n\u2022 Presenta cristalls autonetejants<br \/>\n\u2022 Adequat per a tots els tipus de pell<br \/>\n\u2022 Proporciona exfoliaci\u00f3 suau per\u00f2 efectiva<br \/>\n\u2022 Ajuda a prevenir futures taques fosques<\/p>\n<h2><em>Format<\/em><\/h2>\n<p style=\"text-align: justify;\">65g<\/p>\n<h2><em>Ingredients<\/em><\/h2>\n<p>\u2022 Cristalls d&#8217;\u00d2xid de Magnesi Ultrafins<br \/>\n&#8211; Elimina efica\u00e7ment les c\u00e8l\u00b7lules mortes<br \/>\n&#8211; Proporciona exfoliaci\u00f3 f\u00edsica suau<br \/>\n&#8211; S&#8217;esbandeix netament<\/p>\n<p>\u2022 Tetrahexildecil Ascorbat<br \/>\n&#8211; Forma estable de vitamina C<br \/>\n&#8211; Treballa en profunditat dins la pell<br \/>\n&#8211; Ajuda a prevenir la formaci\u00f3 de taques fosques<br \/>\n&#8211; Millora la lluminositat de la pell<\/p>\n<h2><em>Com utilitzar Exfoliating Polish<\/em><\/h2>\n<p style=\"text-align: justify;\">Despr\u00e9s de la neteja, massatjar suaument una petita quantitat sobre la cara i el coll humits 2-3 vegades per setmana, augmentant gradualment fins a l&#8217;\u00fas diari segons toler\u00e0ncia. La pell seca i sensibilitzada pot requerir una aplicaci\u00f3 menys freq\u00fcent. Esbandir abundantment. Per a millors resultats, continuar amb la resta del vostre R\u00e8gim Getting Skin Ready\u00ae.<\/p>\n","protected":false},"excerpt":{"rendered":"<div class=\"clearfix text-formatted field field--name-field-body-short field--type-text-long field--label-hidden field__item\">\n<p>Exfoliating Polish<\/p>\n<p>Aconsegueix-lo al preu m\u00ednim amb enviament GRATU\u00cfT &#8211; clica per saber-ne m\u00e9s!<\/p>\n<\/div>\n","protected":false},"featured_media":23949,"comment_status":"open","ping_status":"closed","template":"","meta":{"_acf_changed":false,"_monsterinsights_skip_tracking":false,"_monsterinsights_sitenote_active":false,"_monsterinsights_sitenote_note":"","_monsterinsights_sitenote_category":0},"product_brand":[],"product_cat":[230,250,222],"product_tag":[245],"class_list":{"0":"post-24037","1":"product","2":"type-product","3":"status-publish","4":"has-post-thumbnail","6":"product_cat-limpieza-ca","7":"product_cat-tots","8":"product_cat-zo-skin-health-ca","9":"product_tag-zo-skinhealth-by-zein-obagi-ca","11":"first","12":"instock","13":"shipping-taxable","14":"purchasable","15":"product-type-simple"},"acf":[],"yoast_head":"<!-- This site is optimized with the Yoast SEO plugin v27.3 - https:\/\/yoast.com\/product\/yoast-seo-wordpress\/ -->\n<title>Comprar Exfoliating Polish by ZO SkinHealth - Enviament Gratu\u00eft<\/title>\n<meta name=\"description\" content=\"Comprar Exfoliating Polish al millor preu amb ENVIAMENT GRATU\u00cfT. Encarrega online i rep els teus productes preferits a casa!\" \/>\n<meta name=\"robots\" content=\"index, follow, max-snippet:-1, max-image-preview:large, max-video-preview:-1\" \/>\n<link rel=\"canonical\" href=\"https:\/\/drmazarro.com\/ca\/producto\/exfoliating-polish\/\" \/>\n<meta property=\"og:locale\" content=\"ca_ES\" \/>\n<meta property=\"og:type\" content=\"article\" \/>\n<meta property=\"og:title\" content=\"Comprar Exfoliating Polish by ZO SkinHealth - Enviament Gratu\u00eft\" \/>\n<meta property=\"og:description\" content=\"Comprar Exfoliating Polish al millor preu amb ENVIAMENT GRATU\u00cfT. Encarrega online i rep els teus productes preferits a casa!\" \/>\n<meta property=\"og:url\" content=\"https:\/\/drmazarro.com\/ca\/producto\/exfoliating-polish\/\" \/>\n<meta property=\"og:site_name\" content=\"Dr. Mazarro\" \/>\n<meta property=\"article:publisher\" content=\"https:\/\/www.facebook.com\/Dr-Mazarro-Cirug%c3%ada-Est%c3%a9tica-Facial-en-Barcelona-101872084913358\/\" \/>\n<meta property=\"article:modified_time\" content=\"2025-01-03T19:27:13+00:00\" \/>\n<meta property=\"og:image\" content=\"https:\/\/drmazarro.com\/wp-content\/uploads\/2022\/07\/Exfoliatin-polish-S.png\" \/>\n\t<meta property=\"og:image:width\" content=\"350\" \/>\n\t<meta property=\"og:image:height\" content=\"477\" \/>\n\t<meta property=\"og:image:type\" content=\"image\/png\" \/>\n<meta name=\"twitter:card\" content=\"summary_large_image\" \/>\n<meta name=\"twitter:label1\" content=\"Temps estimat de lectura\" \/>\n\t<meta name=\"twitter:data1\" content=\"2 minuts\" \/>\n<!-- \/ Yoast SEO plugin. -->","yoast_head_json":{"title":"Comprar Exfoliating Polish by ZO SkinHealth - Enviament Gratu\u00eft","description":"Comprar Exfoliating Polish al millor preu amb ENVIAMENT GRATU\u00cfT. Encarrega online i rep els teus productes preferits a casa!","robots":{"index":"index","follow":"follow","max-snippet":"max-snippet:-1","max-image-preview":"max-image-preview:large","max-video-preview":"max-video-preview:-1"},"canonical":"https:\/\/drmazarro.com\/ca\/producto\/exfoliating-polish\/","og_locale":"ca_ES","og_type":"article","og_title":"Comprar Exfoliating Polish by ZO SkinHealth - Enviament Gratu\u00eft","og_description":"Comprar Exfoliating Polish al millor preu amb ENVIAMENT GRATU\u00cfT. Encarrega online i rep els teus productes preferits a casa!","og_url":"https:\/\/drmazarro.com\/ca\/producto\/exfoliating-polish\/","og_site_name":"Dr. Mazarro","article_publisher":"https:\/\/www.facebook.com\/Dr-Mazarro-Cirug%c3%ada-Est%c3%a9tica-Facial-en-Barcelona-101872084913358\/","article_modified_time":"2025-01-03T19:27:13+00:00","og_image":[{"width":350,"height":477,"url":"https:\/\/drmazarro.com\/wp-content\/uploads\/2022\/07\/Exfoliatin-polish-S.png","type":"image\/png"}],"twitter_card":"summary_large_image","twitter_misc":{"Temps estimat de lectura":"2 minuts"},"schema":{"@context":"https:\/\/schema.org","@graph":[{"@type":"WebPage","@id":"https:\/\/drmazarro.com\/ca\/producto\/exfoliating-polish\/","url":"https:\/\/drmazarro.com\/ca\/producto\/exfoliating-polish\/","name":"Comprar Exfoliating Polish by ZO SkinHealth - Enviament Gratu\u00eft","isPartOf":{"@id":"https:\/\/drmazarro.com\/ca\/#website"},"primaryImageOfPage":{"@id":"https:\/\/drmazarro.com\/ca\/producto\/exfoliating-polish\/#primaryimage"},"image":{"@id":"https:\/\/drmazarro.com\/ca\/producto\/exfoliating-polish\/#primaryimage"},"thumbnailUrl":"https:\/\/drmazarro.com\/wp-content\/uploads\/2022\/07\/Exfoliatin-polish-S.png","datePublished":"2024-12-26T14:39:06+00:00","dateModified":"2025-01-03T19:27:13+00:00","description":"Comprar Exfoliating Polish al millor preu amb ENVIAMENT GRATU\u00cfT. Encarrega online i rep els teus productes preferits a casa!","breadcrumb":{"@id":"https:\/\/drmazarro.com\/ca\/producto\/exfoliating-polish\/#breadcrumb"},"inLanguage":"ca","potentialAction":[{"@type":"ReadAction","target":["https:\/\/drmazarro.com\/ca\/producto\/exfoliating-polish\/"]}]},{"@type":"ImageObject","inLanguage":"ca","@id":"https:\/\/drmazarro.com\/ca\/producto\/exfoliating-polish\/#primaryimage","url":"https:\/\/drmazarro.com\/wp-content\/uploads\/2022\/07\/Exfoliatin-polish-S.png","contentUrl":"https:\/\/drmazarro.com\/wp-content\/uploads\/2022\/07\/Exfoliatin-polish-S.png","width":350,"height":477,"caption":"Exfoliatin polish"},{"@type":"BreadcrumbList","@id":"https:\/\/drmazarro.com\/ca\/producto\/exfoliating-polish\/#breadcrumb","itemListElement":[{"@type":"ListItem","position":1,"name":"Portada","item":"https:\/\/drmazarro.com\/ca\/"},{"@type":"ListItem","position":2,"name":"Botiga on-line","item":"https:\/\/drmazarro.com\/ca\/botiga-online\/"},{"@type":"ListItem","position":3,"name":"Exfoliating Polish"}]},{"@type":"WebSite","@id":"https:\/\/drmazarro.com\/ca\/#website","url":"https:\/\/drmazarro.com\/ca\/","name":"Dr. Mazarro","description":"Cirug\u00eda y Medicina Est\u00e9tica Facial en Barcelona","publisher":{"@id":"https:\/\/drmazarro.com\/ca\/#organization"},"potentialAction":[{"@type":"SearchAction","target":{"@type":"EntryPoint","urlTemplate":"https:\/\/drmazarro.com\/ca\/?s={search_term_string}"},"query-input":{"@type":"PropertyValueSpecification","valueRequired":true,"valueName":"search_term_string"}}],"inLanguage":"ca"},{"@type":"Organization","@id":"https:\/\/drmazarro.com\/ca\/#organization","name":"Dr. Mazarro","url":"https:\/\/drmazarro.com\/ca\/","logo":{"@type":"ImageObject","inLanguage":"ca","@id":"https:\/\/drmazarro.com\/ca\/#\/schema\/logo\/image\/","url":"https:\/\/drmazarro.com\/wp-content\/uploads\/2024\/03\/AM-576.png","contentUrl":"https:\/\/drmazarro.com\/wp-content\/uploads\/2024\/03\/AM-576.png","width":576,"height":576,"caption":"Dr. Mazarro"},"image":{"@id":"https:\/\/drmazarro.com\/ca\/#\/schema\/logo\/image\/"},"sameAs":["https:\/\/www.facebook.com\/Dr-Mazarro-Cirug\u00eda-Est\u00e9tica-Facial-en-Barcelona-101872084913358\/","https:\/\/www.instagram.com\/drmazarro_alejandro\/"]}]}},"_links":{"self":[{"href":"https:\/\/drmazarro.com\/ca\/wp-json\/wp\/v2\/product\/24037","targetHints":{"allow":["GET"]}}],"collection":[{"href":"https:\/\/drmazarro.com\/ca\/wp-json\/wp\/v2\/product"}],"about":[{"href":"https:\/\/drmazarro.com\/ca\/wp-json\/wp\/v2\/types\/product"}],"replies":[{"embeddable":true,"href":"https:\/\/drmazarro.com\/ca\/wp-json\/wp\/v2\/comments?post=24037"}],"wp:featuredmedia":[{"embeddable":true,"href":"https:\/\/drmazarro.com\/ca\/wp-json\/wp\/v2\/media\/23949"}],"wp:attachment":[{"href":"https:\/\/drmazarro.com\/ca\/wp-json\/wp\/v2\/media?parent=24037"}],"wp:term":[{"taxonomy":"product_brand","embeddable":true,"href":"https:\/\/drmazarro.com\/ca\/wp-json\/wp\/v2\/product_brand?post=24037"},{"taxonomy":"product_cat","embeddable":true,"href":"https:\/\/drmazarro.com\/ca\/wp-json\/wp\/v2\/product_cat?post=24037"},{"taxonomy":"product_tag","embeddable":true,"href":"https:\/\/drmazarro.com\/ca\/wp-json\/wp\/v2\/product_tag?post=24037"}],"curies":[{"name":"wp","href":"https:\/\/api.w.org\/{rel}","templated":true}]}}