{"id":24030,"date":"2022-07-25T12:41:53","date_gmt":"2024-12-26T14:39:03","guid":{"rendered":"https:\/\/drmazarro.com\/producto\/gf-eye-serum\/"},"modified":"2025-01-03T20:24:20","modified_gmt":"2025-01-03T19:24:20","slug":"gf-eye-serum","status":"publish","type":"product","link":"https:\/\/drmazarro.com\/ca\/producto\/gf-eye-serum\/","title":{"rendered":"GF Eye Serum"},"content":{"rendered":"<h2><em>Indicacions<\/em><\/h2>\n<p style=\"text-align: justify;\">Un s\u00e8rum d&#8217;ulls avan\u00e7at potenciat amb la tecnologia de Factors de Creixement ZO\u00ae cl\u00ednicament provada, espec\u00edficament dissenyat per millorar l&#8217;aparen\u00e7a de les l\u00ednies d&#8217;expressi\u00f3, els plecs i la buidor. Presenta un aplicador refrescant que calma la pell i revitalitza els ulls cansats mentre proporciona potents beneficis antienvelliment.<\/p>\n<p>\u2022 Redueix l&#8217;aparen\u00e7a de les l\u00ednies d&#8217;expressi\u00f3 i arrugues dels ulls<br \/>\n\u2022 Millora visiblement el volum al voltant de la zona ocular<br \/>\n\u2022 Potencia la hidrataci\u00f3 de la pell<br \/>\n\u2022 Proporciona sensaci\u00f3 refrescant i calmant<br \/>\n\u2022 Revitalitza la vitalitat de la zona dels ulls<br \/>\n\u2022 Presenta un innovador aplicador refrescant<\/p>\n<h2><em>Format<\/em><\/h2>\n<p style=\"text-align: justify;\">15mL<\/p>\n<h2><em>Ingredients<\/em><\/h2>\n<p>\u2022 Tecnologia de Factors de Creixement ZO\u00ae<br \/>\n&#8211; Cont\u00e9 factors de creixement enzim\u00e0tics<br \/>\n&#8211; Incorpora factors de creixement derivats de plantes<br \/>\n&#8211; Dona suport al rejoveniment de la pell<\/p>\n<p>\u2022 Complex de Neurop\u00e8ptids<br \/>\n&#8211; Proporciona resultats d&#8217;acci\u00f3 r\u00e0pida<br \/>\n&#8211; Millora l&#8217;aparen\u00e7a de les l\u00ednies<br \/>\n&#8211; Redueix les arrugues visibles<\/p>\n<p>\u2022 Hialuronat Acetilatat S\u00f2dic<br \/>\n&#8211; Forma avan\u00e7ada d&#8217;\u00e0cid hialur\u00f2nic<br \/>\n&#8211; Voluminitza i hidrata la pell<br \/>\n&#8211; Dona suport a la barrera cut\u00e0nia saludable<br \/>\n&#8211; Millora la retenci\u00f3 d&#8217;hidrataci\u00f3<\/p>\n<h2><em>Com utilitzar Growth Factor Eye Serum<\/em><\/h2>\n<p style=\"text-align: justify;\">Aplicar sobre la pell neta i seca al voltant de la zona dels ulls. Utilitzant l&#8217;aplicador refrescant, dibuixar petits cercles suaus a la zona orbital de l&#8217;ull mat\u00ed i nit, o segons sigui necessari. Es pot utilitzar sol o com a part de la vostra rutina completa de cura de la pell.<\/p>\n","protected":false},"excerpt":{"rendered":"<div class=\"clearfix text-formatted field field--name-field-body-short field--type-text-long field--label-hidden field__item\">\n<p>GF Eye Serum<\/p>\n<p>Aconsegueix-lo al preu m\u00ednim amb enviament GRATU\u00cfT &#8211; clica per saber-ne m\u00e9s!<\/p>\n<\/div>\n","protected":false},"featured_media":23937,"comment_status":"open","ping_status":"closed","template":"","meta":{"_acf_changed":false,"_monsterinsights_skip_tracking":false,"_monsterinsights_sitenote_active":false,"_monsterinsights_sitenote_note":"","_monsterinsights_sitenote_category":0},"product_brand":[],"product_cat":[250,236,222],"product_tag":[245],"class_list":{"0":"post-24030","1":"product","2":"type-product","3":"status-publish","4":"has-post-thumbnail","6":"product_cat-tots","7":"product_cat-tratamientos-antiedad-ca","8":"product_cat-zo-skin-health-ca","9":"product_tag-zo-skinhealth-by-zein-obagi-ca","11":"first","12":"instock","13":"shipping-taxable","14":"product-type-simple"},"acf":[],"yoast_head":"<!-- This site is optimized with the Yoast SEO plugin v27.3 - https:\/\/yoast.com\/product\/yoast-seo-wordpress\/ -->\n<title>Comprar GF Eye Serum by ZO SkinHealth - Enviament Gratu\u00eft<\/title>\n<meta name=\"description\" content=\"Comprar GF Eye Serum by ZO SkinHealth al millor preu amb ENVIAMENT GRATU\u00cfT. Encarrega online i rep els teus productes preferits a casa!\" \/>\n<meta name=\"robots\" content=\"index, follow, max-snippet:-1, max-image-preview:large, max-video-preview:-1\" \/>\n<link rel=\"canonical\" href=\"https:\/\/drmazarro.com\/ca\/producto\/gf-eye-serum\/\" \/>\n<meta property=\"og:locale\" content=\"ca_ES\" \/>\n<meta property=\"og:type\" content=\"article\" \/>\n<meta property=\"og:title\" content=\"Comprar GF Eye Serum by ZO SkinHealth - Enviament Gratu\u00eft\" \/>\n<meta property=\"og:description\" content=\"Comprar GF Eye Serum by ZO SkinHealth al millor preu amb ENVIAMENT GRATU\u00cfT. Encarrega online i rep els teus productes preferits a casa!\" \/>\n<meta property=\"og:url\" content=\"https:\/\/drmazarro.com\/ca\/producto\/gf-eye-serum\/\" \/>\n<meta property=\"og:site_name\" content=\"Dr. Mazarro\" \/>\n<meta property=\"article:publisher\" content=\"https:\/\/www.facebook.com\/Dr-Mazarro-Cirug%c3%ada-Est%c3%a9tica-Facial-en-Barcelona-101872084913358\/\" \/>\n<meta property=\"article:modified_time\" content=\"2025-01-03T19:24:20+00:00\" \/>\n<meta property=\"og:image\" content=\"https:\/\/drmazarro.com\/wp-content\/uploads\/2022\/07\/GF-eye-serum-S.png\" \/>\n\t<meta property=\"og:image:width\" content=\"350\" \/>\n\t<meta property=\"og:image:height\" content=\"473\" \/>\n\t<meta property=\"og:image:type\" content=\"image\/png\" \/>\n<meta name=\"twitter:card\" content=\"summary_large_image\" \/>\n<meta name=\"twitter:label1\" content=\"Temps estimat de lectura\" \/>\n\t<meta name=\"twitter:data1\" content=\"2 minuts\" \/>\n<!-- \/ Yoast SEO plugin. -->","yoast_head_json":{"title":"Comprar GF Eye Serum by ZO SkinHealth - Enviament Gratu\u00eft","description":"Comprar GF Eye Serum by ZO SkinHealth al millor preu amb ENVIAMENT GRATU\u00cfT. Encarrega online i rep els teus productes preferits a casa!","robots":{"index":"index","follow":"follow","max-snippet":"max-snippet:-1","max-image-preview":"max-image-preview:large","max-video-preview":"max-video-preview:-1"},"canonical":"https:\/\/drmazarro.com\/ca\/producto\/gf-eye-serum\/","og_locale":"ca_ES","og_type":"article","og_title":"Comprar GF Eye Serum by ZO SkinHealth - Enviament Gratu\u00eft","og_description":"Comprar GF Eye Serum by ZO SkinHealth al millor preu amb ENVIAMENT GRATU\u00cfT. Encarrega online i rep els teus productes preferits a casa!","og_url":"https:\/\/drmazarro.com\/ca\/producto\/gf-eye-serum\/","og_site_name":"Dr. Mazarro","article_publisher":"https:\/\/www.facebook.com\/Dr-Mazarro-Cirug%c3%ada-Est%c3%a9tica-Facial-en-Barcelona-101872084913358\/","article_modified_time":"2025-01-03T19:24:20+00:00","og_image":[{"width":350,"height":473,"url":"https:\/\/drmazarro.com\/wp-content\/uploads\/2022\/07\/GF-eye-serum-S.png","type":"image\/png"}],"twitter_card":"summary_large_image","twitter_misc":{"Temps estimat de lectura":"2 minuts"},"schema":{"@context":"https:\/\/schema.org","@graph":[{"@type":"WebPage","@id":"https:\/\/drmazarro.com\/ca\/producto\/gf-eye-serum\/","url":"https:\/\/drmazarro.com\/ca\/producto\/gf-eye-serum\/","name":"Comprar GF Eye Serum by ZO SkinHealth - Enviament Gratu\u00eft","isPartOf":{"@id":"https:\/\/drmazarro.com\/ca\/#website"},"primaryImageOfPage":{"@id":"https:\/\/drmazarro.com\/ca\/producto\/gf-eye-serum\/#primaryimage"},"image":{"@id":"https:\/\/drmazarro.com\/ca\/producto\/gf-eye-serum\/#primaryimage"},"thumbnailUrl":"https:\/\/drmazarro.com\/wp-content\/uploads\/2022\/07\/GF-eye-serum-S.png","datePublished":"2024-12-26T14:39:03+00:00","dateModified":"2025-01-03T19:24:20+00:00","description":"Comprar GF Eye Serum by ZO SkinHealth al millor preu amb ENVIAMENT GRATU\u00cfT. Encarrega online i rep els teus productes preferits a casa!","breadcrumb":{"@id":"https:\/\/drmazarro.com\/ca\/producto\/gf-eye-serum\/#breadcrumb"},"inLanguage":"ca","potentialAction":[{"@type":"ReadAction","target":["https:\/\/drmazarro.com\/ca\/producto\/gf-eye-serum\/"]}]},{"@type":"ImageObject","inLanguage":"ca","@id":"https:\/\/drmazarro.com\/ca\/producto\/gf-eye-serum\/#primaryimage","url":"https:\/\/drmazarro.com\/wp-content\/uploads\/2022\/07\/GF-eye-serum-S.png","contentUrl":"https:\/\/drmazarro.com\/wp-content\/uploads\/2022\/07\/GF-eye-serum-S.png","width":350,"height":473,"caption":"GF eye serum"},{"@type":"BreadcrumbList","@id":"https:\/\/drmazarro.com\/ca\/producto\/gf-eye-serum\/#breadcrumb","itemListElement":[{"@type":"ListItem","position":1,"name":"Portada","item":"https:\/\/drmazarro.com\/ca\/"},{"@type":"ListItem","position":2,"name":"Botiga on-line","item":"https:\/\/drmazarro.com\/ca\/botiga-online\/"},{"@type":"ListItem","position":3,"name":"GF Eye Serum"}]},{"@type":"WebSite","@id":"https:\/\/drmazarro.com\/ca\/#website","url":"https:\/\/drmazarro.com\/ca\/","name":"Dr. Mazarro","description":"Cirug\u00eda y Medicina Est\u00e9tica Facial en Barcelona","publisher":{"@id":"https:\/\/drmazarro.com\/ca\/#organization"},"potentialAction":[{"@type":"SearchAction","target":{"@type":"EntryPoint","urlTemplate":"https:\/\/drmazarro.com\/ca\/?s={search_term_string}"},"query-input":{"@type":"PropertyValueSpecification","valueRequired":true,"valueName":"search_term_string"}}],"inLanguage":"ca"},{"@type":"Organization","@id":"https:\/\/drmazarro.com\/ca\/#organization","name":"Dr. Mazarro","url":"https:\/\/drmazarro.com\/ca\/","logo":{"@type":"ImageObject","inLanguage":"ca","@id":"https:\/\/drmazarro.com\/ca\/#\/schema\/logo\/image\/","url":"https:\/\/drmazarro.com\/wp-content\/uploads\/2024\/03\/AM-576.png","contentUrl":"https:\/\/drmazarro.com\/wp-content\/uploads\/2024\/03\/AM-576.png","width":576,"height":576,"caption":"Dr. Mazarro"},"image":{"@id":"https:\/\/drmazarro.com\/ca\/#\/schema\/logo\/image\/"},"sameAs":["https:\/\/www.facebook.com\/Dr-Mazarro-Cirug\u00eda-Est\u00e9tica-Facial-en-Barcelona-101872084913358\/","https:\/\/www.instagram.com\/drmazarro_alejandro\/"]}]}},"_links":{"self":[{"href":"https:\/\/drmazarro.com\/ca\/wp-json\/wp\/v2\/product\/24030","targetHints":{"allow":["GET"]}}],"collection":[{"href":"https:\/\/drmazarro.com\/ca\/wp-json\/wp\/v2\/product"}],"about":[{"href":"https:\/\/drmazarro.com\/ca\/wp-json\/wp\/v2\/types\/product"}],"replies":[{"embeddable":true,"href":"https:\/\/drmazarro.com\/ca\/wp-json\/wp\/v2\/comments?post=24030"}],"wp:featuredmedia":[{"embeddable":true,"href":"https:\/\/drmazarro.com\/ca\/wp-json\/wp\/v2\/media\/23937"}],"wp:attachment":[{"href":"https:\/\/drmazarro.com\/ca\/wp-json\/wp\/v2\/media?parent=24030"}],"wp:term":[{"taxonomy":"product_brand","embeddable":true,"href":"https:\/\/drmazarro.com\/ca\/wp-json\/wp\/v2\/product_brand?post=24030"},{"taxonomy":"product_cat","embeddable":true,"href":"https:\/\/drmazarro.com\/ca\/wp-json\/wp\/v2\/product_cat?post=24030"},{"taxonomy":"product_tag","embeddable":true,"href":"https:\/\/drmazarro.com\/ca\/wp-json\/wp\/v2\/product_tag?post=24030"}],"curies":[{"name":"wp","href":"https:\/\/api.w.org\/{rel}","templated":true}]}}