{"id":24028,"date":"2022-07-25T12:43:12","date_gmt":"2024-12-26T14:36:57","guid":{"rendered":"https:\/\/drmazarro.com\/producto\/growth-factor-serum\/"},"modified":"2025-01-03T20:23:27","modified_gmt":"2025-01-03T19:23:27","slug":"growth-factor-serum","status":"publish","type":"product","link":"https:\/\/drmazarro.com\/ca\/producto\/growth-factor-serum\/","title":{"rendered":"Growth Factor Serum"},"content":{"rendered":"<h2><em>Indicacions<\/em><\/h2>\n<p style=\"text-align: justify;\">Un s\u00e8rum antienvelliment avan\u00e7at que integra factors de creixement derivats de plantes i enzims amb un complex proteic exclusiu. Cl\u00ednicament provat per restaurar el gruix visible de la pell, l&#8217;elasticitat, la suavitat i la flexibilitat, amb resultats que mostren una pell que aparenta 6 anys m\u00e9s jove despr\u00e9s de 12 setmanes d&#8217;\u00fas.<\/p>\n<p>\u2022 Millora l&#8217;aparen\u00e7a del gruix i l&#8217;elasticitat de la pell<br \/>\n\u2022 Restaura la flexibilitat i la hidrataci\u00f3 de la pell<br \/>\n\u2022 Redueix l&#8217;aparen\u00e7a de les l\u00ednies d&#8217;expressi\u00f3<br \/>\n\u2022 Proporciona resultats antienvelliment visibles<br \/>\n\u2022 Adequat per a tots els tipus de pell<br \/>\n\u2022 Nomenat un dels 13 Millors S\u00e8rums Antienvelliment per Cosmopolitan<\/p>\n<h2><em>Format<\/em><\/h2>\n<p style=\"text-align: justify;\">30mL<\/p>\n<h2><em>Ingredients<\/em><\/h2>\n<p>\u2022 Complex Avan\u00e7at de Factors de Creixement<br \/>\n&#8211; Cont\u00e9 fosfat d&#8217;acetil glucosamina dis\u00f2dica<br \/>\n&#8211; Incorpora extracte de ginseng vermell fermentat<br \/>\n&#8211; Restaura la hidrataci\u00f3<br \/>\n&#8211; Dona suport a l&#8217;elasticitat i la fermesa<\/p>\n<p>\u2022 Tecnologia ZPRO\u00ae<br \/>\n&#8211; Dona suport a la reposici\u00f3 natural d&#8217;\u00e0cid hialur\u00f2nic<br \/>\n&#8211; Millora la hidrataci\u00f3 de la pell<br \/>\n&#8211; Millora la textura cut\u00e0nia<\/p>\n<p>\u2022 Complex de P\u00e8ptids<br \/>\n&#8211; Cont\u00e9 diacetat de dip\u00e8ptid diaminobutiril benzilamida<br \/>\n&#8211; Minimitza les l\u00ednies d&#8217;expressi\u00f3<br \/>\n&#8211; Proporciona efectes suavitzants visibles<\/p>\n<p>\u2022 Complex Calmant<br \/>\n&#8211; Incorpora beta gluc\u00e0<br \/>\n&#8211; Cont\u00e9 extracte d&#8217;arrel d&#8217;ang\u00e8lica polymorpha sinensis<br \/>\n&#8211; Suavitza i calma la pell<\/p>\n<h2><em>Com utilitzar Growth Factor Serum<\/em><\/h2>\n<p style=\"text-align: justify;\">Aplicar sobre la pell neta i seca a la nit com a pas final en la vostra rutina de cura de la pell. Massatjar suaument fins a la seva absorci\u00f3. Per a resultats \u00f2ptims, utilitzar de manera consistent com a part de la vostra rutina nocturna.<\/p>\n","protected":false},"excerpt":{"rendered":"<p>Growth Factor Serum<\/p>\n<p>Aconsegueix-lo al preu m\u00ednim amb enviament GRATU\u00cfT &#8211; clica per saber-ne m\u00e9s!<\/p>\n","protected":false},"featured_media":23933,"comment_status":"open","ping_status":"closed","template":"","meta":{"_acf_changed":false,"_monsterinsights_skip_tracking":false,"_monsterinsights_sitenote_active":false,"_monsterinsights_sitenote_note":"","_monsterinsights_sitenote_category":0},"product_brand":[],"product_cat":[250,236,222],"product_tag":[245],"class_list":{"0":"post-24028","1":"product","2":"type-product","3":"status-publish","4":"has-post-thumbnail","6":"product_cat-tots","7":"product_cat-tratamientos-antiedad-ca","8":"product_cat-zo-skin-health-ca","9":"product_tag-zo-skinhealth-by-zein-obagi-ca","11":"first","12":"instock","13":"shipping-taxable","14":"purchasable","15":"product-type-simple"},"acf":[],"yoast_head":"<!-- This site is optimized with the Yoast SEO plugin v27.3 - https:\/\/yoast.com\/product\/yoast-seo-wordpress\/ -->\n<title>Comprar Growth Factor Serum by ZO - Enviament Gratu\u00eft<\/title>\n<meta name=\"description\" content=\"Comprar Growth Factor Serum al millor preu amb ENVIAMENT GRATU\u00cfT. Encarrega online i rep els teus productes preferits a casa!\" \/>\n<meta name=\"robots\" content=\"index, follow, max-snippet:-1, max-image-preview:large, max-video-preview:-1\" \/>\n<link rel=\"canonical\" href=\"https:\/\/drmazarro.com\/ca\/producto\/growth-factor-serum\/\" \/>\n<meta property=\"og:locale\" content=\"ca_ES\" \/>\n<meta property=\"og:type\" content=\"article\" \/>\n<meta property=\"og:title\" content=\"Comprar Growth Factor Serum by ZO - Enviament Gratu\u00eft\" \/>\n<meta property=\"og:description\" content=\"Comprar Growth Factor Serum al millor preu amb ENVIAMENT GRATU\u00cfT. Encarrega online i rep els teus productes preferits a casa!\" \/>\n<meta property=\"og:url\" content=\"https:\/\/drmazarro.com\/ca\/producto\/growth-factor-serum\/\" \/>\n<meta property=\"og:site_name\" content=\"Dr. Mazarro\" \/>\n<meta property=\"article:publisher\" content=\"https:\/\/www.facebook.com\/Dr-Mazarro-Cirug%c3%ada-Est%c3%a9tica-Facial-en-Barcelona-101872084913358\/\" \/>\n<meta property=\"article:modified_time\" content=\"2025-01-03T19:23:27+00:00\" \/>\n<meta property=\"og:image\" content=\"https:\/\/drmazarro.com\/wp-content\/uploads\/2022\/07\/growth-factor-serum-S.png\" \/>\n\t<meta property=\"og:image:width\" content=\"350\" \/>\n\t<meta property=\"og:image:height\" content=\"477\" \/>\n\t<meta property=\"og:image:type\" content=\"image\/png\" \/>\n<meta name=\"twitter:card\" content=\"summary_large_image\" \/>\n<meta name=\"twitter:label1\" content=\"Temps estimat de lectura\" \/>\n\t<meta name=\"twitter:data1\" content=\"2 minuts\" \/>\n<!-- \/ Yoast SEO plugin. -->","yoast_head_json":{"title":"Comprar Growth Factor Serum by ZO - Enviament Gratu\u00eft","description":"Comprar Growth Factor Serum al millor preu amb ENVIAMENT GRATU\u00cfT. Encarrega online i rep els teus productes preferits a casa!","robots":{"index":"index","follow":"follow","max-snippet":"max-snippet:-1","max-image-preview":"max-image-preview:large","max-video-preview":"max-video-preview:-1"},"canonical":"https:\/\/drmazarro.com\/ca\/producto\/growth-factor-serum\/","og_locale":"ca_ES","og_type":"article","og_title":"Comprar Growth Factor Serum by ZO - Enviament Gratu\u00eft","og_description":"Comprar Growth Factor Serum al millor preu amb ENVIAMENT GRATU\u00cfT. Encarrega online i rep els teus productes preferits a casa!","og_url":"https:\/\/drmazarro.com\/ca\/producto\/growth-factor-serum\/","og_site_name":"Dr. Mazarro","article_publisher":"https:\/\/www.facebook.com\/Dr-Mazarro-Cirug%c3%ada-Est%c3%a9tica-Facial-en-Barcelona-101872084913358\/","article_modified_time":"2025-01-03T19:23:27+00:00","og_image":[{"width":350,"height":477,"url":"https:\/\/drmazarro.com\/wp-content\/uploads\/2022\/07\/growth-factor-serum-S.png","type":"image\/png"}],"twitter_card":"summary_large_image","twitter_misc":{"Temps estimat de lectura":"2 minuts"},"schema":{"@context":"https:\/\/schema.org","@graph":[{"@type":"WebPage","@id":"https:\/\/drmazarro.com\/ca\/producto\/growth-factor-serum\/","url":"https:\/\/drmazarro.com\/ca\/producto\/growth-factor-serum\/","name":"Comprar Growth Factor Serum by ZO - Enviament Gratu\u00eft","isPartOf":{"@id":"https:\/\/drmazarro.com\/ca\/#website"},"primaryImageOfPage":{"@id":"https:\/\/drmazarro.com\/ca\/producto\/growth-factor-serum\/#primaryimage"},"image":{"@id":"https:\/\/drmazarro.com\/ca\/producto\/growth-factor-serum\/#primaryimage"},"thumbnailUrl":"https:\/\/drmazarro.com\/wp-content\/uploads\/2022\/07\/growth-factor-serum-S.png","datePublished":"2024-12-26T14:36:57+00:00","dateModified":"2025-01-03T19:23:27+00:00","description":"Comprar Growth Factor Serum al millor preu amb ENVIAMENT GRATU\u00cfT. Encarrega online i rep els teus productes preferits a casa!","breadcrumb":{"@id":"https:\/\/drmazarro.com\/ca\/producto\/growth-factor-serum\/#breadcrumb"},"inLanguage":"ca","potentialAction":[{"@type":"ReadAction","target":["https:\/\/drmazarro.com\/ca\/producto\/growth-factor-serum\/"]}]},{"@type":"ImageObject","inLanguage":"ca","@id":"https:\/\/drmazarro.com\/ca\/producto\/growth-factor-serum\/#primaryimage","url":"https:\/\/drmazarro.com\/wp-content\/uploads\/2022\/07\/growth-factor-serum-S.png","contentUrl":"https:\/\/drmazarro.com\/wp-content\/uploads\/2022\/07\/growth-factor-serum-S.png","width":350,"height":477,"caption":"growth factor serum"},{"@type":"BreadcrumbList","@id":"https:\/\/drmazarro.com\/ca\/producto\/growth-factor-serum\/#breadcrumb","itemListElement":[{"@type":"ListItem","position":1,"name":"Portada","item":"https:\/\/drmazarro.com\/ca\/"},{"@type":"ListItem","position":2,"name":"Botiga on-line","item":"https:\/\/drmazarro.com\/ca\/botiga-online\/"},{"@type":"ListItem","position":3,"name":"Growth Factor Serum"}]},{"@type":"WebSite","@id":"https:\/\/drmazarro.com\/ca\/#website","url":"https:\/\/drmazarro.com\/ca\/","name":"Dr. Mazarro","description":"Cirug\u00eda y Medicina Est\u00e9tica Facial en Barcelona","publisher":{"@id":"https:\/\/drmazarro.com\/ca\/#organization"},"potentialAction":[{"@type":"SearchAction","target":{"@type":"EntryPoint","urlTemplate":"https:\/\/drmazarro.com\/ca\/?s={search_term_string}"},"query-input":{"@type":"PropertyValueSpecification","valueRequired":true,"valueName":"search_term_string"}}],"inLanguage":"ca"},{"@type":"Organization","@id":"https:\/\/drmazarro.com\/ca\/#organization","name":"Dr. Mazarro","url":"https:\/\/drmazarro.com\/ca\/","logo":{"@type":"ImageObject","inLanguage":"ca","@id":"https:\/\/drmazarro.com\/ca\/#\/schema\/logo\/image\/","url":"https:\/\/drmazarro.com\/wp-content\/uploads\/2024\/03\/AM-576.png","contentUrl":"https:\/\/drmazarro.com\/wp-content\/uploads\/2024\/03\/AM-576.png","width":576,"height":576,"caption":"Dr. Mazarro"},"image":{"@id":"https:\/\/drmazarro.com\/ca\/#\/schema\/logo\/image\/"},"sameAs":["https:\/\/www.facebook.com\/Dr-Mazarro-Cirug\u00eda-Est\u00e9tica-Facial-en-Barcelona-101872084913358\/","https:\/\/www.instagram.com\/drmazarro_alejandro\/"]}]}},"_links":{"self":[{"href":"https:\/\/drmazarro.com\/ca\/wp-json\/wp\/v2\/product\/24028","targetHints":{"allow":["GET"]}}],"collection":[{"href":"https:\/\/drmazarro.com\/ca\/wp-json\/wp\/v2\/product"}],"about":[{"href":"https:\/\/drmazarro.com\/ca\/wp-json\/wp\/v2\/types\/product"}],"replies":[{"embeddable":true,"href":"https:\/\/drmazarro.com\/ca\/wp-json\/wp\/v2\/comments?post=24028"}],"wp:featuredmedia":[{"embeddable":true,"href":"https:\/\/drmazarro.com\/ca\/wp-json\/wp\/v2\/media\/23933"}],"wp:attachment":[{"href":"https:\/\/drmazarro.com\/ca\/wp-json\/wp\/v2\/media?parent=24028"}],"wp:term":[{"taxonomy":"product_brand","embeddable":true,"href":"https:\/\/drmazarro.com\/ca\/wp-json\/wp\/v2\/product_brand?post=24028"},{"taxonomy":"product_cat","embeddable":true,"href":"https:\/\/drmazarro.com\/ca\/wp-json\/wp\/v2\/product_cat?post=24028"},{"taxonomy":"product_tag","embeddable":true,"href":"https:\/\/drmazarro.com\/ca\/wp-json\/wp\/v2\/product_tag?post=24028"}],"curies":[{"name":"wp","href":"https:\/\/api.w.org\/{rel}","templated":true}]}}