{"id":24015,"date":"2022-07-26T10:19:20","date_gmt":"2024-12-26T14:35:16","guid":{"rendered":"https:\/\/drmazarro.com\/producto\/renewal-creme\/"},"modified":"2025-01-03T20:14:35","modified_gmt":"2025-01-03T19:14:35","slug":"renewal-creme","status":"publish","type":"product","link":"https:\/\/drmazarro.com\/ca\/producto\/renewal-creme\/","title":{"rendered":"Renewal Cr\u00e8me"},"content":{"rendered":"<h2><em>Indicacions<\/em><\/h2>\n<p style=\"text-align: justify;\">Un hidratant lleuger d&#8217;absorci\u00f3 r\u00e0pida espec\u00edficament formulat per a la sequedat lleu i l&#8217;envermelliment. Aquesta f\u00f3rmula cl\u00ednicament provada revitalitza l&#8217;aparen\u00e7a de la pell estressada mentre proporciona hidrataci\u00f3 essencial sense pesadesa.<\/p>\n<p>\u2022 Proporciona reposici\u00f3 r\u00e0pida d&#8217;hidrataci\u00f3 amb sensaci\u00f3 lleugera<br \/>\n\u2022 Dona suport i enforteix la barrera protectora de la pell<br \/>\n\u2022 Suavitza visiblement les l\u00ednies fines i din\u00e0miques<br \/>\n\u2022 F\u00f3rmula sense frag\u00e0ncies<br \/>\n\u2022 Promou una aparen\u00e7a m\u00e9s uniforme i saludable<br \/>\n\u2022 Ideal per a pells estressades i deshidratades<\/p>\n<h2><em>Format<\/em><\/h2>\n<p style=\"text-align: justify;\">50mL<\/p>\n<h2><em>Ingredients<\/em><\/h2>\n<p>\u2022 Acetil Hexap\u00e8ptid-8<br \/>\n&#8211; Millora els signes d&#8217;envelliment accelerat<br \/>\n&#8211; Suavitza les l\u00ednies d&#8217;expressi\u00f3<br \/>\n&#8211; Millora l&#8217;aparen\u00e7a de la pell<\/p>\n<p>\u2022 Lisat de Ferment de Lactococcus<br \/>\n&#8211; Tecnologia derivada de probi\u00f2tics<br \/>\n&#8211; Enforteix la barrera protectora<br \/>\n&#8211; Promou una aparen\u00e7a uniforme<\/p>\n<p>\u2022 \u00c0cid Poliglut\u00e0mic<br \/>\n&#8211; Humectant natural<br \/>\n&#8211; Proporciona hidrataci\u00f3 profunda<br \/>\n&#8211; Crea efecte voluminitzador<\/p>\n<p>\u2022 Barreja d&#8217;Emol\u00b7lients Lleugers<br \/>\n&#8211; Cont\u00e9 \u00e8sters de jojoba i hialuronat s\u00f2dic<br \/>\n&#8211; Proporciona reposici\u00f3 lip\u00eddica lleugera<br \/>\n&#8211; Dona suport a la restauraci\u00f3 de la barrera<\/p>\n<h2><em>Com utilitzar Renewal Creme<\/em><\/h2>\n<p style=\"text-align: justify;\">Aplicar sobre la pell neta i seca al mat\u00ed o a la nit segons sigui necessari. Massatjar suaument fins a la seva absorci\u00f3. Es pot utilitzar sol o en capes amb altres tractaments ZO\u00ae segons les necessitats de la pell.<\/p>\n","protected":false},"excerpt":{"rendered":"<p>Renewal Cr\u00e8me<\/p>\n<p>Aconsegueix-lo al preu m\u00ednim amb enviament GRATU\u00cfT &#8211; clica per saber-ne m\u00e9s!<\/p>\n","protected":false},"featured_media":23907,"comment_status":"open","ping_status":"closed","template":"","meta":{"_acf_changed":false,"_monsterinsights_skip_tracking":false,"_monsterinsights_sitenote_active":false,"_monsterinsights_sitenote_note":"","_monsterinsights_sitenote_category":0},"product_brand":[],"product_cat":[224,250,222],"product_tag":[245],"class_list":{"0":"post-24015","1":"product","2":"type-product","3":"status-publish","4":"has-post-thumbnail","6":"product_cat-hidratacion-y-regeneracion-cutanea-ca","7":"product_cat-tots","8":"product_cat-zo-skin-health-ca","9":"product_tag-zo-skinhealth-by-zein-obagi-ca","11":"first","12":"instock","13":"shipping-taxable","14":"purchasable","15":"product-type-simple"},"acf":[],"yoast_head":"<!-- This site is optimized with the Yoast SEO plugin v27.3 - https:\/\/yoast.com\/product\/yoast-seo-wordpress\/ -->\n<title>Comprar Renewal Cr\u00e8me by ZO SkinHealth - Enviament Gratu\u00eft<\/title>\n<meta name=\"description\" content=\"Comprar Renewal Cr\u00e8me by ZO SkinHealth al millor preu amb ENVIAMENT GRATU\u00cfT. Encarrega online i rep els teus productes preferits a casa!\" \/>\n<meta name=\"robots\" content=\"index, follow, max-snippet:-1, max-image-preview:large, max-video-preview:-1\" \/>\n<link rel=\"canonical\" href=\"https:\/\/drmazarro.com\/ca\/producto\/renewal-creme\/\" \/>\n<meta property=\"og:locale\" content=\"ca_ES\" \/>\n<meta property=\"og:type\" content=\"article\" \/>\n<meta property=\"og:title\" content=\"Comprar Renewal Cr\u00e8me by ZO SkinHealth - Enviament Gratu\u00eft\" \/>\n<meta property=\"og:description\" content=\"Comprar Renewal Cr\u00e8me by ZO SkinHealth al millor preu amb ENVIAMENT GRATU\u00cfT. Encarrega online i rep els teus productes preferits a casa!\" \/>\n<meta property=\"og:url\" content=\"https:\/\/drmazarro.com\/ca\/producto\/renewal-creme\/\" \/>\n<meta property=\"og:site_name\" content=\"Dr. Mazarro\" \/>\n<meta property=\"article:publisher\" content=\"https:\/\/www.facebook.com\/Dr-Mazarro-Cirug%c3%ada-Est%c3%a9tica-Facial-en-Barcelona-101872084913358\/\" \/>\n<meta property=\"article:modified_time\" content=\"2025-01-03T19:14:35+00:00\" \/>\n<meta property=\"og:image\" content=\"https:\/\/drmazarro.com\/wp-content\/uploads\/2022\/07\/renewal-creme-S.png\" \/>\n\t<meta property=\"og:image:width\" content=\"350\" \/>\n\t<meta property=\"og:image:height\" content=\"477\" \/>\n\t<meta property=\"og:image:type\" content=\"image\/png\" \/>\n<meta name=\"twitter:card\" content=\"summary_large_image\" \/>\n<meta name=\"twitter:label1\" content=\"Temps estimat de lectura\" \/>\n\t<meta name=\"twitter:data1\" content=\"2 minuts\" \/>\n<!-- \/ Yoast SEO plugin. -->","yoast_head_json":{"title":"Comprar Renewal Cr\u00e8me by ZO SkinHealth - Enviament Gratu\u00eft","description":"Comprar Renewal Cr\u00e8me by ZO SkinHealth al millor preu amb ENVIAMENT GRATU\u00cfT. Encarrega online i rep els teus productes preferits a casa!","robots":{"index":"index","follow":"follow","max-snippet":"max-snippet:-1","max-image-preview":"max-image-preview:large","max-video-preview":"max-video-preview:-1"},"canonical":"https:\/\/drmazarro.com\/ca\/producto\/renewal-creme\/","og_locale":"ca_ES","og_type":"article","og_title":"Comprar Renewal Cr\u00e8me by ZO SkinHealth - Enviament Gratu\u00eft","og_description":"Comprar Renewal Cr\u00e8me by ZO SkinHealth al millor preu amb ENVIAMENT GRATU\u00cfT. Encarrega online i rep els teus productes preferits a casa!","og_url":"https:\/\/drmazarro.com\/ca\/producto\/renewal-creme\/","og_site_name":"Dr. Mazarro","article_publisher":"https:\/\/www.facebook.com\/Dr-Mazarro-Cirug%c3%ada-Est%c3%a9tica-Facial-en-Barcelona-101872084913358\/","article_modified_time":"2025-01-03T19:14:35+00:00","og_image":[{"width":350,"height":477,"url":"https:\/\/drmazarro.com\/wp-content\/uploads\/2022\/07\/renewal-creme-S.png","type":"image\/png"}],"twitter_card":"summary_large_image","twitter_misc":{"Temps estimat de lectura":"2 minuts"},"schema":{"@context":"https:\/\/schema.org","@graph":[{"@type":"WebPage","@id":"https:\/\/drmazarro.com\/ca\/producto\/renewal-creme\/","url":"https:\/\/drmazarro.com\/ca\/producto\/renewal-creme\/","name":"Comprar Renewal Cr\u00e8me by ZO SkinHealth - Enviament Gratu\u00eft","isPartOf":{"@id":"https:\/\/drmazarro.com\/ca\/#website"},"primaryImageOfPage":{"@id":"https:\/\/drmazarro.com\/ca\/producto\/renewal-creme\/#primaryimage"},"image":{"@id":"https:\/\/drmazarro.com\/ca\/producto\/renewal-creme\/#primaryimage"},"thumbnailUrl":"https:\/\/drmazarro.com\/wp-content\/uploads\/2022\/07\/renewal-creme-S.png","datePublished":"2024-12-26T14:35:16+00:00","dateModified":"2025-01-03T19:14:35+00:00","description":"Comprar Renewal Cr\u00e8me by ZO SkinHealth al millor preu amb ENVIAMENT GRATU\u00cfT. Encarrega online i rep els teus productes preferits a casa!","breadcrumb":{"@id":"https:\/\/drmazarro.com\/ca\/producto\/renewal-creme\/#breadcrumb"},"inLanguage":"ca","potentialAction":[{"@type":"ReadAction","target":["https:\/\/drmazarro.com\/ca\/producto\/renewal-creme\/"]}]},{"@type":"ImageObject","inLanguage":"ca","@id":"https:\/\/drmazarro.com\/ca\/producto\/renewal-creme\/#primaryimage","url":"https:\/\/drmazarro.com\/wp-content\/uploads\/2022\/07\/renewal-creme-S.png","contentUrl":"https:\/\/drmazarro.com\/wp-content\/uploads\/2022\/07\/renewal-creme-S.png","width":350,"height":477,"caption":"Renewal Creme"},{"@type":"BreadcrumbList","@id":"https:\/\/drmazarro.com\/ca\/producto\/renewal-creme\/#breadcrumb","itemListElement":[{"@type":"ListItem","position":1,"name":"Portada","item":"https:\/\/drmazarro.com\/ca\/"},{"@type":"ListItem","position":2,"name":"Botiga on-line","item":"https:\/\/drmazarro.com\/ca\/botiga-online\/"},{"@type":"ListItem","position":3,"name":"Renewal Cr\u00e8me"}]},{"@type":"WebSite","@id":"https:\/\/drmazarro.com\/ca\/#website","url":"https:\/\/drmazarro.com\/ca\/","name":"Dr. Mazarro","description":"Cirug\u00eda y Medicina Est\u00e9tica Facial en Barcelona","publisher":{"@id":"https:\/\/drmazarro.com\/ca\/#organization"},"potentialAction":[{"@type":"SearchAction","target":{"@type":"EntryPoint","urlTemplate":"https:\/\/drmazarro.com\/ca\/?s={search_term_string}"},"query-input":{"@type":"PropertyValueSpecification","valueRequired":true,"valueName":"search_term_string"}}],"inLanguage":"ca"},{"@type":"Organization","@id":"https:\/\/drmazarro.com\/ca\/#organization","name":"Dr. Mazarro","url":"https:\/\/drmazarro.com\/ca\/","logo":{"@type":"ImageObject","inLanguage":"ca","@id":"https:\/\/drmazarro.com\/ca\/#\/schema\/logo\/image\/","url":"https:\/\/drmazarro.com\/wp-content\/uploads\/2024\/03\/AM-576.png","contentUrl":"https:\/\/drmazarro.com\/wp-content\/uploads\/2024\/03\/AM-576.png","width":576,"height":576,"caption":"Dr. Mazarro"},"image":{"@id":"https:\/\/drmazarro.com\/ca\/#\/schema\/logo\/image\/"},"sameAs":["https:\/\/www.facebook.com\/Dr-Mazarro-Cirug\u00eda-Est\u00e9tica-Facial-en-Barcelona-101872084913358\/","https:\/\/www.instagram.com\/drmazarro_alejandro\/"]}]}},"_links":{"self":[{"href":"https:\/\/drmazarro.com\/ca\/wp-json\/wp\/v2\/product\/24015","targetHints":{"allow":["GET"]}}],"collection":[{"href":"https:\/\/drmazarro.com\/ca\/wp-json\/wp\/v2\/product"}],"about":[{"href":"https:\/\/drmazarro.com\/ca\/wp-json\/wp\/v2\/types\/product"}],"replies":[{"embeddable":true,"href":"https:\/\/drmazarro.com\/ca\/wp-json\/wp\/v2\/comments?post=24015"}],"wp:featuredmedia":[{"embeddable":true,"href":"https:\/\/drmazarro.com\/ca\/wp-json\/wp\/v2\/media\/23907"}],"wp:attachment":[{"href":"https:\/\/drmazarro.com\/ca\/wp-json\/wp\/v2\/media?parent=24015"}],"wp:term":[{"taxonomy":"product_brand","embeddable":true,"href":"https:\/\/drmazarro.com\/ca\/wp-json\/wp\/v2\/product_brand?post=24015"},{"taxonomy":"product_cat","embeddable":true,"href":"https:\/\/drmazarro.com\/ca\/wp-json\/wp\/v2\/product_cat?post=24015"},{"taxonomy":"product_tag","embeddable":true,"href":"https:\/\/drmazarro.com\/ca\/wp-json\/wp\/v2\/product_tag?post=24015"}],"curies":[{"name":"wp","href":"https:\/\/api.w.org\/{rel}","templated":true}]}}