{"id":24010,"date":"2022-07-26T10:22:38","date_gmt":"2024-12-26T14:35:15","guid":{"rendered":"https:\/\/drmazarro.com\/producto\/retinol-skin-brightener-05\/"},"modified":"2025-01-03T20:13:12","modified_gmt":"2025-01-03T19:13:12","slug":"retinol-skin-brightener-05","status":"publish","type":"product","link":"https:\/\/drmazarro.com\/ca\/producto\/retinol-skin-brightener-05\/","title":{"rendered":"Retinol Skin Brightener 0.5%"},"content":{"rendered":"<h2><em>Indicacions<\/em><\/h2>\n<p style=\"text-align: justify;\">Una soluci\u00f3 de retinol de grau professional que presenta tecnologia il\u00b7luminadora espec\u00edfica i sistema d&#8217;alliberament controlat. Aquesta f\u00f3rmula avan\u00e7ada est\u00e0 dissenyada per millorar el to irregular de la pell mentre assegura una estabilitat \u00f2ptima i toler\u00e0ncia cut\u00e0nia.<\/p>\n<p>\u2022 Promou l&#8217;exfoliaci\u00f3 suau per millorar el to i la suavitat de la pell<br \/>\n\u2022 Construeix la resist\u00e8ncia de la pell contra els desencadenants de la decoloraci\u00f3<br \/>\n\u2022 Presenta encapsulaci\u00f3 especialitzada per a l&#8217;alliberament controlat del retinol<br \/>\n\u2022 Inclou agents calmants per a un major confort durant l&#8217;\u00fas<br \/>\n\u2022 Proporciona resultats visibles d&#8217;il\u00b7luminaci\u00f3<br \/>\n\u2022 Millora la claredat i textura general de la pell<\/p>\n<h2><em>Format<\/em><\/h2>\n<p style=\"text-align: justify;\">50mL<\/p>\n<h2><em>Ingredients<\/em><\/h2>\n<p>\u2022 Retinol d&#8217;Alta Pot\u00e8ncia 0,5%<br \/>\n&#8211; Millora la textura de la pell<br \/>\n&#8211; Redueix la decoloraci\u00f3 visible<br \/>\n&#8211; Potencia la lluminositat i suavitat de la pell<\/p>\n<p>\u2022 Tecnologia Oleosome<br \/>\n&#8211; Permet l&#8217;alliberament dirigit<br \/>\n&#8211; Proporciona alliberament controlat de retinol<br \/>\n&#8211; Maximitza els beneficis il\u00b7luminadors<\/p>\n<p>\u2022 Bakuchiol<br \/>\n&#8211; Agent condicionador natural de la pell<br \/>\n&#8211; Suavitza i calma la pell<br \/>\n&#8211; Millora la toler\u00e0ncia<\/p>\n<p>\u2022 Complex Il\u00b7luminador Propietari<br \/>\n&#8211; Dona suport al to uniforme<br \/>\n&#8211; Promou la normalitzaci\u00f3 de la complexi\u00f3<\/p>\n<h2><em>Com utilitzar Retinol Skin Brightener 0,5%<\/em><\/h2>\n<p style=\"text-align: justify;\">Seguiu les indicacions del vostre metge.<\/p>\n<p><em>Notes importants:<\/em><br \/>\n\u2022 Les reaccions inicials poden incloure envermelliment, descamaci\u00f3, sequedat o pessigolleig lleu<br \/>\n\u2022 La pell s&#8217;adaptar\u00e0 amb l&#8217;\u00fas continuat<br \/>\n\u2022 Combinar amb un hidratant ZO\u00ae per minimitzar les reaccions<br \/>\n\u2022 Utilitzar sempre protecci\u00f3 solar SPF 30+ durant el dia<br \/>\n\u2022 Consultar amb el metge per a un protocol personalitzat<\/p>\n","protected":false},"excerpt":{"rendered":"<div class=\"clearfix text-formatted field field--name-field-body-short field--type-text-long field--label-hidden field__item\">\n<p>Retinol Skin Brightener 0.5%<\/p>\n<p>Aconsegueix-lo al preu m\u00ednim amb enviament GRATU\u00cfT &#8211; clica per saber-ne m\u00e9s!<\/p>\n<\/div>\n","protected":false},"featured_media":23898,"comment_status":"open","ping_status":"closed","template":"","meta":{"_acf_changed":false,"_monsterinsights_skip_tracking":false,"_monsterinsights_sitenote_active":false,"_monsterinsights_sitenote_note":"","_monsterinsights_sitenote_category":0},"product_brand":[],"product_cat":[226,250,222],"product_tag":[245],"class_list":{"0":"post-24010","1":"product","2":"type-product","3":"status-publish","4":"has-post-thumbnail","6":"product_cat-hiperpigmentacion-ca","7":"product_cat-tots","8":"product_cat-zo-skin-health-ca","9":"product_tag-zo-skinhealth-by-zein-obagi-ca","11":"first","12":"instock","13":"shipping-taxable","14":"purchasable","15":"product-type-simple"},"acf":[],"yoast_head":"<!-- This site is optimized with the Yoast SEO plugin v27.3 - https:\/\/yoast.com\/product\/yoast-seo-wordpress\/ -->\n<title>Comprar Retinol Skin Brightener 0.5% by ZO - Enviament Gratu\u00eft<\/title>\n<meta name=\"description\" content=\"Comprar Retinol Skin Brightener 0.5% al millor preu amb ENVIAMENT GRATU\u00cfT. Encarrega online i rep els teus productes preferits a casa!\" \/>\n<meta name=\"robots\" content=\"index, follow, max-snippet:-1, max-image-preview:large, max-video-preview:-1\" \/>\n<link rel=\"canonical\" href=\"https:\/\/drmazarro.com\/ca\/producto\/retinol-skin-brightener-05\/\" \/>\n<meta property=\"og:locale\" content=\"ca_ES\" \/>\n<meta property=\"og:type\" content=\"article\" \/>\n<meta property=\"og:title\" content=\"Comprar Retinol Skin Brightener 0.5% by ZO - Enviament Gratu\u00eft\" \/>\n<meta property=\"og:description\" content=\"Comprar Retinol Skin Brightener 0.5% al millor preu amb ENVIAMENT GRATU\u00cfT. Encarrega online i rep els teus productes preferits a casa!\" \/>\n<meta property=\"og:url\" content=\"https:\/\/drmazarro.com\/ca\/producto\/retinol-skin-brightener-05\/\" \/>\n<meta property=\"og:site_name\" content=\"Dr. Mazarro\" \/>\n<meta property=\"article:publisher\" content=\"https:\/\/www.facebook.com\/Dr-Mazarro-Cirug%c3%ada-Est%c3%a9tica-Facial-en-Barcelona-101872084913358\/\" \/>\n<meta property=\"article:modified_time\" content=\"2025-01-03T19:13:12+00:00\" \/>\n<meta property=\"og:image\" content=\"https:\/\/drmazarro.com\/wp-content\/uploads\/2022\/07\/RSB-05-S.png\" \/>\n\t<meta property=\"og:image:width\" content=\"350\" \/>\n\t<meta property=\"og:image:height\" content=\"477\" \/>\n\t<meta property=\"og:image:type\" content=\"image\/png\" \/>\n<meta name=\"twitter:card\" content=\"summary_large_image\" \/>\n<meta name=\"twitter:label1\" content=\"Temps estimat de lectura\" \/>\n\t<meta name=\"twitter:data1\" content=\"2 minuts\" \/>\n<!-- \/ Yoast SEO plugin. -->","yoast_head_json":{"title":"Comprar Retinol Skin Brightener 0.5% by ZO - Enviament Gratu\u00eft","description":"Comprar Retinol Skin Brightener 0.5% al millor preu amb ENVIAMENT GRATU\u00cfT. Encarrega online i rep els teus productes preferits a casa!","robots":{"index":"index","follow":"follow","max-snippet":"max-snippet:-1","max-image-preview":"max-image-preview:large","max-video-preview":"max-video-preview:-1"},"canonical":"https:\/\/drmazarro.com\/ca\/producto\/retinol-skin-brightener-05\/","og_locale":"ca_ES","og_type":"article","og_title":"Comprar Retinol Skin Brightener 0.5% by ZO - Enviament Gratu\u00eft","og_description":"Comprar Retinol Skin Brightener 0.5% al millor preu amb ENVIAMENT GRATU\u00cfT. Encarrega online i rep els teus productes preferits a casa!","og_url":"https:\/\/drmazarro.com\/ca\/producto\/retinol-skin-brightener-05\/","og_site_name":"Dr. Mazarro","article_publisher":"https:\/\/www.facebook.com\/Dr-Mazarro-Cirug%c3%ada-Est%c3%a9tica-Facial-en-Barcelona-101872084913358\/","article_modified_time":"2025-01-03T19:13:12+00:00","og_image":[{"width":350,"height":477,"url":"https:\/\/drmazarro.com\/wp-content\/uploads\/2022\/07\/RSB-05-S.png","type":"image\/png"}],"twitter_card":"summary_large_image","twitter_misc":{"Temps estimat de lectura":"2 minuts"},"schema":{"@context":"https:\/\/schema.org","@graph":[{"@type":"WebPage","@id":"https:\/\/drmazarro.com\/ca\/producto\/retinol-skin-brightener-05\/","url":"https:\/\/drmazarro.com\/ca\/producto\/retinol-skin-brightener-05\/","name":"Comprar Retinol Skin Brightener 0.5% by ZO - Enviament Gratu\u00eft","isPartOf":{"@id":"https:\/\/drmazarro.com\/ca\/#website"},"primaryImageOfPage":{"@id":"https:\/\/drmazarro.com\/ca\/producto\/retinol-skin-brightener-05\/#primaryimage"},"image":{"@id":"https:\/\/drmazarro.com\/ca\/producto\/retinol-skin-brightener-05\/#primaryimage"},"thumbnailUrl":"https:\/\/drmazarro.com\/wp-content\/uploads\/2022\/07\/RSB-05-S.png","datePublished":"2024-12-26T14:35:15+00:00","dateModified":"2025-01-03T19:13:12+00:00","description":"Comprar Retinol Skin Brightener 0.5% al millor preu amb ENVIAMENT GRATU\u00cfT. Encarrega online i rep els teus productes preferits a casa!","breadcrumb":{"@id":"https:\/\/drmazarro.com\/ca\/producto\/retinol-skin-brightener-05\/#breadcrumb"},"inLanguage":"ca","potentialAction":[{"@type":"ReadAction","target":["https:\/\/drmazarro.com\/ca\/producto\/retinol-skin-brightener-05\/"]}]},{"@type":"ImageObject","inLanguage":"ca","@id":"https:\/\/drmazarro.com\/ca\/producto\/retinol-skin-brightener-05\/#primaryimage","url":"https:\/\/drmazarro.com\/wp-content\/uploads\/2022\/07\/RSB-05-S.png","contentUrl":"https:\/\/drmazarro.com\/wp-content\/uploads\/2022\/07\/RSB-05-S.png","width":350,"height":477,"caption":"Retinol Skin Brightener 0.5%"},{"@type":"BreadcrumbList","@id":"https:\/\/drmazarro.com\/ca\/producto\/retinol-skin-brightener-05\/#breadcrumb","itemListElement":[{"@type":"ListItem","position":1,"name":"Portada","item":"https:\/\/drmazarro.com\/ca\/"},{"@type":"ListItem","position":2,"name":"Botiga on-line","item":"https:\/\/drmazarro.com\/ca\/botiga-online\/"},{"@type":"ListItem","position":3,"name":"Retinol Skin Brightener 0.5%"}]},{"@type":"WebSite","@id":"https:\/\/drmazarro.com\/ca\/#website","url":"https:\/\/drmazarro.com\/ca\/","name":"Dr. Mazarro","description":"Cirug\u00eda y Medicina Est\u00e9tica Facial en Barcelona","publisher":{"@id":"https:\/\/drmazarro.com\/ca\/#organization"},"potentialAction":[{"@type":"SearchAction","target":{"@type":"EntryPoint","urlTemplate":"https:\/\/drmazarro.com\/ca\/?s={search_term_string}"},"query-input":{"@type":"PropertyValueSpecification","valueRequired":true,"valueName":"search_term_string"}}],"inLanguage":"ca"},{"@type":"Organization","@id":"https:\/\/drmazarro.com\/ca\/#organization","name":"Dr. Mazarro","url":"https:\/\/drmazarro.com\/ca\/","logo":{"@type":"ImageObject","inLanguage":"ca","@id":"https:\/\/drmazarro.com\/ca\/#\/schema\/logo\/image\/","url":"https:\/\/drmazarro.com\/wp-content\/uploads\/2024\/03\/AM-576.png","contentUrl":"https:\/\/drmazarro.com\/wp-content\/uploads\/2024\/03\/AM-576.png","width":576,"height":576,"caption":"Dr. Mazarro"},"image":{"@id":"https:\/\/drmazarro.com\/ca\/#\/schema\/logo\/image\/"},"sameAs":["https:\/\/www.facebook.com\/Dr-Mazarro-Cirug\u00eda-Est\u00e9tica-Facial-en-Barcelona-101872084913358\/","https:\/\/www.instagram.com\/drmazarro_alejandro\/"]}]}},"_links":{"self":[{"href":"https:\/\/drmazarro.com\/ca\/wp-json\/wp\/v2\/product\/24010","targetHints":{"allow":["GET"]}}],"collection":[{"href":"https:\/\/drmazarro.com\/ca\/wp-json\/wp\/v2\/product"}],"about":[{"href":"https:\/\/drmazarro.com\/ca\/wp-json\/wp\/v2\/types\/product"}],"replies":[{"embeddable":true,"href":"https:\/\/drmazarro.com\/ca\/wp-json\/wp\/v2\/comments?post=24010"}],"wp:featuredmedia":[{"embeddable":true,"href":"https:\/\/drmazarro.com\/ca\/wp-json\/wp\/v2\/media\/23898"}],"wp:attachment":[{"href":"https:\/\/drmazarro.com\/ca\/wp-json\/wp\/v2\/media?parent=24010"}],"wp:term":[{"taxonomy":"product_brand","embeddable":true,"href":"https:\/\/drmazarro.com\/ca\/wp-json\/wp\/v2\/product_brand?post=24010"},{"taxonomy":"product_cat","embeddable":true,"href":"https:\/\/drmazarro.com\/ca\/wp-json\/wp\/v2\/product_cat?post=24010"},{"taxonomy":"product_tag","embeddable":true,"href":"https:\/\/drmazarro.com\/ca\/wp-json\/wp\/v2\/product_tag?post=24010"}],"curies":[{"name":"wp","href":"https:\/\/api.w.org\/{rel}","templated":true}]}}