{"id":24003,"date":"2022-07-26T10:25:15","date_gmt":"2024-12-26T14:35:16","guid":{"rendered":"https:\/\/drmazarro.com\/producto\/rozatrol\/"},"modified":"2025-01-03T20:11:42","modified_gmt":"2025-01-03T19:11:42","slug":"rozatrol","status":"publish","type":"product","link":"https:\/\/drmazarro.com\/ca\/producto\/rozatrol\/","title":{"rendered":"Rozatrol"},"content":{"rendered":"<h2><em>Indicacions<\/em><\/h2>\n<p style=\"text-align: justify;\">\u2022 Redueix l&#8217;aparen\u00e7a de l&#8217;envermelliment i la sensibilitat cut\u00e0nia<br \/>\n\u2022 Controla l&#8217;exc\u00e9s de greix superficial<br \/>\n\u2022 Proporciona exfoliaci\u00f3 suau per a la renovaci\u00f3 cel\u00b7lular<br \/>\n\u2022 Ofereix protecci\u00f3 antioxidant<br \/>\n\u2022 Dona suport a la funci\u00f3 barrera de la pell i la hidrataci\u00f3<br \/>\n\u2022 Millora la lluminositat general de la pell<br \/>\n\u2022 Unifica el to i la textura de la pell<\/p>\n<h2><em>Format<\/em><\/h2>\n<p style=\"text-align: justify;\">50mL<\/p>\n<h2><em>Composici\u00f3<\/em><\/h2>\n<p>\u2022 Complex de Lactosa i Prote\u00efna de Llet + Extracte de Brassica Oleracea Italica<br \/>\n&#8211; Calma i hidrata la pell sensibilitzada<br \/>\n&#8211; Minimitza l&#8217;envermelliment visible<\/p>\n<p>\u2022 Acetat de Farnesil, Farnesol, Triacetat de Pantenil<br \/>\n&#8211; Controla l&#8217;exc\u00e9s de producci\u00f3 de greix<\/p>\n<p>\u2022 Papa\u00efna<br \/>\n&#8211; Proporciona exfoliaci\u00f3 enzim\u00e0tica suau<br \/>\n&#8211; Millora la textura i el to de la pell<\/p>\n<p>\u2022 Complex ZO-RRS\u00b2\u00ae<br \/>\n&#8211; Tecnologia exclusiva de c\u00e8l\u00b7lules mare vegetals<br \/>\n&#8211; Aporta potents beneficis antioxidants<\/p>\n<p>\u2022 Glicerina<br \/>\n&#8211; Millora la retenci\u00f3 d&#8217;hidrataci\u00f3<br \/>\n&#8211; Dona suport a la funci\u00f3 barrera de la pell<\/p>\n<h2><em>Com utilitzar Rozatrol<\/em><\/h2>\n<p style=\"text-align: justify;\">\u2022 Aplicar sobre la pell neta i seca<br \/>\n\u2022 Utilitzar dues vegades al dia (MAT\u00cd + NIT)<br \/>\n\u2022 Es pot integrar en la rutina de cura de la pell existent<br \/>\n\u2022 Per a resultats \u00f2ptims, seguir el protocol complet ZO\u00ae<br \/>\n\u2022 Consultar amb l&#8217;especialista en cura de la pell per a consells personalitzats<\/p>\n","protected":false},"excerpt":{"rendered":"<p>Rozatrol<\/p>\n<p>Aconsegueix-lo al preu m\u00ednim amb enviament GRATU\u00cfT &#8211; clica per saber-ne m\u00e9s!<\/p>\n","protected":false},"featured_media":23890,"comment_status":"open","ping_status":"closed","template":"","meta":{"_acf_changed":false,"_monsterinsights_skip_tracking":false,"_monsterinsights_sitenote_active":false,"_monsterinsights_sitenote_note":"","_monsterinsights_sitenote_category":0},"product_brand":[],"product_cat":[232,250,222],"product_tag":[245],"class_list":{"0":"post-24003","1":"product","2":"type-product","3":"status-publish","4":"has-post-thumbnail","6":"product_cat-piel-sensible-ca","7":"product_cat-tots","8":"product_cat-zo-skin-health-ca","9":"product_tag-zo-skinhealth-by-zein-obagi-ca","11":"first","12":"instock","13":"shipping-taxable","14":"purchasable","15":"product-type-simple"},"acf":[],"yoast_head":"<!-- This site is optimized with the Yoast SEO plugin v27.3 - https:\/\/yoast.com\/product\/yoast-seo-wordpress\/ -->\n<title>Comprar Rozatrol by ZO SkinHealth - Enviament Gratu\u00eft<\/title>\n<meta name=\"description\" content=\"Comprar Rozatrol al millor preu amb ENVIAMENT GRATU\u00cfT. Encarrega online i rep els teus productes preferits a casa!\" \/>\n<meta name=\"robots\" content=\"index, follow, max-snippet:-1, max-image-preview:large, max-video-preview:-1\" \/>\n<link rel=\"canonical\" href=\"https:\/\/drmazarro.com\/ca\/producto\/rozatrol\/\" \/>\n<meta property=\"og:locale\" content=\"ca_ES\" \/>\n<meta property=\"og:type\" content=\"article\" \/>\n<meta property=\"og:title\" content=\"Comprar Rozatrol by ZO SkinHealth - Enviament Gratu\u00eft\" \/>\n<meta property=\"og:description\" content=\"Comprar Rozatrol al millor preu amb ENVIAMENT GRATU\u00cfT. Encarrega online i rep els teus productes preferits a casa!\" \/>\n<meta property=\"og:url\" content=\"https:\/\/drmazarro.com\/ca\/producto\/rozatrol\/\" \/>\n<meta property=\"og:site_name\" content=\"Dr. Mazarro\" \/>\n<meta property=\"article:publisher\" content=\"https:\/\/www.facebook.com\/Dr-Mazarro-Cirug%c3%ada-Est%c3%a9tica-Facial-en-Barcelona-101872084913358\/\" \/>\n<meta property=\"article:modified_time\" content=\"2025-01-03T19:11:42+00:00\" \/>\n<meta property=\"og:image\" content=\"https:\/\/drmazarro.com\/wp-content\/uploads\/2022\/07\/rozatrol-S.png\" \/>\n\t<meta property=\"og:image:width\" content=\"350\" \/>\n\t<meta property=\"og:image:height\" content=\"477\" \/>\n\t<meta property=\"og:image:type\" content=\"image\/png\" \/>\n<meta name=\"twitter:card\" content=\"summary_large_image\" \/>\n<meta name=\"twitter:label1\" content=\"Temps estimat de lectura\" \/>\n\t<meta name=\"twitter:data1\" content=\"1 minut\" \/>\n<!-- \/ Yoast SEO plugin. -->","yoast_head_json":{"title":"Comprar Rozatrol by ZO SkinHealth - Enviament Gratu\u00eft","description":"Comprar Rozatrol al millor preu amb ENVIAMENT GRATU\u00cfT. Encarrega online i rep els teus productes preferits a casa!","robots":{"index":"index","follow":"follow","max-snippet":"max-snippet:-1","max-image-preview":"max-image-preview:large","max-video-preview":"max-video-preview:-1"},"canonical":"https:\/\/drmazarro.com\/ca\/producto\/rozatrol\/","og_locale":"ca_ES","og_type":"article","og_title":"Comprar Rozatrol by ZO SkinHealth - Enviament Gratu\u00eft","og_description":"Comprar Rozatrol al millor preu amb ENVIAMENT GRATU\u00cfT. Encarrega online i rep els teus productes preferits a casa!","og_url":"https:\/\/drmazarro.com\/ca\/producto\/rozatrol\/","og_site_name":"Dr. Mazarro","article_publisher":"https:\/\/www.facebook.com\/Dr-Mazarro-Cirug%c3%ada-Est%c3%a9tica-Facial-en-Barcelona-101872084913358\/","article_modified_time":"2025-01-03T19:11:42+00:00","og_image":[{"width":350,"height":477,"url":"https:\/\/drmazarro.com\/wp-content\/uploads\/2022\/07\/rozatrol-S.png","type":"image\/png"}],"twitter_card":"summary_large_image","twitter_misc":{"Temps estimat de lectura":"1 minut"},"schema":{"@context":"https:\/\/schema.org","@graph":[{"@type":"WebPage","@id":"https:\/\/drmazarro.com\/ca\/producto\/rozatrol\/","url":"https:\/\/drmazarro.com\/ca\/producto\/rozatrol\/","name":"Comprar Rozatrol by ZO SkinHealth - Enviament Gratu\u00eft","isPartOf":{"@id":"https:\/\/drmazarro.com\/ca\/#website"},"primaryImageOfPage":{"@id":"https:\/\/drmazarro.com\/ca\/producto\/rozatrol\/#primaryimage"},"image":{"@id":"https:\/\/drmazarro.com\/ca\/producto\/rozatrol\/#primaryimage"},"thumbnailUrl":"https:\/\/drmazarro.com\/wp-content\/uploads\/2022\/07\/rozatrol-S.png","datePublished":"2024-12-26T14:35:16+00:00","dateModified":"2025-01-03T19:11:42+00:00","description":"Comprar Rozatrol al millor preu amb ENVIAMENT GRATU\u00cfT. Encarrega online i rep els teus productes preferits a casa!","breadcrumb":{"@id":"https:\/\/drmazarro.com\/ca\/producto\/rozatrol\/#breadcrumb"},"inLanguage":"ca","potentialAction":[{"@type":"ReadAction","target":["https:\/\/drmazarro.com\/ca\/producto\/rozatrol\/"]}]},{"@type":"ImageObject","inLanguage":"ca","@id":"https:\/\/drmazarro.com\/ca\/producto\/rozatrol\/#primaryimage","url":"https:\/\/drmazarro.com\/wp-content\/uploads\/2022\/07\/rozatrol-S.png","contentUrl":"https:\/\/drmazarro.com\/wp-content\/uploads\/2022\/07\/rozatrol-S.png","width":350,"height":477,"caption":"Rozatrol ZO SkinHealth"},{"@type":"BreadcrumbList","@id":"https:\/\/drmazarro.com\/ca\/producto\/rozatrol\/#breadcrumb","itemListElement":[{"@type":"ListItem","position":1,"name":"Portada","item":"https:\/\/drmazarro.com\/ca\/"},{"@type":"ListItem","position":2,"name":"Botiga on-line","item":"https:\/\/drmazarro.com\/ca\/botiga-online\/"},{"@type":"ListItem","position":3,"name":"Rozatrol"}]},{"@type":"WebSite","@id":"https:\/\/drmazarro.com\/ca\/#website","url":"https:\/\/drmazarro.com\/ca\/","name":"Dr. Mazarro","description":"Cirug\u00eda y Medicina Est\u00e9tica Facial en Barcelona","publisher":{"@id":"https:\/\/drmazarro.com\/ca\/#organization"},"potentialAction":[{"@type":"SearchAction","target":{"@type":"EntryPoint","urlTemplate":"https:\/\/drmazarro.com\/ca\/?s={search_term_string}"},"query-input":{"@type":"PropertyValueSpecification","valueRequired":true,"valueName":"search_term_string"}}],"inLanguage":"ca"},{"@type":"Organization","@id":"https:\/\/drmazarro.com\/ca\/#organization","name":"Dr. Mazarro","url":"https:\/\/drmazarro.com\/ca\/","logo":{"@type":"ImageObject","inLanguage":"ca","@id":"https:\/\/drmazarro.com\/ca\/#\/schema\/logo\/image\/","url":"https:\/\/drmazarro.com\/wp-content\/uploads\/2024\/03\/AM-576.png","contentUrl":"https:\/\/drmazarro.com\/wp-content\/uploads\/2024\/03\/AM-576.png","width":576,"height":576,"caption":"Dr. Mazarro"},"image":{"@id":"https:\/\/drmazarro.com\/ca\/#\/schema\/logo\/image\/"},"sameAs":["https:\/\/www.facebook.com\/Dr-Mazarro-Cirug\u00eda-Est\u00e9tica-Facial-en-Barcelona-101872084913358\/","https:\/\/www.instagram.com\/drmazarro_alejandro\/"]}]}},"_links":{"self":[{"href":"https:\/\/drmazarro.com\/ca\/wp-json\/wp\/v2\/product\/24003","targetHints":{"allow":["GET"]}}],"collection":[{"href":"https:\/\/drmazarro.com\/ca\/wp-json\/wp\/v2\/product"}],"about":[{"href":"https:\/\/drmazarro.com\/ca\/wp-json\/wp\/v2\/types\/product"}],"replies":[{"embeddable":true,"href":"https:\/\/drmazarro.com\/ca\/wp-json\/wp\/v2\/comments?post=24003"}],"wp:featuredmedia":[{"embeddable":true,"href":"https:\/\/drmazarro.com\/ca\/wp-json\/wp\/v2\/media\/23890"}],"wp:attachment":[{"href":"https:\/\/drmazarro.com\/ca\/wp-json\/wp\/v2\/media?parent=24003"}],"wp:term":[{"taxonomy":"product_brand","embeddable":true,"href":"https:\/\/drmazarro.com\/ca\/wp-json\/wp\/v2\/product_brand?post=24003"},{"taxonomy":"product_cat","embeddable":true,"href":"https:\/\/drmazarro.com\/ca\/wp-json\/wp\/v2\/product_cat?post=24003"},{"taxonomy":"product_tag","embeddable":true,"href":"https:\/\/drmazarro.com\/ca\/wp-json\/wp\/v2\/product_tag?post=24003"}],"curies":[{"name":"wp","href":"https:\/\/api.w.org\/{rel}","templated":true}]}}