{"id":24000,"date":"2022-07-26T10:26:32","date_gmt":"2024-12-26T14:35:17","guid":{"rendered":"https:\/\/drmazarro.com\/producto\/skin-brightening-program\/"},"modified":"2025-07-17T09:21:13","modified_gmt":"2025-07-17T07:21:13","slug":"skin-brightening-program","status":"publish","type":"product","link":"https:\/\/drmazarro.com\/ca\/producto\/skin-brightening-program\/","title":{"rendered":"Skin Brightening Program + Texture"},"content":{"rendered":"<h2><em>Av\u00eds<\/em><\/h2>\n<p style=\"text-align: justify;\">El kit Skin Brightening Program + Texture est\u00e0 descatalogat.<br \/>\nConsulta aqu\u00ed els productes que el componen:<\/p>\n<p><a href=\"https:\/\/drmazarro.com\/ca\/producto\/retinol-skin-brightener\/\">&#8211; Retinol Skin Brightener 1% &#8211; 30 mL<\/a><br \/>\n<a href=\"https:\/\/drmazarro.com\/ca\/producto\/daily-power-defense\/\">&#8211; Daily Power Defense &#8211; 30 mL<\/a><br \/>\n<a href=\"https:\/\/drmazarro.com\/ca\/producto\/wrinkle-texture-repair\/\">&#8211; Wrinkle + Texture Repair &#8211; 30 mL<\/a><br \/>\n<a href=\"https:\/\/drmazarro.com\/ca\/producto\/brightalive-skin-brightener\/\">&#8211; Brightalive &#8211; 30 mL<\/a><\/p>\n<p>&nbsp;<\/p>\n<h2><em>Indicacions<\/em><\/h2>\n<p style=\"text-align: justify;\">Ideal per millorar l&#8217;aparen\u00e7a del to irregular de la pell<br \/>\n\u2022 Millora el to irregular de la pell sense hidroquinona<br \/>\n\u2022 Tracta la decoloraci\u00f3 no espec\u00edfica (pigues, taques de l&#8217;edat, to irregular)<br \/>\n\u2022 Proporciona il\u00b7luminaci\u00f3 cut\u00e0nia intensiva i efectiva<\/p>\n<h2><em>Format<\/em><\/h2>\n<p style=\"text-align: justify;\">4 productes:<br \/>\n&#8211; Retinol Skin Brightener 1% &#8211; 30 mL<br \/>\n&#8211; Daily Power Defense &#8211; 30 mL<br \/>\n&#8211; Wrinkle + Texture Repair &#8211; 30 mL<br \/>\n&#8211; Brightalive &#8211; 30 mL<\/p>\n<h2><em>Com utilitzar Skin Brightening Program<\/em><\/h2>\n<p>Pas 1: NETEJAR (<strong>Netejador Suau<\/strong>) MAT\u00cd + NIT<br \/>\nPas 2: EXFOLIAR (Exfoliant Polish) MAT\u00cd o NIT<br \/>\nPas 3: TONIFICAR (Tovalloletes de Renovaci\u00f3 del Cutis) MAT\u00cd + NIT<br \/>\nPas 4: PREVENIR + CORREGIR (<strong>Daily Power Defense<\/strong>) MAT\u00cd + NIT<br \/>\nPas 5: IL\u00b7LUMINAR (<strong>Brightalive\u00ae<\/strong>) MAT\u00cd \/ (<strong>Retinol Skin Brightener &#8211; Wrinkle + Texture Repair<\/strong>) NIT<\/p>\n","protected":false},"excerpt":{"rendered":"<p>Skin Brightening Program + Texture<\/p>\n<p>Aconsegueix-lo al preu m\u00ednim amb enviament GRATU\u00cfT &#8211; clica per saber-ne m\u00e9s!<\/p>\n","protected":false},"featured_media":6550,"comment_status":"open","ping_status":"closed","template":"","meta":{"_acf_changed":false,"_monsterinsights_skip_tracking":false,"_monsterinsights_sitenote_active":false,"_monsterinsights_sitenote_note":"","_monsterinsights_sitenote_category":0},"product_brand":[],"product_cat":[226,227,250,222],"product_tag":[245],"class_list":{"0":"post-24000","1":"product","2":"type-product","3":"status-publish","4":"has-post-thumbnail","6":"product_cat-hiperpigmentacion-ca","7":"product_cat-kits-zo-skin-health-ca","8":"product_cat-tots","9":"product_cat-zo-skin-health-ca","10":"product_tag-zo-skinhealth-by-zein-obagi-ca","12":"first","13":"outofstock","14":"shipping-taxable","15":"product-type-simple"},"acf":[],"yoast_head":"<!-- This site is optimized with the Yoast SEO plugin v27.3 - https:\/\/yoast.com\/product\/yoast-seo-wordpress\/ -->\n<title>Comprar Skin Brightening Program + Texture - Enviament Gratu\u00eft<\/title>\n<meta name=\"description\" content=\"Comprar Skin Brightening Program + Texture al millor preu amb ENVIAMENT GRATU\u00cfT. Encarrega online i rep els teus productes preferits a casa!\" \/>\n<meta name=\"robots\" content=\"index, follow, max-snippet:-1, max-image-preview:large, max-video-preview:-1\" \/>\n<link rel=\"canonical\" href=\"https:\/\/drmazarro.com\/ca\/producto\/skin-brightening-program\/\" \/>\n<meta property=\"og:locale\" content=\"ca_ES\" \/>\n<meta property=\"og:type\" content=\"article\" \/>\n<meta property=\"og:title\" content=\"Comprar Skin Brightening Program + Texture - Enviament Gratu\u00eft\" \/>\n<meta property=\"og:description\" content=\"Comprar Skin Brightening Program + Texture al millor preu amb ENVIAMENT GRATU\u00cfT. Encarrega online i rep els teus productes preferits a casa!\" \/>\n<meta property=\"og:url\" content=\"https:\/\/drmazarro.com\/ca\/producto\/skin-brightening-program\/\" \/>\n<meta property=\"og:site_name\" content=\"Dr. Mazarro\" \/>\n<meta property=\"article:publisher\" content=\"https:\/\/www.facebook.com\/Dr-Mazarro-Cirug%c3%ada-Est%c3%a9tica-Facial-en-Barcelona-101872084913358\/\" \/>\n<meta property=\"article:modified_time\" content=\"2025-07-17T07:21:13+00:00\" \/>\n<meta property=\"og:image\" content=\"https:\/\/drmazarro.com\/wp-content\/uploads\/2022\/07\/2018-Kit_Skin-Brightening-Program-Texture-Repair.png\" \/>\n\t<meta property=\"og:image:width\" content=\"480\" \/>\n\t<meta property=\"og:image:height\" content=\"371\" \/>\n\t<meta property=\"og:image:type\" content=\"image\/png\" \/>\n<meta name=\"twitter:card\" content=\"summary_large_image\" \/>\n<meta name=\"twitter:label1\" content=\"Temps estimat de lectura\" \/>\n\t<meta name=\"twitter:data1\" content=\"1 minut\" \/>\n<!-- \/ Yoast SEO plugin. -->","yoast_head_json":{"title":"Comprar Skin Brightening Program + Texture - Enviament Gratu\u00eft","description":"Comprar Skin Brightening Program + Texture al millor preu amb ENVIAMENT GRATU\u00cfT. Encarrega online i rep els teus productes preferits a casa!","robots":{"index":"index","follow":"follow","max-snippet":"max-snippet:-1","max-image-preview":"max-image-preview:large","max-video-preview":"max-video-preview:-1"},"canonical":"https:\/\/drmazarro.com\/ca\/producto\/skin-brightening-program\/","og_locale":"ca_ES","og_type":"article","og_title":"Comprar Skin Brightening Program + Texture - Enviament Gratu\u00eft","og_description":"Comprar Skin Brightening Program + Texture al millor preu amb ENVIAMENT GRATU\u00cfT. Encarrega online i rep els teus productes preferits a casa!","og_url":"https:\/\/drmazarro.com\/ca\/producto\/skin-brightening-program\/","og_site_name":"Dr. Mazarro","article_publisher":"https:\/\/www.facebook.com\/Dr-Mazarro-Cirug%c3%ada-Est%c3%a9tica-Facial-en-Barcelona-101872084913358\/","article_modified_time":"2025-07-17T07:21:13+00:00","og_image":[{"width":480,"height":371,"url":"https:\/\/drmazarro.com\/wp-content\/uploads\/2022\/07\/2018-Kit_Skin-Brightening-Program-Texture-Repair.png","type":"image\/png"}],"twitter_card":"summary_large_image","twitter_misc":{"Temps estimat de lectura":"1 minut"},"schema":{"@context":"https:\/\/schema.org","@graph":[{"@type":"WebPage","@id":"https:\/\/drmazarro.com\/ca\/producto\/skin-brightening-program\/","url":"https:\/\/drmazarro.com\/ca\/producto\/skin-brightening-program\/","name":"Comprar Skin Brightening Program + Texture - Enviament Gratu\u00eft","isPartOf":{"@id":"https:\/\/drmazarro.com\/ca\/#website"},"primaryImageOfPage":{"@id":"https:\/\/drmazarro.com\/ca\/producto\/skin-brightening-program\/#primaryimage"},"image":{"@id":"https:\/\/drmazarro.com\/ca\/producto\/skin-brightening-program\/#primaryimage"},"thumbnailUrl":"https:\/\/drmazarro.com\/wp-content\/uploads\/2022\/07\/2018-Kit_Skin-Brightening-Program-Texture-Repair.png","datePublished":"2024-12-26T14:35:17+00:00","dateModified":"2025-07-17T07:21:13+00:00","description":"Comprar Skin Brightening Program + Texture al millor preu amb ENVIAMENT GRATU\u00cfT. Encarrega online i rep els teus productes preferits a casa!","breadcrumb":{"@id":"https:\/\/drmazarro.com\/ca\/producto\/skin-brightening-program\/#breadcrumb"},"inLanguage":"ca","potentialAction":[{"@type":"ReadAction","target":["https:\/\/drmazarro.com\/ca\/producto\/skin-brightening-program\/"]}]},{"@type":"ImageObject","inLanguage":"ca","@id":"https:\/\/drmazarro.com\/ca\/producto\/skin-brightening-program\/#primaryimage","url":"https:\/\/drmazarro.com\/wp-content\/uploads\/2022\/07\/2018-Kit_Skin-Brightening-Program-Texture-Repair.png","contentUrl":"https:\/\/drmazarro.com\/wp-content\/uploads\/2022\/07\/2018-Kit_Skin-Brightening-Program-Texture-Repair.png","width":480,"height":371},{"@type":"BreadcrumbList","@id":"https:\/\/drmazarro.com\/ca\/producto\/skin-brightening-program\/#breadcrumb","itemListElement":[{"@type":"ListItem","position":1,"name":"Portada","item":"https:\/\/drmazarro.com\/ca\/"},{"@type":"ListItem","position":2,"name":"Botiga on-line","item":"https:\/\/drmazarro.com\/ca\/botiga-online\/"},{"@type":"ListItem","position":3,"name":"Skin Brightening Program + Texture"}]},{"@type":"WebSite","@id":"https:\/\/drmazarro.com\/ca\/#website","url":"https:\/\/drmazarro.com\/ca\/","name":"Dr. Mazarro","description":"Cirug\u00eda y Medicina Est\u00e9tica Facial en Barcelona","publisher":{"@id":"https:\/\/drmazarro.com\/ca\/#organization"},"potentialAction":[{"@type":"SearchAction","target":{"@type":"EntryPoint","urlTemplate":"https:\/\/drmazarro.com\/ca\/?s={search_term_string}"},"query-input":{"@type":"PropertyValueSpecification","valueRequired":true,"valueName":"search_term_string"}}],"inLanguage":"ca"},{"@type":"Organization","@id":"https:\/\/drmazarro.com\/ca\/#organization","name":"Dr. Mazarro","url":"https:\/\/drmazarro.com\/ca\/","logo":{"@type":"ImageObject","inLanguage":"ca","@id":"https:\/\/drmazarro.com\/ca\/#\/schema\/logo\/image\/","url":"https:\/\/drmazarro.com\/wp-content\/uploads\/2024\/03\/AM-576.png","contentUrl":"https:\/\/drmazarro.com\/wp-content\/uploads\/2024\/03\/AM-576.png","width":576,"height":576,"caption":"Dr. Mazarro"},"image":{"@id":"https:\/\/drmazarro.com\/ca\/#\/schema\/logo\/image\/"},"sameAs":["https:\/\/www.facebook.com\/Dr-Mazarro-Cirug\u00eda-Est\u00e9tica-Facial-en-Barcelona-101872084913358\/","https:\/\/www.instagram.com\/drmazarro_alejandro\/"]}]}},"_links":{"self":[{"href":"https:\/\/drmazarro.com\/ca\/wp-json\/wp\/v2\/product\/24000","targetHints":{"allow":["GET"]}}],"collection":[{"href":"https:\/\/drmazarro.com\/ca\/wp-json\/wp\/v2\/product"}],"about":[{"href":"https:\/\/drmazarro.com\/ca\/wp-json\/wp\/v2\/types\/product"}],"replies":[{"embeddable":true,"href":"https:\/\/drmazarro.com\/ca\/wp-json\/wp\/v2\/comments?post=24000"}],"wp:featuredmedia":[{"embeddable":true,"href":"https:\/\/drmazarro.com\/ca\/wp-json\/wp\/v2\/media\/6550"}],"wp:attachment":[{"href":"https:\/\/drmazarro.com\/ca\/wp-json\/wp\/v2\/media?parent=24000"}],"wp:term":[{"taxonomy":"product_brand","embeddable":true,"href":"https:\/\/drmazarro.com\/ca\/wp-json\/wp\/v2\/product_brand?post=24000"},{"taxonomy":"product_cat","embeddable":true,"href":"https:\/\/drmazarro.com\/ca\/wp-json\/wp\/v2\/product_cat?post=24000"},{"taxonomy":"product_tag","embeddable":true,"href":"https:\/\/drmazarro.com\/ca\/wp-json\/wp\/v2\/product_tag?post=24000"}],"curies":[{"name":"wp","href":"https:\/\/api.w.org\/{rel}","templated":true}]}}