{"id":23995,"date":"2022-07-26T10:29:09","date_gmt":"2024-12-26T14:35:17","guid":{"rendered":"https:\/\/drmazarro.com\/producto\/wrinkle-texture-repair\/"},"modified":"2025-01-03T20:09:02","modified_gmt":"2025-01-03T19:09:02","slug":"wrinkle-texture-repair","status":"publish","type":"product","link":"https:\/\/drmazarro.com\/ca\/producto\/wrinkle-texture-repair\/","title":{"rendered":"Wrinkle + Texture Repair"},"content":{"rendered":"<h2><em>Indicacions<\/em><\/h2>\n<p style=\"text-align: justify;\">Emulsi\u00f3 basada en <strong>Retinol (0,5%)<\/strong> dissenyada per a pells irregulars per millorar la textura cut\u00e0nia i estimular el proc\u00e9s de renovaci\u00f3 de la pell.<\/p>\n<p>\u2022 Disminueix els signes visibles de l&#8217;envelliment i les l\u00ednies fines<br \/>\n\u2022 Millora la textura de la pell i promou la suavitat<br \/>\n\u2022 Optimitza la funci\u00f3 barrera de la pell i la retenci\u00f3 d&#8217;hidrataci\u00f3<\/p>\n<h2><em>Format<\/em><\/h2>\n<p style=\"text-align: justify;\">50mL<\/p>\n<h2><em>Ingredients<\/em><\/h2>\n<p style=\"text-align: justify;\">Retinol Micronitzat <strong>(0,5%)<\/strong><br \/>\nZCORE: p\u00e8ptids biomim\u00e8tics que afavoreixen l&#8217;ancoratge d&#8217;estructures a la uni\u00f3 dermoepid\u00e8rmica<br \/>\nC\u00e8l\u00b7lules mare de Buddleja D., vitamina C i E: proporcionen protecci\u00f3 antioxidant.<br \/>\nHidrolitzat de sericina: precursor del col\u00b7lagen.<br \/>\nExtractes vegetals (Br\u00f2quil i oli de llavor de gira-sol): amb propietats anti-irritants.<\/p>\n<h2><em>Com utilitzar<\/em><\/h2>\n<p style=\"text-align: justify;\">Seguiu les indicacions del vostre metge.<\/p>\n<p>Les respostes inicials de la pell poden incloure envermelliment lleu, descamaci\u00f3, sequedat o pessigolleig &#8211; aquests s\u00f3n signes normals d&#8217;adaptaci\u00f3 al retinol. La vostra pell s&#8217;ajustar\u00e0 amb l&#8217;\u00fas continuat, revelant una aparen\u00e7a m\u00e9s refinada, uniforme i juvenil. Per a un confort \u00f2ptim, combinar amb un hidratant especialitzat. Utilitzar sempre protecci\u00f3 solar d&#8217;ampli espectre SPF 30+ durant el dia, ja que el retinol augmenta la sensibilitat al sol.<\/p>\n","protected":false},"excerpt":{"rendered":"<p>Wrinkle + Texture Repair 0,5% Retinol<\/p>\n<p>Aconsegueix-lo al preu m\u00ednim amb enviament GRATU\u00cfT &#8211; clica per saber-ne m\u00e9s!<\/p>\n","protected":false},"featured_media":23881,"comment_status":"open","ping_status":"closed","template":"","meta":{"_acf_changed":false,"_monsterinsights_skip_tracking":false,"_monsterinsights_sitenote_active":false,"_monsterinsights_sitenote_note":"","_monsterinsights_sitenote_category":0},"product_brand":[],"product_cat":[250,236,222],"product_tag":[245],"class_list":{"0":"post-23995","1":"product","2":"type-product","3":"status-publish","4":"has-post-thumbnail","6":"product_cat-tots","7":"product_cat-tratamientos-antiedad-ca","8":"product_cat-zo-skin-health-ca","9":"product_tag-zo-skinhealth-by-zein-obagi-ca","11":"first","12":"instock","13":"shipping-taxable","14":"purchasable","15":"product-type-simple"},"acf":[],"yoast_head":"<!-- This site is optimized with the Yoast SEO plugin v27.3 - https:\/\/yoast.com\/product\/yoast-seo-wordpress\/ -->\n<title>Comprar Wrinkle + Texture Repair by ZO - Enviament Gratu\u00eft<\/title>\n<meta name=\"description\" content=\"Comprar Wrinkle + Texture Repair al millor preu amb ENVIAMENT GRATU\u00cfT. Encarrega online i rep els teus productes preferits a casa!\" \/>\n<meta name=\"robots\" content=\"index, follow, max-snippet:-1, max-image-preview:large, max-video-preview:-1\" \/>\n<link rel=\"canonical\" href=\"https:\/\/drmazarro.com\/ca\/producto\/wrinkle-texture-repair\/\" \/>\n<meta property=\"og:locale\" content=\"ca_ES\" \/>\n<meta property=\"og:type\" content=\"article\" \/>\n<meta property=\"og:title\" content=\"Comprar Wrinkle + Texture Repair by ZO - Enviament Gratu\u00eft\" \/>\n<meta property=\"og:description\" content=\"Comprar Wrinkle + Texture Repair al millor preu amb ENVIAMENT GRATU\u00cfT. Encarrega online i rep els teus productes preferits a casa!\" \/>\n<meta property=\"og:url\" content=\"https:\/\/drmazarro.com\/ca\/producto\/wrinkle-texture-repair\/\" \/>\n<meta property=\"og:site_name\" content=\"Dr. Mazarro\" \/>\n<meta property=\"article:publisher\" content=\"https:\/\/www.facebook.com\/Dr-Mazarro-Cirug%c3%ada-Est%c3%a9tica-Facial-en-Barcelona-101872084913358\/\" \/>\n<meta property=\"article:modified_time\" content=\"2025-01-03T19:09:02+00:00\" \/>\n<meta property=\"og:image\" content=\"https:\/\/drmazarro.com\/wp-content\/uploads\/2022\/07\/WT-repair-transparente-S.png\" \/>\n\t<meta property=\"og:image:width\" content=\"350\" \/>\n\t<meta property=\"og:image:height\" content=\"477\" \/>\n\t<meta property=\"og:image:type\" content=\"image\/png\" \/>\n<meta name=\"twitter:card\" content=\"summary_large_image\" \/>\n<meta name=\"twitter:label1\" content=\"Temps estimat de lectura\" \/>\n\t<meta name=\"twitter:data1\" content=\"2 minuts\" \/>\n<!-- \/ Yoast SEO plugin. -->","yoast_head_json":{"title":"Comprar Wrinkle + Texture Repair by ZO - Enviament Gratu\u00eft","description":"Comprar Wrinkle + Texture Repair al millor preu amb ENVIAMENT GRATU\u00cfT. Encarrega online i rep els teus productes preferits a casa!","robots":{"index":"index","follow":"follow","max-snippet":"max-snippet:-1","max-image-preview":"max-image-preview:large","max-video-preview":"max-video-preview:-1"},"canonical":"https:\/\/drmazarro.com\/ca\/producto\/wrinkle-texture-repair\/","og_locale":"ca_ES","og_type":"article","og_title":"Comprar Wrinkle + Texture Repair by ZO - Enviament Gratu\u00eft","og_description":"Comprar Wrinkle + Texture Repair al millor preu amb ENVIAMENT GRATU\u00cfT. Encarrega online i rep els teus productes preferits a casa!","og_url":"https:\/\/drmazarro.com\/ca\/producto\/wrinkle-texture-repair\/","og_site_name":"Dr. Mazarro","article_publisher":"https:\/\/www.facebook.com\/Dr-Mazarro-Cirug%c3%ada-Est%c3%a9tica-Facial-en-Barcelona-101872084913358\/","article_modified_time":"2025-01-03T19:09:02+00:00","og_image":[{"width":350,"height":477,"url":"https:\/\/drmazarro.com\/wp-content\/uploads\/2022\/07\/WT-repair-transparente-S.png","type":"image\/png"}],"twitter_card":"summary_large_image","twitter_misc":{"Temps estimat de lectura":"2 minuts"},"schema":{"@context":"https:\/\/schema.org","@graph":[{"@type":"WebPage","@id":"https:\/\/drmazarro.com\/ca\/producto\/wrinkle-texture-repair\/","url":"https:\/\/drmazarro.com\/ca\/producto\/wrinkle-texture-repair\/","name":"Comprar Wrinkle + Texture Repair by ZO - Enviament Gratu\u00eft","isPartOf":{"@id":"https:\/\/drmazarro.com\/ca\/#website"},"primaryImageOfPage":{"@id":"https:\/\/drmazarro.com\/ca\/producto\/wrinkle-texture-repair\/#primaryimage"},"image":{"@id":"https:\/\/drmazarro.com\/ca\/producto\/wrinkle-texture-repair\/#primaryimage"},"thumbnailUrl":"https:\/\/drmazarro.com\/wp-content\/uploads\/2022\/07\/WT-repair-transparente-S.png","datePublished":"2024-12-26T14:35:17+00:00","dateModified":"2025-01-03T19:09:02+00:00","description":"Comprar Wrinkle + Texture Repair al millor preu amb ENVIAMENT GRATU\u00cfT. Encarrega online i rep els teus productes preferits a casa!","breadcrumb":{"@id":"https:\/\/drmazarro.com\/ca\/producto\/wrinkle-texture-repair\/#breadcrumb"},"inLanguage":"ca","potentialAction":[{"@type":"ReadAction","target":["https:\/\/drmazarro.com\/ca\/producto\/wrinkle-texture-repair\/"]}]},{"@type":"ImageObject","inLanguage":"ca","@id":"https:\/\/drmazarro.com\/ca\/producto\/wrinkle-texture-repair\/#primaryimage","url":"https:\/\/drmazarro.com\/wp-content\/uploads\/2022\/07\/WT-repair-transparente-S.png","contentUrl":"https:\/\/drmazarro.com\/wp-content\/uploads\/2022\/07\/WT-repair-transparente-S.png","width":350,"height":477,"caption":"Wrinkle + Texture Repair ZO SkinHealth"},{"@type":"BreadcrumbList","@id":"https:\/\/drmazarro.com\/ca\/producto\/wrinkle-texture-repair\/#breadcrumb","itemListElement":[{"@type":"ListItem","position":1,"name":"Portada","item":"https:\/\/drmazarro.com\/ca\/"},{"@type":"ListItem","position":2,"name":"Botiga on-line","item":"https:\/\/drmazarro.com\/ca\/botiga-online\/"},{"@type":"ListItem","position":3,"name":"Wrinkle + Texture Repair"}]},{"@type":"WebSite","@id":"https:\/\/drmazarro.com\/ca\/#website","url":"https:\/\/drmazarro.com\/ca\/","name":"Dr. Mazarro","description":"Cirug\u00eda y Medicina Est\u00e9tica Facial en Barcelona","publisher":{"@id":"https:\/\/drmazarro.com\/ca\/#organization"},"potentialAction":[{"@type":"SearchAction","target":{"@type":"EntryPoint","urlTemplate":"https:\/\/drmazarro.com\/ca\/?s={search_term_string}"},"query-input":{"@type":"PropertyValueSpecification","valueRequired":true,"valueName":"search_term_string"}}],"inLanguage":"ca"},{"@type":"Organization","@id":"https:\/\/drmazarro.com\/ca\/#organization","name":"Dr. Mazarro","url":"https:\/\/drmazarro.com\/ca\/","logo":{"@type":"ImageObject","inLanguage":"ca","@id":"https:\/\/drmazarro.com\/ca\/#\/schema\/logo\/image\/","url":"https:\/\/drmazarro.com\/wp-content\/uploads\/2024\/03\/AM-576.png","contentUrl":"https:\/\/drmazarro.com\/wp-content\/uploads\/2024\/03\/AM-576.png","width":576,"height":576,"caption":"Dr. Mazarro"},"image":{"@id":"https:\/\/drmazarro.com\/ca\/#\/schema\/logo\/image\/"},"sameAs":["https:\/\/www.facebook.com\/Dr-Mazarro-Cirug\u00eda-Est\u00e9tica-Facial-en-Barcelona-101872084913358\/","https:\/\/www.instagram.com\/drmazarro_alejandro\/"]}]}},"_links":{"self":[{"href":"https:\/\/drmazarro.com\/ca\/wp-json\/wp\/v2\/product\/23995","targetHints":{"allow":["GET"]}}],"collection":[{"href":"https:\/\/drmazarro.com\/ca\/wp-json\/wp\/v2\/product"}],"about":[{"href":"https:\/\/drmazarro.com\/ca\/wp-json\/wp\/v2\/types\/product"}],"replies":[{"embeddable":true,"href":"https:\/\/drmazarro.com\/ca\/wp-json\/wp\/v2\/comments?post=23995"}],"wp:featuredmedia":[{"embeddable":true,"href":"https:\/\/drmazarro.com\/ca\/wp-json\/wp\/v2\/media\/23881"}],"wp:attachment":[{"href":"https:\/\/drmazarro.com\/ca\/wp-json\/wp\/v2\/media?parent=23995"}],"wp:term":[{"taxonomy":"product_brand","embeddable":true,"href":"https:\/\/drmazarro.com\/ca\/wp-json\/wp\/v2\/product_brand?post=23995"},{"taxonomy":"product_cat","embeddable":true,"href":"https:\/\/drmazarro.com\/ca\/wp-json\/wp\/v2\/product_cat?post=23995"},{"taxonomy":"product_tag","embeddable":true,"href":"https:\/\/drmazarro.com\/ca\/wp-json\/wp\/v2\/product_tag?post=23995"}],"curies":[{"name":"wp","href":"https:\/\/api.w.org\/{rel}","templated":true}]}}