{"id":23566,"date":"2024-12-26T12:31:29","date_gmt":"2024-12-26T11:31:29","guid":{"rendered":"https:\/\/drmazarro.com\/?page_id=23566"},"modified":"2025-06-30T00:15:33","modified_gmt":"2025-06-29T22:15:33","slug":"politica-de-privacitat","status":"publish","type":"page","link":"https:\/\/drmazarro.com\/ca\/politica-de-privacitat\/","title":{"rendered":"Pol\u00edtica de Privacitat"},"content":{"rendered":"<div>\n<h1 style=\"text-align: center;\">POL\u00cdTICA DE PRIVACITAT<\/h1>\n<\/div>\n<ul>\n<li>\n<h3>Pol\u00edtica de privacitat<\/h3>\n<div>\n<p>A drmazarro.com, el respecte i la protecci\u00f3 de les dades personals dels usuaris \u00e9s una prioritat. Et donem la benvinguda al web i t&#8217;invitem a con\u00e8ixer aquests termes abans de facilitar qualsevol informaci\u00f3 personal.<\/p>\n<\/div>\n<\/li>\n<li>\n<h3>Informaci\u00f3 General<\/h3>\n<div>\n<p class=\"font_8\">Aquesta Pol\u00edtica de Privacitat ofereix informaci\u00f3 detallada sobre el tractament de les dades personals de l&#8217;usuari recollides durant la seva interacci\u00f3 amb el lloc web. Aquesta Pol\u00edtica pot variar en funci\u00f3 d&#8217;exig\u00e8ncies legislatives o d&#8217;autoregulaci\u00f3.<\/p>\n<p>En el cas dels menors de tretze anys es requereix el consentiment dels pares o tutors per al tractament de les seves dades personals. Si ets menor de tretze anys i has accedit a aquest lloc web sense avisar els teus pares, no has d&#8217;enviar cap dada personal a trav\u00e9s del formulari.<\/p>\n<\/div>\n<\/li>\n<li>\n<h3>Regulacions Legals<\/h3>\n<div>\n<div class=\"fusion-text fusion-text-6\">\n<div id=\"comp-jkmf73n8\" class=\"txtNew\" data-packed=\"true\">\n<div id=\"comp-jkmfkw2m\" class=\"txtNew\" data-packed=\"true\">\n<p class=\"font_8\">Alejandro Mazarro Campos (d&#8217;ara endavant AMC) ha adequat aquest web a les exig\u00e8ncies de la Llei Org\u00e0nica 15\/1999, de 13 de desembre, de Protecci\u00f3 de Dades de Car\u00e0cter Personal (LOPD), al Reial Decret 1720\/2007, de 21 de desembre, al Reglament (UE) 2016\/679 (RGPD), i a la Llei 34\/2002, d&#8217;11 de juliol, de Serveis de la Societat de la Informaci\u00f3 i Comer\u00e7 Electr\u00f2nic (LSSICE).<\/p>\n<\/div>\n<\/div>\n<\/div>\n<\/div>\n<\/li>\n<li>\n<h3>Proced\u00e8ncia de les dades<\/h3>\n<div>\n<p>Les dades personals tractades per AMC procedeixen de:<br \/>\u2022 Formularis de contacte del web www.drmazarro.com<br \/>\u2022 Formularis de contacte de cl\u00edniques\/plataformes vinculades<br \/>\u2022 Comunicacions per correu electr\u00f2nic (info@drmazarro.com)<br \/>\u2022 Interaccions a xarxes socials (Facebook, Instagram, etc.)<\/p>\n<\/div>\n<\/li>\n<li>\n<h3>Finalitat del tractament de les dades<\/h3>\n<div>\n<p class=\"font_8\">La recollida i el tractament de les dades de car\u00e0cter personal t\u00e9 com a finalitat el manteniment de la relaci\u00f3 comercial i el desenvolupament de tasques d&#8217;informaci\u00f3, assessorament i altres activitats pr\u00f2pies d&#8217;AMC. S&#8217;inclou l&#8217;enviament d&#8217;informaci\u00f3 sol\u00b7licitada a trav\u00e9s dels formularis del web www.drmazarro.com, l&#8217;enviament de butlletins i comunicacions comercials vinculades a AMC.<\/p>\n<p>Amb l&#8217;enviament de les seves dades personals, l&#8217;usuari accepta el contacte via tel\u00e8fon (trucada, SMS, missatge via aplicaci\u00f3 de missatgeria tipus WhatsApp\u00ae) o correu electr\u00f2nic per part d&#8217;AMC o qualsevol treballador de les cl\u00edniques vinculades.<\/p>\n<p>L&#8217;usuari pot exercir el seu dret a oposar-se a l&#8217;enviament de comunicacions comercials en qualsevol moment, enviant un correu electr\u00f2nic a info@drmazarro.com.<\/p>\n<\/div>\n<\/li>\n<li>\n<h3>Legitimaci\u00f3 del tractament de les dades<\/h3>\n<div>\n<p class=\"font_8\">La base legal per al tractament de les seves dades \u00e9s l&#8217;acceptaci\u00f3 inequ\u00edvoca i informada d&#8217;aquesta Pol\u00edtica de Privacitat. Per poder enviar dades personals a trav\u00e9s d&#8217;un formulari es requereix el consentiment amb aquesta pol\u00edtica, manifestat de forma lliure i inequ\u00edvoca mitjan\u00e7ant el marcatge actiu d&#8217;una casella disposada a aquest efecte.<\/p>\n<\/div>\n<\/li>\n<li>\n<h3>Conservaci\u00f3 de les dades<\/h3>\n<div>\n<div class=\"fusion-text fusion-text-14\">\n<div id=\"comp-jkmff1s3\" class=\"txtNew\" data-packed=\"true\">\n<div id=\"comp-jkmfmqkq\" class=\"txtNew\" data-packed=\"true\">\n<div id=\"comp-jkmfophs\" class=\"txtNew\" data-packed=\"true\">\n<p class=\"font_8\">Les dades personals proporcionades es conservaran mentre es mantingui la relaci\u00f3 comercial o no se sol\u00b7liciti la seva supressi\u00f3, i durant el termini pel qual poguessin derivar-se responsabilitats legals pels serveis prestats.<\/p>\n<\/div>\n<\/div>\n<\/div>\n<\/div>\n<\/div>\n<\/li>\n<li>\n<h3>Destinataris de cesions o transfer\u00e8ncies<\/h3>\n<div>\n<p>AMC no ven ni lloga dades de car\u00e0cter personal que puguin identificar l&#8217;usuari. Les dades personals seran comunicades a les cl\u00edniques on col\u00b7labora AMC per permetre el contacte amb l&#8217;usuari.<\/p>\n<p>En navegar per www.drmazarro.com es poden recollir dades no identificables, que poden incloure adreces IP, ubicaci\u00f3 geogr\u00e0fica aproximada i registres d&#8217;\u00fas dels serveis. Aquest web utilitza Google Analytics.<\/p>\n<\/div>\n<\/li>\n<li>\n<h3>Drets de les persones interesades<\/h3>\n<div>\n<p>Els usuaris tenen els seg\u00fcents drets en relaci\u00f3 amb el tractament de les seves dades personals:<br \/>\u2022 Dret d&#8217;acc\u00e9s<br \/>\u2022 Dret de rectificaci\u00f3 o supressi\u00f3<br \/>\u2022 Dret a la limitaci\u00f3 del tractament<br \/>\u2022 Dret d&#8217;oposici\u00f3<br \/>\u2022 Dret a la portabilitat de les dades<\/p>\n<p>Les persones interessades poden accedir a les seves dades personals, sol\u00b7licitar-ne la rectificaci\u00f3 o supressi\u00f3 quan, entre altres motius, les dades ja no siguin necess\u00e0ries per a les finalitats per a les quals van ser recollides. En determinades circumst\u00e0ncies, poden sol\u00b7licitar la limitaci\u00f3 del tractament o la portabilitat de les seves dades.<\/p>\n<p>En determinades circumst\u00e0ncies i per motius relacionats amb la seva situaci\u00f3 particular, els interessats podran oposar-se al tractament de les seves dades. En aquest cas, AMC deixar\u00e0 de tractar-les, excepte per motius leg\u00edtims imperiosos o l&#8217;exercici o defensa de possibles reclamacions.<\/p>\n<p>Els interessats tamb\u00e9 tenen dret a presentar una reclamaci\u00f3 davant l&#8217;autoritat de control competent si consideren que el tractament de les seves dades personals infringeix el Reglament.<\/p>\n<\/div>\n<\/li>\n<\/ul>\n<div>\n<h2 style=\"text-align: center;\">E-mail<\/h2>\n<h3 style=\"text-align: center;\"><em><a href=\"mailto:info@drmazarro.com\">info@drmazarro.com<\/a><\/em><\/h3>\n<\/div>\n<div>\n<h2 style=\"text-align: center;\">Tel\u00e8fon<\/h2>\n<h3 style=\"text-align: center;\"><em>644 534 515<\/em><\/h3>\n<\/div>\n<div>\n<h2 style=\"text-align: center;\">WhatsApp<\/h2>\n<h3 style=\"text-align: center;\"><a href=\"whatsapp:\/\/send\/?phone=+34644534515\"><i>644 534 515<\/i><\/a><\/h3>\n<\/div>\n<p><!--more--><br \/>\n<!-- {\"type\":\"layout\",\"children\":[{\"type\":\"section\",\"props\":{\"image_position\":\"center-center\",\"style\":\"default\",\"title_breakpoint\":\"xl\",\"title_position\":\"top-left\",\"title_rotation\":\"left\",\"vertical_align\":\"\",\"width\":\"default\"},\"children\":[{\"type\":\"row\",\"children\":[{\"type\":\"column\",\"props\":{\"image_position\":\"center-center\",\"position_sticky_breakpoint\":\"m\"},\"children\":[{\"type\":\"headline\",\"props\":{\"content\":\"\n\n<h1 style=\\\"text-align: center;\\\">POL\\u00cdTICA DE PRIVACITAT<\\\/h1>\",\"title_element\":\"div\"}}]}]},{\"type\":\"row\",\"props\":{\"layout\":\"1-2,1-2\"},\"children\":[{\"type\":\"column\",\"props\":{\"image_position\":\"center-center\",\"position_sticky_breakpoint\":\"m\",\"style\":\"tile-primary\",\"width_medium\":\"1-2\"},\"children\":[{\"type\":\"accordion\",\"props\":{\"collapsible\":true,\"content_column_breakpoint\":\"m\",\"image_align\":\"top\",\"image_grid_breakpoint\":\"m\",\"image_grid_width\":\"1-2\",\"image_svg_color\":\"emphasis\",\"link_style\":\"default\",\"link_text\":\"Read more\",\"show_image\":true,\"show_link\":true},\"children\":[{\"type\":\"accordion_item\",\"props\":{\"content\":\"\n\n<p>A drmazarro.com, el respecte i la protecci\\u00f3 de les dades personals dels usuaris \\u00e9s una prioritat. Et donem la benvinguda al web i t'invitem a con\\u00e8ixer aquests termes abans de facilitar qualsevol informaci\\u00f3 personal.<\\\/p>\",\"title\":\"Pol\\u00edtica de privacitat\"}},{\"type\":\"accordion_item\",\"props\":{\"content\":\"\n\n<p class=\\\"font_8\\\">Aquesta Pol\\u00edtica de Privacitat ofereix informaci\\u00f3 detallada sobre el tractament de les dades personals de l'usuari recollides durant la seva interacci\\u00f3 amb el lloc web. Aquesta Pol\\u00edtica pot variar en funci\\u00f3 d'exig\\u00e8ncies legislatives o d'autoregulaci\\u00f3.<\\\/p>\\n\n\n<p>En el cas dels menors de tretze anys es requereix el consentiment dels pares o tutors per al tractament de les seves dades personals. Si ets menor de tretze anys i has accedit a aquest lloc web sense avisar els teus pares, no has d'enviar cap dada personal a trav\\u00e9s del formulari.<\\\/p>\",\"title\":\"Informaci\\u00f3 General\"}},{\"type\":\"accordion_item\",\"props\":{\"content\":\"\n\n<div class=\\\"fusion-text fusion-text-6\\\">\\n\n\n<div id=\\\"comp-jkmf73n8\\\" class=\\\"txtNew\\\" data-packed=\\\"true\\\">\\n\n\n<div id=\\\"comp-jkmfkw2m\\\" class=\\\"txtNew\\\" data-packed=\\\"true\\\">\\n\n\n<p class=\\\"font_8\\\">Alejandro Mazarro Campos (d'ara endavant AMC) ha adequat aquest web a les exig\\u00e8ncies de la Llei Org\\u00e0nica 15\\\/1999, de 13 de desembre, de Protecci\\u00f3 de Dades de Car\\u00e0cter Personal (LOPD), al Reial Decret 1720\\\/2007, de 21 de desembre, al Reglament (UE) 2016\\\/679 (RGPD), i a la Llei 34\\\/2002, d'11 de juliol, de Serveis de la Societat de la Informaci\\u00f3 i Comer\\u00e7 Electr\\u00f2nic (LSSICE).<\\\/p>\\n<\\\/div>\\n<\\\/div>\\n<\\\/div>\",\"title\":\"Regulacions Legals\"}},{\"type\":\"accordion_item\",\"props\":{\"content\":\"\n\n<p>Les dades personals tractades per AMC procedeixen de:<br \\\/>\\u2022 Formularis de contacte del web www.drmazarro.com<br \\\/>\\u2022 Formularis de contacte de cl\\u00edniques\\\/plataformes vinculades<br \\\/>\\u2022 Comunicacions per correu electr\\u00f2nic (info@drmazarro.com)<br \\\/>\\u2022 Interaccions a xarxes socials (Facebook, Instagram, etc.)<\\\/p>\",\"title\":\"Proced\\u00e8ncia de les dades\"}},{\"type\":\"accordion_item\",\"props\":{\"content\":\"\n\n<p class=\\\"font_8\\\">La recollida i el tractament de les dades de car\\u00e0cter personal t\\u00e9 com a finalitat el manteniment de la relaci\\u00f3 comercial i el desenvolupament de tasques d'informaci\\u00f3, assessorament i altres activitats pr\\u00f2pies d'AMC. S'inclou l'enviament d'informaci\\u00f3 sol\\u00b7licitada a trav\\u00e9s dels formularis del web www.drmazarro.com, l'enviament de butlletins i comunicacions comercials vinculades a AMC.<\\\/p>\\n\n\n<p>Amb l'enviament de les seves dades personals, l'usuari accepta el contacte via tel\\u00e8fon (trucada, SMS, missatge via aplicaci\\u00f3 de missatgeria tipus WhatsApp\\u00ae) o correu electr\\u00f2nic per part d'AMC o qualsevol treballador de les cl\\u00edniques vinculades.<\\\/p>\\n\n\n<p>L'usuari pot exercir el seu dret a oposar-se a l'enviament de comunicacions comercials en qualsevol moment, enviant un correu electr\\u00f2nic a info@drmazarro.com.<\\\/p>\",\"title\":\"Finalitat del tractament de les dades\"}},{\"type\":\"accordion_item\",\"props\":{\"content\":\"\n\n<p class=\\\"font_8\\\">La base legal per al tractament de les seves dades \\u00e9s l'acceptaci\\u00f3 inequ\\u00edvoca i informada d'aquesta Pol\\u00edtica de Privacitat. Per poder enviar dades personals a trav\\u00e9s d'un formulari es requereix el consentiment amb aquesta pol\\u00edtica, manifestat de forma lliure i inequ\\u00edvoca mitjan\\u00e7ant el marcatge actiu d'una casella disposada a aquest efecte.<\\\/p>\",\"title\":\"Legitimaci\\u00f3 del tractament de les dades\"}},{\"type\":\"accordion_item\",\"props\":{\"content\":\"\n\n<div class=\\\"fusion-text fusion-text-14\\\">\\n\n\n<div id=\\\"comp-jkmff1s3\\\" class=\\\"txtNew\\\" data-packed=\\\"true\\\">\\n\n\n<div id=\\\"comp-jkmfmqkq\\\" class=\\\"txtNew\\\" data-packed=\\\"true\\\">\\n\n\n<div id=\\\"comp-jkmfophs\\\" class=\\\"txtNew\\\" data-packed=\\\"true\\\">\\n\n\n<p class=\\\"font_8\\\">Les dades personals proporcionades es conservaran mentre es mantingui la relaci\\u00f3 comercial o no se sol\\u00b7liciti la seva supressi\\u00f3, i durant el termini pel qual poguessin derivar-se responsabilitats legals pels serveis prestats.<\\\/p>\\n<\\\/div>\\n<\\\/div>\\n<\\\/div>\\n<\\\/div>\",\"title\":\"Conservaci\\u00f3 de les dades\"}},{\"type\":\"accordion_item\",\"props\":{\"content\":\"\n\n<p>AMC no ven ni lloga dades de car\\u00e0cter personal que puguin identificar l'usuari. Les dades personals seran comunicades a les cl\\u00edniques on col\\u00b7labora AMC per permetre el contacte amb l'usuari.<\\\/p>\\n\n\n<p>En navegar per www.drmazarro.com es poden recollir dades no identificables, que poden incloure adreces IP, ubicaci\\u00f3 geogr\\u00e0fica aproximada i registres d'\\u00fas dels serveis. Aquest web utilitza Google Analytics.<\\\/p>\",\"title\":\"Destinataris de cesions o transfer\\u00e8ncies\"}},{\"type\":\"accordion_item\",\"props\":{\"content\":\"\n\n<p>Els usuaris tenen els seg\\u00fcents drets en relaci\\u00f3 amb el tractament de les seves dades personals:<br \\\/>\\u2022 Dret d'acc\\u00e9s<br \\\/>\\u2022 Dret de rectificaci\\u00f3 o supressi\\u00f3<br \\\/>\\u2022 Dret a la limitaci\\u00f3 del tractament<br \\\/>\\u2022 Dret d'oposici\\u00f3<br \\\/>\\u2022 Dret a la portabilitat de les dades<\\\/p>\\n\n\n<p>Les persones interessades poden accedir a les seves dades personals, sol\\u00b7licitar-ne la rectificaci\\u00f3 o supressi\\u00f3 quan, entre altres motius, les dades ja no siguin necess\\u00e0ries per a les finalitats per a les quals van ser recollides. En determinades circumst\\u00e0ncies, poden sol\\u00b7licitar la limitaci\\u00f3 del tractament o la portabilitat de les seves dades.<\\\/p>\\n\n\n<p>En determinades circumst\\u00e0ncies i per motius relacionats amb la seva situaci\\u00f3 particular, els interessats podran oposar-se al tractament de les seves dades. En aquest cas, AMC deixar\\u00e0 de tractar-les, excepte per motius leg\\u00edtims imperiosos o l'exercici o defensa de possibles reclamacions.<\\\/p>\\n\n\n<p>Els interessats tamb\\u00e9 tenen dret a presentar una reclamaci\\u00f3 davant l'autoritat de control competent si consideren que el tractament de les seves dades personals infringeix el Reglament.<\\\/p>\",\"title\":\"Drets de les persones interesades\"}}]}]},{\"type\":\"column\",\"props\":{\"image_position\":\"center-center\",\"position_sticky_breakpoint\":\"m\",\"vertical_align\":\"middle\",\"width_medium\":\"1-2\"},\"children\":[{\"type\":\"headline\",\"props\":{\"content\":\"\n\n<h2 style=\\\"text-align: center;\\\">E-mail<\\\/h2>\\n\n\n<h3 style=\\\"text-align: center;\\\"><em><a href=\\\"mailto:info@drmazarro.com\\\">info@drmazarro.com<\\\/a><\\\/em><\\\/h3>\",\"title_element\":\"div\"}},{\"type\":\"headline\",\"props\":{\"content\":\"\n\n<h2 style=\\\"text-align: center;\\\">Tel\\u00e8fon<\\\/h2>\\n\n\n<h3 style=\\\"text-align: center;\\\"><em>644 534 515<\\\/em><\\\/h3>\",\"title_element\":\"div\"}},{\"type\":\"headline\",\"props\":{\"content\":\"\n\n<h2 style=\\\"text-align: center;\\\">WhatsApp<\\\/h2>\\n\n\n<h3 style=\\\"text-align: center;\\\"><a href=\\\"whatsapp:\\\/\\\/send\\\/?phone=+34644534515\\\"><i>644 534 515<\\\/i><\\\/a><\\\/h3>\",\"title_element\":\"div\"}}]}]}],\"name\":\"section - contacto\"}],\"version\":\"4.5.5\"} --><\/p>\n","protected":false},"excerpt":{"rendered":"<p>POL\u00cdTICA DE PRIVACITAT Pol\u00edtica de privacitat A drmazarro.com, el respecte i la protecci\u00f3 de les dades personals dels usuaris \u00e9s una prioritat. Et donem la benvinguda al web i t&#8217;invitem a con\u00e8ixer aquests termes abans de facilitar qualsevol informaci\u00f3 personal. Informaci\u00f3 General Aquesta Pol\u00edtica de Privacitat ofereix informaci\u00f3 detallada sobre el tractament de les dades [&hellip;]<\/p>\n","protected":false},"author":1,"featured_media":0,"parent":0,"menu_order":0,"comment_status":"closed","ping_status":"closed","template":"","meta":{"_acf_changed":false,"_monsterinsights_skip_tracking":false,"_monsterinsights_sitenote_active":false,"_monsterinsights_sitenote_note":"","_monsterinsights_sitenote_category":0,"footnotes":""},"class_list":["post-23566","page","type-page","status-publish","hentry"],"acf":[],"yoast_head":"<!-- This site is optimized with the Yoast SEO plugin v27.3 - https:\/\/yoast.com\/product\/yoast-seo-wordpress\/ -->\n<title>Pol\u00edtica de Privacitat | Dr. Mazarro<\/title>\n<meta name=\"description\" content=\"Pol\u00edtica de privacitat | Dr. Mazarro - Especialista en Lifting Facial a Barcelona | Contacte: 644 534 515 \/ info@drmazarro.com\" \/>\n<meta name=\"robots\" content=\"index, follow, max-snippet:-1, max-image-preview:large, max-video-preview:-1\" \/>\n<link rel=\"canonical\" href=\"https:\/\/drmazarro.com\/ca\/politica-de-privacitat\/\" \/>\n<meta property=\"og:locale\" content=\"ca_ES\" \/>\n<meta property=\"og:type\" content=\"article\" \/>\n<meta property=\"og:title\" content=\"Pol\u00edtica de Privacitat | Dr. Mazarro\" \/>\n<meta property=\"og:description\" content=\"Pol\u00edtica de privacitat | Dr. Mazarro - Especialista en Lifting Facial a Barcelona | Contacte: 644 534 515 \/ info@drmazarro.com\" \/>\n<meta property=\"og:url\" content=\"https:\/\/drmazarro.com\/ca\/politica-de-privacitat\/\" \/>\n<meta property=\"og:site_name\" content=\"Dr. Mazarro\" \/>\n<meta property=\"article:publisher\" content=\"https:\/\/www.facebook.com\/Dr-Mazarro-Cirug%c3%ada-Est%c3%a9tica-Facial-en-Barcelona-101872084913358\/\" \/>\n<meta property=\"article:modified_time\" content=\"2025-06-29T22:15:33+00:00\" \/>\n<meta property=\"og:image\" content=\"https:\/\/drmazarro.com\/wp-content\/uploads\/2024\/03\/AM-576.png\" \/>\n\t<meta property=\"og:image:width\" content=\"576\" \/>\n\t<meta property=\"og:image:height\" content=\"576\" \/>\n\t<meta property=\"og:image:type\" content=\"image\/png\" \/>\n<meta name=\"twitter:card\" content=\"summary_large_image\" \/>\n<meta name=\"twitter:label1\" content=\"Temps estimat de lectura\" \/>\n\t<meta name=\"twitter:data1\" content=\"4 minuts\" \/>\n<!-- \/ Yoast SEO plugin. -->","yoast_head_json":{"title":"Pol\u00edtica de Privacitat | Dr. Mazarro","description":"Pol\u00edtica de privacitat | Dr. Mazarro - Especialista en Lifting Facial a Barcelona | Contacte: 644 534 515 \/ info@drmazarro.com","robots":{"index":"index","follow":"follow","max-snippet":"max-snippet:-1","max-image-preview":"max-image-preview:large","max-video-preview":"max-video-preview:-1"},"canonical":"https:\/\/drmazarro.com\/ca\/politica-de-privacitat\/","og_locale":"ca_ES","og_type":"article","og_title":"Pol\u00edtica de Privacitat | Dr. Mazarro","og_description":"Pol\u00edtica de privacitat | Dr. Mazarro - Especialista en Lifting Facial a Barcelona | Contacte: 644 534 515 \/ info@drmazarro.com","og_url":"https:\/\/drmazarro.com\/ca\/politica-de-privacitat\/","og_site_name":"Dr. Mazarro","article_publisher":"https:\/\/www.facebook.com\/Dr-Mazarro-Cirug%c3%ada-Est%c3%a9tica-Facial-en-Barcelona-101872084913358\/","article_modified_time":"2025-06-29T22:15:33+00:00","og_image":[{"width":576,"height":576,"url":"https:\/\/drmazarro.com\/wp-content\/uploads\/2024\/03\/AM-576.png","type":"image\/png"}],"twitter_card":"summary_large_image","twitter_misc":{"Temps estimat de lectura":"4 minuts"},"schema":{"@context":"https:\/\/schema.org","@graph":[{"@type":"WebPage","@id":"https:\/\/drmazarro.com\/ca\/politica-de-privacitat\/","url":"https:\/\/drmazarro.com\/ca\/politica-de-privacitat\/","name":"Pol\u00edtica de Privacitat | Dr. Mazarro","isPartOf":{"@id":"https:\/\/drmazarro.com\/ca\/#website"},"datePublished":"2024-12-26T11:31:29+00:00","dateModified":"2025-06-29T22:15:33+00:00","description":"Pol\u00edtica de privacitat | Dr. Mazarro - Especialista en Lifting Facial a Barcelona | Contacte: 644 534 515 \/ info@drmazarro.com","breadcrumb":{"@id":"https:\/\/drmazarro.com\/ca\/politica-de-privacitat\/#breadcrumb"},"inLanguage":"ca","potentialAction":[{"@type":"ReadAction","target":["https:\/\/drmazarro.com\/ca\/politica-de-privacitat\/"]}]},{"@type":"BreadcrumbList","@id":"https:\/\/drmazarro.com\/ca\/politica-de-privacitat\/#breadcrumb","itemListElement":[{"@type":"ListItem","position":1,"name":"Portada","item":"https:\/\/drmazarro.com\/ca\/"},{"@type":"ListItem","position":2,"name":"Pol\u00edtica de Privacitat"}]},{"@type":"WebSite","@id":"https:\/\/drmazarro.com\/ca\/#website","url":"https:\/\/drmazarro.com\/ca\/","name":"Dr. Mazarro","description":"Cirug\u00eda y Medicina Est\u00e9tica Facial en Barcelona","publisher":{"@id":"https:\/\/drmazarro.com\/ca\/#organization"},"potentialAction":[{"@type":"SearchAction","target":{"@type":"EntryPoint","urlTemplate":"https:\/\/drmazarro.com\/ca\/?s={search_term_string}"},"query-input":{"@type":"PropertyValueSpecification","valueRequired":true,"valueName":"search_term_string"}}],"inLanguage":"ca"},{"@type":"Organization","@id":"https:\/\/drmazarro.com\/ca\/#organization","name":"Dr. Mazarro","url":"https:\/\/drmazarro.com\/ca\/","logo":{"@type":"ImageObject","inLanguage":"ca","@id":"https:\/\/drmazarro.com\/ca\/#\/schema\/logo\/image\/","url":"https:\/\/drmazarro.com\/wp-content\/uploads\/2024\/03\/AM-576.png","contentUrl":"https:\/\/drmazarro.com\/wp-content\/uploads\/2024\/03\/AM-576.png","width":576,"height":576,"caption":"Dr. Mazarro"},"image":{"@id":"https:\/\/drmazarro.com\/ca\/#\/schema\/logo\/image\/"},"sameAs":["https:\/\/www.facebook.com\/Dr-Mazarro-Cirug\u00eda-Est\u00e9tica-Facial-en-Barcelona-101872084913358\/","https:\/\/www.instagram.com\/drmazarro_alejandro\/"]}]}},"_links":{"self":[{"href":"https:\/\/drmazarro.com\/ca\/wp-json\/wp\/v2\/pages\/23566","targetHints":{"allow":["GET"]}}],"collection":[{"href":"https:\/\/drmazarro.com\/ca\/wp-json\/wp\/v2\/pages"}],"about":[{"href":"https:\/\/drmazarro.com\/ca\/wp-json\/wp\/v2\/types\/page"}],"author":[{"embeddable":true,"href":"https:\/\/drmazarro.com\/ca\/wp-json\/wp\/v2\/users\/1"}],"replies":[{"embeddable":true,"href":"https:\/\/drmazarro.com\/ca\/wp-json\/wp\/v2\/comments?post=23566"}],"version-history":[{"count":6,"href":"https:\/\/drmazarro.com\/ca\/wp-json\/wp\/v2\/pages\/23566\/revisions"}],"predecessor-version":[{"id":25156,"href":"https:\/\/drmazarro.com\/ca\/wp-json\/wp\/v2\/pages\/23566\/revisions\/25156"}],"wp:attachment":[{"href":"https:\/\/drmazarro.com\/ca\/wp-json\/wp\/v2\/media?parent=23566"}],"curies":[{"name":"wp","href":"https:\/\/api.w.org\/{rel}","templated":true}]}}