{"id":23547,"date":"2024-12-26T12:02:36","date_gmt":"2024-12-26T11:02:36","guid":{"rendered":"https:\/\/drmazarro.com\/?page_id=23547"},"modified":"2024-12-26T12:07:54","modified_gmt":"2024-12-26T11:07:54","slug":"avis-legal","status":"publish","type":"page","link":"https:\/\/drmazarro.com\/ca\/avis-legal\/","title":{"rendered":"Av\u00eds legal"},"content":{"rendered":"<h1>\n<h1 style=\"text-align: center;\">AV\u00cdS LEGAL<\/h1>\n<\/h1>\n<ul>\n<li>\n<h3>Av\u00eds Legal<\/h3>\n<div>\n<div class=\"fusion-text fusion-text-2\">\n<div class=\"fusion-text fusion-text-2\">\n<p>Aquesta web compleix amb la Llei Org\u00e0nica 15\/1999, de 13 de desembre, de Protecci\u00f3 de Dades de Car\u00e0cter Personal (LOPD), i amb el Reial Decret 1720\/2007, de 21 de desembre, conegut com el Reglament de desenvolupament de la LOPD. Compleix tamb\u00e9 amb el Reglament (UE) 2016\/679 del Parlament Europeu i del Consell de 27 d&#8217;abril de 2016 relatiu a la protecci\u00f3 de les persones f\u00edsiques (RGPD), aix\u00ed com amb la Llei 34\/2002, d&#8217;11 de juliol, de Serveis de la Societat de la Informaci\u00f3 i Comer\u00e7 Electr\u00f2nic (LSSICE o LSSI).<\/p>\n<\/div>\n<\/div>\n<\/div>\n<\/li>\n<li>\n<h3>Dades del responsable<\/h3>\n<div>\n<div id=\"comp-jkmf73n8\" class=\"txtNew\" data-packed=\"true\">\n<p class=\"font_2\">Identitat del responsable: Alejandro Mazarro Campos<\/p>\n<p>NIF\/CIF: 47867253K<\/p>\n<p>Correu electr\u00f2nic: info@drmazarro.com<\/p>\n<\/div>\n<\/div>\n<\/li>\n<li>\n<h3>Condicions d&#8217;\u00fas<\/h3>\n<div>\n<div class=\"fusion-text fusion-text-6\">\n<div id=\"comp-jkmf73n8\" class=\"txtNew\" data-packed=\"true\">\n<div id=\"comp-jkmfkw2m\" class=\"txtNew\" data-packed=\"true\">\n<p>es presents Condicions Generals regulen l&#8217;\u00fas (incloent el mer acc\u00e9s) de les p\u00e0gines web integrants del <br \/>lloc web www.drmazarro.com, inclosos els continguts i serveis posats a disposici\u00f3 d&#8217;elles. Tota persona <br \/>que accedeixi a aquesta web (d&#8217;ara endavant &#8220;usuari&#8221;) accepta sotmetre&#8217;s a les Condicions Generals <br \/>vigents en cada moment del portal www.drmazarro.com<\/p>\n<p>Els continguts i informaci\u00f3 no vinculen a Alejandro Mazarro Campos (d&#8217;ara endavant AMC) no constitueixen <br \/>un servei d&#8217;assessorament m\u00e8dic o telemedicina, ja que es tracta merament d&#8217;un servei ofert amb car\u00e0cter <br \/>informatiu i divulgatiu. Les cl\u00edniques en les quals col\u00b7labora el Dr. Mazarro s\u00f3n alienes a aquesta <br \/>informaci\u00f3 i no es troben doncs subjectes a respondre d&#8217;ella.<\/p>\n<p>La p\u00e0gina d&#8217;Internet www.drmazarro.com pot contenir enlla\u00e7os (links) a altres p\u00e0gines de terceres parts <br \/>que AMC no pot controlar. Per tant, AMC no pot assumir responsabilitats pel contingut que pugui apar\u00e8ixer <br \/>en p\u00e0gines de tercers.<\/p>\n<p>Els textos, imatges, i la resta de continguts inclosos en aquest lloc web s\u00f3n propietat exclusiva d&#8217;AMC o <br \/>els seus llicenciants. Qualsevol acte de transmissi\u00f3, distribuci\u00f3, cessi\u00f3, reproducci\u00f3, emmagatzematge o <br \/>comunicaci\u00f3 p\u00fablica total o parcial, ha de comptar amb el consentiment expr\u00e9s d&#8217;AMC. Les fotografies de <br \/>pacients que apareixen a la p\u00e0gina han estat obtingudes i reprodu\u00efdes amb consentiment informat del <br \/>pacient.<\/p>\n<p>Aix\u00ed mateix, per accedir a alguns dels serveis que AMC ofereix a trav\u00e9s del lloc web l&#8217;usuari haur\u00e0 de <br \/>proporcionar algunes dades de car\u00e0cter personal. En compliment del que estableix el Reglament (UE) <br \/>2016\/679 del Parlament Europeu i del Consell, de 27 d&#8217;abril de 2016, relatiu a la protecci\u00f3 de les <br \/>persones f\u00edsiques pel que fa al tractament de dades personals i a la lliure circulaci\u00f3 d&#8217;aquestes dades <br \/>s&#8217;informa que, mitjan\u00e7ant l&#8217;emplenament dels presents formularis, les dades personals quedaran <br \/>incorporades i seran tractades en els fitxers d&#8217;AMC amb la finalitat de poder prestar i oferir els seus <br \/>serveis aix\u00ed com per informar de les millores del lloc web. Aix\u00ed mateix, informem del dret de l&#8217;usuari a <br \/>l&#8217;acc\u00e9s, rectificaci\u00f3, cancel\u00b7laci\u00f3, portabilitat i oposici\u00f3 de les seves dades de car\u00e0cter personal, <br \/>mitjan\u00e7ant email a <a href=\"mailto:info@drmazarro.com\">info@drmazarro.com<\/a>. Pot consultar <a href=\"https:\/\/drmazarro.com\/politicadeprivacidad\">aqu\u00ed<\/a> la Pol\u00edtica de Privacitat del lloc web.<\/p>\n<\/div>\n<\/div>\n<\/div>\n<\/div>\n<\/li>\n<li>\n<h3>Mesures de seguretat<\/h3>\n<div>\n<p class=\"font_8\">La p\u00e0gina web www.drmazarro.com compta amb un protocol de seguretat https, garantint les millors condicions de seguretat perqu\u00e8 la confidencialitat dels usuaris estigui salvaguardada. No obstant aix\u00f2, l&#8217;usuari ha de ser conscient que les mesures de seguretat dels sistemes inform\u00e0tics a Internet no s\u00f3n enterament fiables i que, per tant, AMC no pot garantir l&#8217;absoluta seguretat d&#8217;aquestes dades ni la inexist\u00e8ncia de programari malici\u00f3s o altres elements que puguin produir alteracions en els sistemes inform\u00e0tics (programari i maquinari) de l&#8217;usuari o en els seus documents electr\u00f2nics i fitxers continguts en els mateixos, encara que posi tots els mitjans necessaris i les mesures de seguretat oportunes per evitar la pres\u00e8ncia d&#8217;aquests elements nocius.<\/p>\n<\/div>\n<\/li>\n<li>\n<h3>Exclusi\u00f3 de garanties<\/h3>\n<div>\n<p>AMC no atorga cap garantia ni es fa responsable, en cap cas, dels danys i perjudicis de qualsevol <br \/>naturalesa que poguessin portar causa de:<\/p>\n<ul>\n<li>La manca de disponibilitat, manteniment i efectiu funcionament de la web o dels seus serveis i continguts;<\/li>\n<li>L&#8217;exist\u00e8ncia de programari malici\u00f3s,\u00a0 programes malintencionats o lesius en els continguts;<\/li>\n<li>L&#8217;\u00fas il\u00b7l\u00edcit, negligent, fraudulent o contrari a aquest Av\u00eds Legal;<\/li>\n<li>La manca de licitud, qualitat, fiabilitat, utilitat i disponibilitat dels serveis prestats per tercers <br \/>i posats a disposici\u00f3 dels usuaris en el lloc web.<\/li>\n<\/ul>\n<p>El prestador no es fa responsable sota cap concepte dels danys que poguessin dimanar de l&#8217;\u00fas il\u00b7legal o <br \/>indegut de la present p\u00e0gina web.<\/p>\n<\/div>\n<\/li>\n<\/ul>\n<h1>\n<h2 style=\"text-align: center;\">E-mail<\/h2>\n<h3 style=\"text-align: center;\"><em><a href=\"mailto:info@drmazarro.com\">info@drmazarro.com<\/a><\/em><\/h3>\n<\/h1>\n<h1>\n<h2 style=\"text-align: center;\">Tel\u00e8fon<\/h2>\n<h3 style=\"text-align: center;\"><em>644 534 515<\/em><\/h3>\n<\/h1>\n<h1>\n<h2 style=\"text-align: center;\">WhatsApp<\/h2>\n<h3 style=\"text-align: center;\"><a href=\"whatsapp:\/\/send\/?phone=+34644534515\"><i>644 534 515<\/i><\/a><\/h3>\n<\/h1>\n<p><!--more--><br \/>\n<!-- {\"type\":\"layout\",\"children\":[{\"type\":\"section\",\"props\":{\"image_position\":\"center-center\",\"style\":\"default\",\"title_breakpoint\":\"xl\",\"title_position\":\"top-left\",\"title_rotation\":\"left\",\"vertical_align\":\"middle\",\"width\":\"default\"},\"children\":[{\"type\":\"row\",\"children\":[{\"type\":\"column\",\"props\":{\"image_position\":\"center-center\",\"position_sticky_breakpoint\":\"m\"},\"children\":[{\"type\":\"headline\",\"props\":{\"content\":\"\n\n<h1 style=\\\"text-align: center;\\\">AV\\u00cdS LEGAL<\\\/h1>\",\"title_element\":\"h1\"}}]}]},{\"type\":\"row\",\"props\":{\"layout\":\"1-2,1-2\"},\"children\":[{\"type\":\"column\",\"props\":{\"image_position\":\"center-center\",\"position_sticky_breakpoint\":\"m\",\"style\":\"tile-primary\",\"width_medium\":\"1-2\"},\"children\":[{\"type\":\"accordion\",\"props\":{\"collapsible\":true,\"content_column_breakpoint\":\"m\",\"image_align\":\"top\",\"image_grid_breakpoint\":\"m\",\"image_grid_width\":\"1-2\",\"image_svg_color\":\"emphasis\",\"link_style\":\"default\",\"link_text\":\"Read more\",\"show_image\":true,\"show_link\":true},\"children\":[{\"type\":\"accordion_item\",\"props\":{\"content\":\"\n\n<div class=\\\"fusion-text fusion-text-2\\\">\\n\n\n<div class=\\\"fusion-text fusion-text-2\\\">\\n\n\n<p>Aquesta web compleix amb la Llei Org\\u00e0nica 15\\\/1999, de 13 de desembre, de Protecci\\u00f3 de Dades de Car\\u00e0cter Personal (LOPD), i amb el Reial Decret 1720\\\/2007, de 21 de desembre, conegut com el Reglament de desenvolupament de la LOPD. Compleix tamb\\u00e9 amb el Reglament (UE) 2016\\\/679 del Parlament Europeu i del Consell de 27 d'abril de 2016 relatiu a la protecci\\u00f3 de les persones f\\u00edsiques (RGPD), aix\\u00ed com amb la Llei 34\\\/2002, d'11 de juliol, de Serveis de la Societat de la Informaci\\u00f3 i Comer\\u00e7 Electr\\u00f2nic (LSSICE o LSSI).<\\\/p>\\n<\\\/div>\\n<\\\/div>\",\"title\":\"Av\\u00eds Legal\"}},{\"type\":\"accordion_item\",\"props\":{\"content\":\"\n\n<div id=\\\"comp-jkmf73n8\\\" class=\\\"txtNew\\\" data-packed=\\\"true\\\">\\n\n\n<p class=\\\"font_2\\\">Identitat del responsable: Alejandro Mazarro Campos<br \\\/><br \\\/>NIF\\\/CIF: 47867253K<br \\\/><br \\\/>Correu electr\\u00f2nic: info@drmazarro.com<\\\/p>\\n<\\\/div>\",\"title\":\"Dades del responsable\"}},{\"type\":\"accordion_item\",\"props\":{\"content\":\"\n\n<div class=\\\"fusion-text fusion-text-6\\\">\\n\n\n<div id=\\\"comp-jkmf73n8\\\" class=\\\"txtNew\\\" data-packed=\\\"true\\\">\\n\n\n<div id=\\\"comp-jkmfkw2m\\\" class=\\\"txtNew\\\" data-packed=\\\"true\\\">\\n\n\n<p>es presents Condicions Generals regulen l'\\u00fas (incloent el mer acc\\u00e9s) de les p\\u00e0gines web integrants del <br \\\/>lloc web www.drmazarro.com, inclosos els continguts i serveis posats a disposici\\u00f3 d'elles. Tota persona <br \\\/>que accedeixi a aquesta web (d'ara endavant \\\"usuari\\\") accepta sotmetre's a les Condicions Generals <br \\\/>vigents en cada moment del portal www.drmazarro.com<\\\/p>\\n\n\n<p>Els continguts i informaci\\u00f3 no vinculen a Alejandro Mazarro Campos (d'ara endavant AMC) no constitueixen <br \\\/>un servei d'assessorament m\\u00e8dic o telemedicina, ja que es tracta merament d'un servei ofert amb car\\u00e0cter <br \\\/>informatiu i divulgatiu. Les cl\\u00edniques en les quals col\\u00b7labora el Dr. Mazarro s\\u00f3n alienes a aquesta <br \\\/>informaci\\u00f3 i no es troben doncs subjectes a respondre d'ella.<\\\/p>\\n\n\n<p>La p\\u00e0gina d'Internet www.drmazarro.com pot contenir enlla\\u00e7os (links) a altres p\\u00e0gines de terceres parts <br \\\/>que AMC no pot controlar. Per tant, AMC no pot assumir responsabilitats pel contingut que pugui apar\\u00e8ixer <br \\\/>en p\\u00e0gines de tercers.<\\\/p>\\n\n\n<p>Els textos, imatges, i la resta de continguts inclosos en aquest lloc web s\\u00f3n propietat exclusiva d'AMC o <br \\\/>els seus llicenciants. Qualsevol acte de transmissi\\u00f3, distribuci\\u00f3, cessi\\u00f3, reproducci\\u00f3, emmagatzematge o <br \\\/>comunicaci\\u00f3 p\\u00fablica total o parcial, ha de comptar amb el consentiment expr\\u00e9s d'AMC. Les fotografies de <br \\\/>pacients que apareixen a la p\\u00e0gina han estat obtingudes i reprodu\\u00efdes amb consentiment informat del <br \\\/>pacient.<\\\/p>\\n\n\n<p>Aix\\u00ed mateix, per accedir a alguns dels serveis que AMC ofereix a trav\\u00e9s del lloc web l'usuari haur\\u00e0 de <br \\\/>proporcionar algunes dades de car\\u00e0cter personal. En compliment del que estableix el Reglament (UE) <br \\\/>2016\\\/679 del Parlament Europeu i del Consell, de 27 d'abril de 2016, relatiu a la protecci\\u00f3 de les <br \\\/>persones f\\u00edsiques pel que fa al tractament de dades personals i a la lliure circulaci\\u00f3 d'aquestes dades <br \\\/>s'informa que, mitjan\\u00e7ant l'emplenament dels presents formularis, les dades personals quedaran <br \\\/>incorporades i seran tractades en els fitxers d'AMC amb la finalitat de poder prestar i oferir els seus <br \\\/>serveis aix\\u00ed com per informar de les millores del lloc web. Aix\\u00ed mateix, informem del dret de l'usuari a <br \\\/>l'acc\\u00e9s, rectificaci\\u00f3, cancel\\u00b7laci\\u00f3, portabilitat i oposici\\u00f3 de les seves dades de car\\u00e0cter personal, <br \\\/>mitjan\\u00e7ant email a <a href=\\\"mailto:info@drmazarro.com\\\">info@drmazarro.com<\\\/a>. Pot consultar <a href=\\\"https:\\\/\\\/drmazarro.com\\\/politicadeprivacidad\\\">aqu\\u00ed<\\\/a> la Pol\\u00edtica de Privacitat del lloc web.<\\\/p>\\n<\\\/div>\\n<\\\/div>\\n<\\\/div>\",\"title\":\"Condicions d'\\u00fas\"}},{\"type\":\"accordion_item\",\"props\":{\"content\":\"\n\n<p class=\\\"font_8\\\">La p\\u00e0gina web www.drmazarro.com compta amb un protocol de seguretat https, garantint les millors condicions de seguretat perqu\\u00e8 la confidencialitat dels usuaris estigui salvaguardada. No obstant aix\\u00f2, l'usuari ha de ser conscient que les mesures de seguretat dels sistemes inform\\u00e0tics a Internet no s\\u00f3n enterament fiables i que, per tant, AMC no pot garantir l'absoluta seguretat d'aquestes dades ni la inexist\\u00e8ncia de programari malici\\u00f3s o altres elements que puguin produir alteracions en els sistemes inform\\u00e0tics (programari i maquinari) de l'usuari o en els seus documents electr\\u00f2nics i fitxers continguts en els mateixos, encara que posi tots els mitjans necessaris i les mesures de seguretat oportunes per evitar la pres\\u00e8ncia d'aquests elements nocius.<\\\/p>\",\"title\":\"Mesures de seguretat\"}},{\"type\":\"accordion_item\",\"props\":{\"content\":\"\n\n<p>AMC no atorga cap garantia ni es fa responsable, en cap cas, dels danys i perjudicis de qualsevol <br \\\/>naturalesa que poguessin portar causa de:<\\\/p>\\n\n\n<ul>\\n\n\n<li>La manca de disponibilitat, manteniment i efectiu funcionament de la web o dels seus serveis i continguts;<\\\/li>\\n\n\n<li>L'exist\\u00e8ncia de programari malici\\u00f3s,\\u00a0 programes malintencionats o lesius en els continguts;<\\\/li>\\n\n\n<li>L'\\u00fas il\\u00b7l\\u00edcit, negligent, fraudulent o contrari a aquest Av\\u00eds Legal;<\\\/li>\\n\n\n<li>La manca de licitud, qualitat, fiabilitat, utilitat i disponibilitat dels serveis prestats per tercers <br \\\/>i posats a disposici\\u00f3 dels usuaris en el lloc web.<\\\/li>\\n<\\\/ul>\\n\n\n<p>El prestador no es fa responsable sota cap concepte dels danys que poguessin dimanar de l'\\u00fas il\\u00b7legal o <br \\\/>indegut de la present p\\u00e0gina web.<\\\/p>\",\"title\":\"Exclusi\\u00f3 de garanties\"}}]}]},{\"type\":\"column\",\"props\":{\"image_position\":\"center-center\",\"position_sticky_breakpoint\":\"m\",\"vertical_align\":\"middle\",\"width_medium\":\"1-2\"},\"children\":[{\"type\":\"headline\",\"props\":{\"content\":\"\n\n<h2 style=\\\"text-align: center;\\\">E-mail<\\\/h2>\\n\n\n<h3 style=\\\"text-align: center;\\\"><em><a href=\\\"mailto:info@drmazarro.com\\\">info@drmazarro.com<\\\/a><\\\/em><\\\/h3>\",\"title_element\":\"h1\"}},{\"type\":\"headline\",\"props\":{\"content\":\"\n\n<h2 style=\\\"text-align: center;\\\">Tel\\u00e8fon<\\\/h2>\\n\n\n<h3 style=\\\"text-align: center;\\\"><em>644 534 515<\\\/em><\\\/h3>\",\"title_element\":\"h1\"}},{\"type\":\"headline\",\"props\":{\"content\":\"\n\n<h2 style=\\\"text-align: center;\\\">WhatsApp<\\\/h2>\\n\n\n<h3 style=\\\"text-align: center;\\\"><a href=\\\"whatsapp:\\\/\\\/send\\\/?phone=+34644534515\\\"><i>644 534 515<\\\/i><\\\/a><\\\/h3>\",\"title_element\":\"h1\"}}]}]}],\"name\":\"Politica de privacidad\"}],\"version\":\"4.3.13\"} --><\/p>\n","protected":false},"excerpt":{"rendered":"<p>AV\u00cdS LEGAL Av\u00eds Legal Aquesta web compleix amb la Llei Org\u00e0nica 15\/1999, de 13 de desembre, de Protecci\u00f3 de Dades de Car\u00e0cter Personal (LOPD), i amb el Reial Decret 1720\/2007, de 21 de desembre, conegut com el Reglament de desenvolupament de la LOPD. Compleix tamb\u00e9 amb el Reglament (UE) 2016\/679 del Parlament Europeu i del [&hellip;]<\/p>\n","protected":false},"author":1,"featured_media":0,"parent":0,"menu_order":0,"comment_status":"closed","ping_status":"closed","template":"","meta":{"_acf_changed":false,"_monsterinsights_skip_tracking":false,"_monsterinsights_sitenote_active":false,"_monsterinsights_sitenote_note":"","_monsterinsights_sitenote_category":0,"footnotes":""},"class_list":["post-23547","page","type-page","status-publish","hentry"],"acf":[],"yoast_head":"<!-- This site is optimized with the Yoast SEO plugin v24.6 - https:\/\/yoast.com\/wordpress\/plugins\/seo\/ -->\n<title>Av\u00eds legal | Dr. Mazarro<\/title>\n<meta name=\"description\" content=\"Posa&#039;t en mans d&#039;un especialista en Lifting Deep Plane i aconsegueix la teva millor versi\u00f3. Demana cita: 644 534 515 \/ info@drmazarro.com\" \/>\n<meta name=\"robots\" content=\"noindex, follow\" \/>\n<meta property=\"og:locale\" content=\"ca_ES\" \/>\n<meta property=\"og:type\" content=\"article\" \/>\n<meta property=\"og:title\" content=\"Av\u00eds legal | Dr. Mazarro\" \/>\n<meta property=\"og:description\" content=\"Posa&#039;t en mans d&#039;un especialista en Lifting Deep Plane i aconsegueix la teva millor versi\u00f3. Demana cita: 644 534 515 \/ info@drmazarro.com\" \/>\n<meta property=\"og:url\" content=\"https:\/\/drmazarro.com\/ca\/avis-legal\/\" \/>\n<meta property=\"og:site_name\" content=\"Dr. Mazarro\" \/>\n<meta property=\"article:publisher\" content=\"https:\/\/www.facebook.com\/Dr-Mazarro-Cirug%c3%ada-Est%c3%a9tica-Facial-en-Barcelona-101872084913358\/\" \/>\n<meta property=\"article:modified_time\" content=\"2024-12-26T11:07:54+00:00\" \/>\n<meta property=\"og:image\" content=\"https:\/\/drmazarro.com\/wp-content\/uploads\/2024\/03\/AM-576.png\" \/>\n\t<meta property=\"og:image:width\" content=\"576\" \/>\n\t<meta property=\"og:image:height\" content=\"576\" \/>\n\t<meta property=\"og:image:type\" content=\"image\/png\" \/>\n<meta name=\"twitter:card\" content=\"summary_large_image\" \/>\n<!-- \/ Yoast SEO plugin. -->","yoast_head_json":{"title":"Av\u00eds legal | Dr. Mazarro","description":"Posa't en mans d'un especialista en Lifting Deep Plane i aconsegueix la teva millor versi\u00f3. Demana cita: 644 534 515 \/ info@drmazarro.com","robots":{"index":"noindex","follow":"follow"},"og_locale":"ca_ES","og_type":"article","og_title":"Av\u00eds legal | Dr. Mazarro","og_description":"Posa't en mans d'un especialista en Lifting Deep Plane i aconsegueix la teva millor versi\u00f3. Demana cita: 644 534 515 \/ info@drmazarro.com","og_url":"https:\/\/drmazarro.com\/ca\/avis-legal\/","og_site_name":"Dr. Mazarro","article_publisher":"https:\/\/www.facebook.com\/Dr-Mazarro-Cirug%c3%ada-Est%c3%a9tica-Facial-en-Barcelona-101872084913358\/","article_modified_time":"2024-12-26T11:07:54+00:00","og_image":[{"width":576,"height":576,"url":"https:\/\/drmazarro.com\/wp-content\/uploads\/2024\/03\/AM-576.png","type":"image\/png"}],"twitter_card":"summary_large_image","schema":{"@context":"https:\/\/schema.org","@graph":[{"@type":"WebPage","@id":"https:\/\/drmazarro.com\/ca\/avis-legal\/","url":"https:\/\/drmazarro.com\/ca\/avis-legal\/","name":"Av\u00eds legal | Dr. Mazarro","isPartOf":{"@id":"https:\/\/drmazarro.com\/ca\/#website"},"datePublished":"2024-12-26T11:02:36+00:00","dateModified":"2024-12-26T11:07:54+00:00","description":"Posa't en mans d'un especialista en Lifting Deep Plane i aconsegueix la teva millor versi\u00f3. Demana cita: 644 534 515 \/ info@drmazarro.com","breadcrumb":{"@id":"https:\/\/drmazarro.com\/ca\/avis-legal\/#breadcrumb"},"inLanguage":"ca","potentialAction":[{"@type":"ReadAction","target":["https:\/\/drmazarro.com\/ca\/avis-legal\/"]}]},{"@type":"BreadcrumbList","@id":"https:\/\/drmazarro.com\/ca\/avis-legal\/#breadcrumb","itemListElement":[{"@type":"ListItem","position":1,"name":"Portada","item":"https:\/\/drmazarro.com\/ca\/"},{"@type":"ListItem","position":2,"name":"Av\u00eds legal"}]},{"@type":"WebSite","@id":"https:\/\/drmazarro.com\/ca\/#website","url":"https:\/\/drmazarro.com\/ca\/","name":"Dr. Mazarro","description":"Cirug\u00eda y Medicina Est\u00e9tica Facial en Barcelona","publisher":{"@id":"https:\/\/drmazarro.com\/ca\/#organization"},"potentialAction":[{"@type":"SearchAction","target":{"@type":"EntryPoint","urlTemplate":"https:\/\/drmazarro.com\/ca\/?s={search_term_string}"},"query-input":{"@type":"PropertyValueSpecification","valueRequired":true,"valueName":"search_term_string"}}],"inLanguage":"ca"},{"@type":"Organization","@id":"https:\/\/drmazarro.com\/ca\/#organization","name":"Dr. Mazarro","url":"https:\/\/drmazarro.com\/ca\/","logo":{"@type":"ImageObject","inLanguage":"ca","@id":"https:\/\/drmazarro.com\/ca\/#\/schema\/logo\/image\/","url":"https:\/\/drmazarro.com\/wp-content\/uploads\/2024\/03\/AM-576.png","contentUrl":"https:\/\/drmazarro.com\/wp-content\/uploads\/2024\/03\/AM-576.png","width":576,"height":576,"caption":"Dr. Mazarro"},"image":{"@id":"https:\/\/drmazarro.com\/ca\/#\/schema\/logo\/image\/"},"sameAs":["https:\/\/www.facebook.com\/Dr-Mazarro-Cirug\u00eda-Est\u00e9tica-Facial-en-Barcelona-101872084913358\/","https:\/\/www.instagram.com\/drmazarro_alejandro\/"]}]}},"_links":{"self":[{"href":"https:\/\/drmazarro.com\/ca\/wp-json\/wp\/v2\/pages\/23547","targetHints":{"allow":["GET"]}}],"collection":[{"href":"https:\/\/drmazarro.com\/ca\/wp-json\/wp\/v2\/pages"}],"about":[{"href":"https:\/\/drmazarro.com\/ca\/wp-json\/wp\/v2\/types\/page"}],"author":[{"embeddable":true,"href":"https:\/\/drmazarro.com\/ca\/wp-json\/wp\/v2\/users\/1"}],"replies":[{"embeddable":true,"href":"https:\/\/drmazarro.com\/ca\/wp-json\/wp\/v2\/comments?post=23547"}],"version-history":[{"count":4,"href":"https:\/\/drmazarro.com\/ca\/wp-json\/wp\/v2\/pages\/23547\/revisions"}],"predecessor-version":[{"id":23551,"href":"https:\/\/drmazarro.com\/ca\/wp-json\/wp\/v2\/pages\/23547\/revisions\/23551"}],"wp:attachment":[{"href":"https:\/\/drmazarro.com\/ca\/wp-json\/wp\/v2\/media?parent=23547"}],"curies":[{"name":"wp","href":"https:\/\/api.w.org\/{rel}","templated":true}]}}