{"id":23527,"date":"2024-12-25T23:51:46","date_gmt":"2024-12-25T22:51:46","guid":{"rendered":"https:\/\/drmazarro.com\/?page_id=23527"},"modified":"2025-06-30T00:14:39","modified_gmt":"2025-06-29T22:14:39","slug":"medicina-estetica","status":"publish","type":"page","link":"https:\/\/drmazarro.com\/ca\/medicina-estetica\/","title":{"rendered":"Medicina est\u00e8tica"},"content":{"rendered":"<h1>Medicina Est\u00e8tica<\/h1>\n<hr>\n<ul>\n<li>\n<p><a href=\"\/medicina-estetica\/toxina-botulinica\/\"><\/p>\n<p>Neuromodulaci\u00f3<\/p>\n<p><\/a><\/p>\n<\/li>\n<li>\n<p><a href=\"\/medicina-estetica\/aumento-de-labios\/\"><\/p>\n<p>Disseny de llavis<\/p>\n<p><\/a><\/p>\n<\/li>\n<li>\n<p><a href=\"\/medicina-estetica\/rinomodelacion\/\"><\/p>\n<p>Rinomodelaci\u00f3<\/p>\n<p><\/a><\/p>\n<\/li>\n<li>\n<p><a href=\"\/unidad-tratamientos-laser\/\"><\/p>\n<p>Tractaments LASER<\/p>\n<p><\/a><\/p>\n<\/li>\n<li>\n<p><a href=\"\/medicina-estetica\/hiperhidrosis\/\"><\/p>\n<p>Hiperhidrosi<\/p>\n<p><\/a><\/p>\n<\/li>\n<li>\n<p><a href=\"\/medicina-estetica\/toxina-botulinica-para-el-bruxismo\/\"><\/p>\n<p>Bruxisme<\/p>\n<p><\/a><\/p>\n<\/li>\n<\/ul>\n<p><img decoding=\"async\" src=\"\/wp-content\/uploads\/2016\/08\/PORTFOLIO-CE-1000-7.jpg\" alt=\"\"><\/p>\n<p><!--more--><br \/>\n<!-- {\"type\":\"layout\",\"children\":[{\"type\":\"section\",\"props\":{\"height\":\"viewport\",\"image_position\":\"center-center\",\"style\":\"muted\",\"title_breakpoint\":\"xl\",\"title_position\":\"top-left\",\"title_rotation\":\"left\",\"vertical_align\":\"middle\",\"width\":\"default\"},\"children\":[{\"type\":\"row\",\"children\":[{\"type\":\"column\",\"props\":{\"image_position\":\"center-center\",\"position_sticky_breakpoint\":\"m\",\"width_medium\":\"2-3\"},\"children\":[{\"type\":\"headline\",\"props\":{\"content\":\"Medicina Est\\u00e8tica\",\"text_align\":\"center\",\"title_element\":\"h1\",\"title_style\":\"heading-medium\"}},{\"type\":\"divider\",\"props\":{\"divider_element\":\"hr\"}},{\"type\":\"list\",\"props\":{\"column_breakpoint\":\"m\",\"image_align\":\"left\",\"image_svg_color\":\"emphasis\",\"image_vertical_align\":true,\"list_element\":\"ul\",\"list_horizontal_separator\":\", \",\"list_type\":\"vertical\",\"show_image\":true,\"show_link\":true,\"text_align\":\"center\"},\"children\":[{\"type\":\"list_item\",\"props\":{\"content\":\"\n\n<p>Neuromodulaci\\u00f3<\\\/p>\",\"icon\":\"\",\"icon_color\":\"emphasis\",\"link\":\"medicina-estetica\\\/toxina-botulinica\\\/\"}},{\"type\":\"list_item\",\"props\":{\"content\":\"\n\n<p>Disseny de llavis<\\\/p>\",\"icon\":\"\",\"icon_color\":\"emphasis\",\"link\":\"medicina-estetica\\\/aumento-de-labios\\\/\"}},{\"type\":\"list_item\",\"props\":{\"content\":\"\n\n<p>Rinomodelaci\\u00f3<\\\/p>\",\"icon\":\"\",\"icon_color\":\"emphasis\",\"link\":\"medicina-estetica\\\/rinomodelacion\\\/\"}},{\"type\":\"list_item\",\"props\":{\"content\":\"\n\n<p>Tractaments LASER<\\\/p>\",\"icon\":\"\",\"icon_color\":\"emphasis\",\"link\":\"unidad-tratamientos-laser\\\/\"}},{\"type\":\"list_item\",\"props\":{\"content\":\"\n\n<p>Hiperhidrosi<\\\/p>\",\"icon\":\"\",\"icon_color\":\"emphasis\",\"link\":\"medicina-estetica\\\/hiperhidrosis\\\/\"}},{\"type\":\"list_item\",\"props\":{\"content\":\"\n\n<p>Bruxisme<\\\/p>\",\"icon\":\"\",\"icon_color\":\"emphasis\",\"link\":\"medicina-estetica\\\/toxina-botulinica-para-el-bruxismo\\\/\"}},{\"type\":\"list_item\",\"props\":{\"content\":\"\n\n<p>Belkyra<\\\/p>\",\"icon\":\"chevron-double-right\",\"icon_color\":\"emphasis\",\"link\":\"medicina-estetica\\\/belkyra\\\/\",\"status\":\"disabled\"}},{\"type\":\"list_item\",\"props\":{\"content\":\"\n\n<p>Biorrevitalizaci\\u00f3n<\\\/p>\",\"icon\":\"chevron-double-right\",\"icon_color\":\"emphasis\",\"link\":\"medicina-estetica\\\/biorrevitalizacion\\\/\",\"status\":\"disabled\"}},{\"type\":\"list_item\",\"props\":{\"content\":\"\n\n<p>Peeling Qu\\u00edmico<\\\/p>\",\"icon\":\"chevron-double-right\",\"icon_color\":\"emphasis\",\"link\":\"medicina-estetica\\\/peeling-quimico\\\/\",\"status\":\"disabled\"}}]}]},{\"type\":\"column\",\"props\":{\"image_position\":\"center-center\",\"position_sticky_breakpoint\":\"m\",\"width_medium\":\"1-3\"},\"children\":[{\"type\":\"image\",\"props\":{\"class\":\"uk-visible@l\",\"image\":\"wp-content\\\/uploads\\\/2016\\\/08\\\/PORTFOLIO-CE-1000-7.jpg\",\"image_box_decoration\":\"mask\",\"image_svg_color\":\"emphasis\",\"margin\":\"default\"}}]}],\"props\":{\"layout\":\"2-3,1-3\"}}]}],\"version\":\"4.3.13\"} --><\/p>\n","protected":false},"excerpt":{"rendered":"<p>Medicina Est\u00e8tica Neuromodulaci\u00f3 Disseny de llavis Rinomodelaci\u00f3 Tractaments LASER Hiperhidrosi Bruxisme<\/p>\n","protected":false},"author":1,"featured_media":0,"parent":0,"menu_order":5,"comment_status":"closed","ping_status":"closed","template":"","meta":{"_acf_changed":false,"_monsterinsights_skip_tracking":false,"_monsterinsights_sitenote_active":false,"_monsterinsights_sitenote_note":"","_monsterinsights_sitenote_category":0,"footnotes":""},"class_list":["post-23527","page","type-page","status-publish","hentry"],"acf":[],"yoast_head":"<!-- This site is optimized with the Yoast SEO plugin v27.3 - https:\/\/yoast.com\/product\/yoast-seo-wordpress\/ -->\n<title>Medicina Est\u00e8tica Facial | Dr. Mazarro - Especialista en Lifting Facial<\/title>\n<meta name=\"description\" content=\"Medicina est\u00e8tica facial a Barcelona | Demana cita i recupera la teva millor versi\u00f3! 644 534 515 \/ info@drmazarro.com\" \/>\n<meta name=\"robots\" content=\"index, follow, max-snippet:-1, max-image-preview:large, max-video-preview:-1\" \/>\n<link rel=\"canonical\" href=\"https:\/\/drmazarro.com\/ca\/medicina-estetica\/\" \/>\n<meta property=\"og:locale\" content=\"ca_ES\" \/>\n<meta property=\"og:type\" content=\"article\" \/>\n<meta property=\"og:title\" content=\"Medicina Est\u00e8tica Facial | Dr. Mazarro - Especialista en Lifting Facial\" \/>\n<meta property=\"og:description\" content=\"Medicina est\u00e8tica facial a Barcelona | Demana cita i recupera la teva millor versi\u00f3! 644 534 515 \/ info@drmazarro.com\" \/>\n<meta property=\"og:url\" content=\"https:\/\/drmazarro.com\/ca\/medicina-estetica\/\" \/>\n<meta property=\"og:site_name\" content=\"Dr. Mazarro\" \/>\n<meta property=\"article:publisher\" content=\"https:\/\/www.facebook.com\/Dr-Mazarro-Cirug%c3%ada-Est%c3%a9tica-Facial-en-Barcelona-101872084913358\/\" \/>\n<meta property=\"article:modified_time\" content=\"2025-06-29T22:14:39+00:00\" \/>\n<meta property=\"og:image\" content=\"https:\/\/drmazarro.com\/wp-content\/uploads\/2024\/03\/AM-576.png\" \/>\n\t<meta property=\"og:image:width\" content=\"576\" \/>\n\t<meta property=\"og:image:height\" content=\"576\" \/>\n\t<meta property=\"og:image:type\" content=\"image\/png\" \/>\n<meta name=\"twitter:card\" content=\"summary_large_image\" \/>\n<meta name=\"twitter:label1\" content=\"Temps estimat de lectura\" \/>\n\t<meta name=\"twitter:data1\" content=\"1 minut\" \/>\n<!-- \/ Yoast SEO plugin. -->","yoast_head_json":{"title":"Medicina Est\u00e8tica Facial | Dr. Mazarro - Especialista en Lifting Facial","description":"Medicina est\u00e8tica facial a Barcelona | Demana cita i recupera la teva millor versi\u00f3! 644 534 515 \/ info@drmazarro.com","robots":{"index":"index","follow":"follow","max-snippet":"max-snippet:-1","max-image-preview":"max-image-preview:large","max-video-preview":"max-video-preview:-1"},"canonical":"https:\/\/drmazarro.com\/ca\/medicina-estetica\/","og_locale":"ca_ES","og_type":"article","og_title":"Medicina Est\u00e8tica Facial | Dr. Mazarro - Especialista en Lifting Facial","og_description":"Medicina est\u00e8tica facial a Barcelona | Demana cita i recupera la teva millor versi\u00f3! 644 534 515 \/ info@drmazarro.com","og_url":"https:\/\/drmazarro.com\/ca\/medicina-estetica\/","og_site_name":"Dr. Mazarro","article_publisher":"https:\/\/www.facebook.com\/Dr-Mazarro-Cirug%c3%ada-Est%c3%a9tica-Facial-en-Barcelona-101872084913358\/","article_modified_time":"2025-06-29T22:14:39+00:00","og_image":[{"width":576,"height":576,"url":"https:\/\/drmazarro.com\/wp-content\/uploads\/2024\/03\/AM-576.png","type":"image\/png"}],"twitter_card":"summary_large_image","twitter_misc":{"Temps estimat de lectura":"1 minut"},"schema":{"@context":"https:\/\/schema.org","@graph":[{"@type":"WebPage","@id":"https:\/\/drmazarro.com\/ca\/medicina-estetica\/","url":"https:\/\/drmazarro.com\/ca\/medicina-estetica\/","name":"Medicina Est\u00e8tica Facial | Dr. Mazarro - Especialista en Lifting Facial","isPartOf":{"@id":"https:\/\/drmazarro.com\/ca\/#website"},"datePublished":"2024-12-25T22:51:46+00:00","dateModified":"2025-06-29T22:14:39+00:00","description":"Medicina est\u00e8tica facial a Barcelona | Demana cita i recupera la teva millor versi\u00f3! 644 534 515 \/ info@drmazarro.com","breadcrumb":{"@id":"https:\/\/drmazarro.com\/ca\/medicina-estetica\/#breadcrumb"},"inLanguage":"ca","potentialAction":[{"@type":"ReadAction","target":["https:\/\/drmazarro.com\/ca\/medicina-estetica\/"]}]},{"@type":"BreadcrumbList","@id":"https:\/\/drmazarro.com\/ca\/medicina-estetica\/#breadcrumb","itemListElement":[{"@type":"ListItem","position":1,"name":"Portada","item":"https:\/\/drmazarro.com\/ca\/"},{"@type":"ListItem","position":2,"name":"Medicina est\u00e8tica"}]},{"@type":"WebSite","@id":"https:\/\/drmazarro.com\/ca\/#website","url":"https:\/\/drmazarro.com\/ca\/","name":"Dr. Mazarro","description":"Cirug\u00eda y Medicina Est\u00e9tica Facial en Barcelona","publisher":{"@id":"https:\/\/drmazarro.com\/ca\/#organization"},"potentialAction":[{"@type":"SearchAction","target":{"@type":"EntryPoint","urlTemplate":"https:\/\/drmazarro.com\/ca\/?s={search_term_string}"},"query-input":{"@type":"PropertyValueSpecification","valueRequired":true,"valueName":"search_term_string"}}],"inLanguage":"ca"},{"@type":"Organization","@id":"https:\/\/drmazarro.com\/ca\/#organization","name":"Dr. Mazarro","url":"https:\/\/drmazarro.com\/ca\/","logo":{"@type":"ImageObject","inLanguage":"ca","@id":"https:\/\/drmazarro.com\/ca\/#\/schema\/logo\/image\/","url":"https:\/\/drmazarro.com\/wp-content\/uploads\/2024\/03\/AM-576.png","contentUrl":"https:\/\/drmazarro.com\/wp-content\/uploads\/2024\/03\/AM-576.png","width":576,"height":576,"caption":"Dr. Mazarro"},"image":{"@id":"https:\/\/drmazarro.com\/ca\/#\/schema\/logo\/image\/"},"sameAs":["https:\/\/www.facebook.com\/Dr-Mazarro-Cirug\u00eda-Est\u00e9tica-Facial-en-Barcelona-101872084913358\/","https:\/\/www.instagram.com\/drmazarro_alejandro\/"]}]}},"_links":{"self":[{"href":"https:\/\/drmazarro.com\/ca\/wp-json\/wp\/v2\/pages\/23527","targetHints":{"allow":["GET"]}}],"collection":[{"href":"https:\/\/drmazarro.com\/ca\/wp-json\/wp\/v2\/pages"}],"about":[{"href":"https:\/\/drmazarro.com\/ca\/wp-json\/wp\/v2\/types\/page"}],"author":[{"embeddable":true,"href":"https:\/\/drmazarro.com\/ca\/wp-json\/wp\/v2\/users\/1"}],"replies":[{"embeddable":true,"href":"https:\/\/drmazarro.com\/ca\/wp-json\/wp\/v2\/comments?post=23527"}],"version-history":[{"count":2,"href":"https:\/\/drmazarro.com\/ca\/wp-json\/wp\/v2\/pages\/23527\/revisions"}],"predecessor-version":[{"id":23530,"href":"https:\/\/drmazarro.com\/ca\/wp-json\/wp\/v2\/pages\/23527\/revisions\/23530"}],"wp:attachment":[{"href":"https:\/\/drmazarro.com\/ca\/wp-json\/wp\/v2\/media?parent=23527"}],"curies":[{"name":"wp","href":"https:\/\/api.w.org\/{rel}","templated":true}]}}